{"id":1462,"date":"2015-07-12T13:03:23","date_gmt":"2015-07-12T17:03:23","guid":{"rendered":"https:\/\/parlonscoach.com\/?page_id=1462"},"modified":"2024-11-14T21:29:52","modified_gmt":"2024-11-15T02:29:52","slug":"adn-base","status":"publish","type":"page","link":"https:\/\/www.letstalkcoach.com\/fr\/classe\/adn-base\/","title":{"rendered":"S\u00e9minaire ThetaHealing\u00ae ADN Base"},"content":{"rendered":"\n<hr class=\"wp-block-separator has-css-opacity is-style-wide\"\/>\n\n\n\n<h2 class=\"wp-block-heading has-text-align-center\">S\u00e9minaire ThetaHealing\u00ae ADN Base:<\/h2>\n\n\n\n<p class=\"has-text-align-center\">Veuillez vous inscrire<a href=\"#calendrier\"> ci-dessous<\/a> ou c<em>onsulter notre <a href=\"https:\/\/www.letstalkcoach.com\/fr\/notre-calendrier\/\">calendrier<\/a>&nbsp;afin de voir la liste compl\u00e8te de nos s\u00e9minaires<\/em>.<\/p>\n\n\n\n<div class=\"wp-block-media-text alignwide is-stacked-on-mobile\" style=\"grid-template-columns:20% auto\"><figure class=\"wp-block-media-text__media\"><img loading=\"lazy\" decoding=\"async\" width=\"257\" height=\"181\" src=\"https:\/\/www.letstalkcoach.com\/wp-content\/uploads\/2016\/01\/basic-teach.png\" alt=\"\" class=\"wp-image-6719 size-full\"\/><\/figure><div class=\"wp-block-media-text__content\">\n<p>\u201cCe s\u00e9minaire est d\u2019une dur\u00e9e de 3 jours et sera donn\u00e9 en pr\u00e9sentiel ou en ligne.\u201d<\/p>\n\n\n\n<p>L\u2019ADN de base introduit les techniques de ThetaHealing\u00ae et se concentre sur l\u2019activation des 12 brins d\u2019ADN au sein de chaque participant. Le chronos, ou le chromosome de la jeunesse et de la et la vitalit\u00e9 chromosome est activ\u00e9, les t\u00e9lom\u00e8res sont renforc\u00e9s pour inverser le processus de vieillissement et les \u00e9tudiants \u00e9prouvent une ouverture \u00e0 l\u2019amour inconditionnel du Cr\u00e9ateur.<\/p>\n<\/div><\/div>\n\n\n\n<p class=\"has-small-font-size\">Le c\u0153ur de ce s\u00e9minaire est la pratique des techniques qui vous permettent de changer les modes de vie maintenus en place par des croyances au niveau base, g\u00e9n\u00e9tique, historique et de l&rsquo;\u00e2me, soit auto-inflig\u00e9es ou impos\u00e9es de l&rsquo;ext\u00e9rieur. L&rsquo;\u00e9tudiant devra apprendre \u00e0 identifier son \/ ses propres croyances ainsi que pratiquer \u00e0 les retirer pour les autres \u00e9tudiants dans la classe. Cette pratique peut rapidement r\u00e9v\u00e9ler des syst\u00e8mes de croyances qui pourraient prendre des ann\u00e9es de psychoth\u00e9rapie traditionnelles \u00e0 d\u00e9couvrir, d\u00e9montrant au corps comment remplacer les croyances ou des sentiments limitants avec des positives. Les questions de s\u00e9curit\u00e9 sont mises en \u00e9vidence, en particulier lors de changements g\u00e9n\u00e9tiques dans le corps.<\/p>\n\n\n\n<p class=\"has-small-font-size\">Autres sujets et exercices afin de comprendre lorsque l&rsquo;on travaille avec des guides et des anges gardiens, une introduction aux lois de la manifestation, faire des lectures futur, \u00e9quilibrer les niveaux de s\u00e9rotonine et de la noradr\u00e9naline, retirer les m\u00e9taux lourds et les radiations, les \u00e2mes s\u0153urs, waywards et implants, sept Plans d&rsquo;Existence et les protocoles pour la gu\u00e9rison d&rsquo;une grande vari\u00e9t\u00e9 de conditions de travail et de maladies avec le Cr\u00e9ateur. \u00c0 la fin du s\u00e9minaire, l&rsquo;\u00e9tudiant est pr\u00eat \u00e0 devenir un praticien de ThetaHealing\u00ae en tant que ThetaHealer\u00ae.<\/p>\n\n\n\n<p class=\"has-small-font-size\"><strong>Pr\u00e9-requis<\/strong>&nbsp;: aucun<\/p>\n\n\n\n<p class=\"has-small-font-size\">Pour plus d\u2019information visitez le site: visit <a href=\"http:\/\/www.thetahealing.com\">www.thetahealing.com<\/a><br>Vous recevrez un livre, votre certification et un manuel du s\u00e9minaire.<\/p>\n\n\n\n<hr class=\"wp-block-separator has-css-opacity is-style-wide\"\/>\n\n\n\n<p class=\"has-text-align-center has-small-font-size\" id=\"calendrier\"><strong>Pour vous enregistrer veuillez s\u00e9lectionner la premi\u00e8re date dans le calendrier et suivre les instructions.<\/strong><\/p>\n\n\n\n<div class=\"tbk-frontend\" id=\"tbk-frontend-a7a6\" data-view=\"upcoming\" data-services=\"s_0JhOrZCh91UYy8X9hmItRcwTBIsbqRZy\" data-providers=\"11\" data-readonly=\"false\" data-loggedonly=\"false\" data-max-upcoming=\"0\" data-default-upcoming=\"4\" data-show-more-upcoming=\"false\"><div class=\"tbk-inner-content\"><\/div><\/div>\n","protected":false},"excerpt":{"rendered":"<p>S\u00e9minaire ThetaHealing\u00ae ADN Base: Veuillez vous inscrire ci-dessous ou consulter notre calendrier&nbsp;afin de voir la liste compl\u00e8te de nos s\u00e9minaires. \u201cCe s\u00e9minaire est d\u2019une dur\u00e9e de 3 jours et sera donn\u00e9 en pr\u00e9sentiel ou en ligne.\u201d L\u2019ADN de base introduit les techniques de ThetaHealing\u00ae et se concentre sur l\u2019activation des 12 brins d\u2019ADN au sein&#8230;<\/p>\n","protected":false},"author":8,"featured_media":0,"parent":2015,"menu_order":0,"comment_status":"closed","ping_status":"closed","template":"","meta":{"_seopress_robots_primary_cat":"","_seopress_titles_title":"","_seopress_titles_desc":"","_seopress_robots_index":"","_kad_blocks_custom_css":"","_kad_blocks_head_custom_js":"","_kad_blocks_body_custom_js":"","_kad_blocks_footer_custom_js":"","_kad_post_transparent":"default","_kad_post_title":"default","_kad_post_layout":"left","_kad_post_sidebar_id":"sidebar-secondary","_kad_post_content_style":"","_kad_post_vertical_padding":"","_kad_post_feature":"","_kad_post_feature_position":"","_kad_post_header":false,"_kad_post_footer":false,"_kad_post_classname":"","footnotes":""},"class_list":["post-1462","page","type-page","status-publish","hentry"],"taxonomy_info":[],"featured_image_src_large":false,"author_info":{"display_name":"C Gelinas","author_link":"https:\/\/www.letstalkcoach.com\/fr\/author\/carmen-gelinas\/"},"comment_info":0,"_links":{"self":[{"href":"https:\/\/www.letstalkcoach.com\/fr\/wp-json\/wp\/v2\/pages\/1462","targetHints":{"allow":["GET"]}}],"collection":[{"href":"https:\/\/www.letstalkcoach.com\/fr\/wp-json\/wp\/v2\/pages"}],"about":[{"href":"https:\/\/www.letstalkcoach.com\/fr\/wp-json\/wp\/v2\/types\/page"}],"author":[{"embeddable":true,"href":"https:\/\/www.letstalkcoach.com\/fr\/wp-json\/wp\/v2\/users\/8"}],"replies":[{"embeddable":true,"href":"https:\/\/www.letstalkcoach.com\/fr\/wp-json\/wp\/v2\/comments?post=1462"}],"version-history":[{"count":16,"href":"https:\/\/www.letstalkcoach.com\/fr\/wp-json\/wp\/v2\/pages\/1462\/revisions"}],"predecessor-version":[{"id":8750,"href":"https:\/\/www.letstalkcoach.com\/fr\/wp-json\/wp\/v2\/pages\/1462\/revisions\/8750"}],"up":[{"embeddable":true,"href":"https:\/\/www.letstalkcoach.com\/fr\/wp-json\/wp\/v2\/pages\/2015"}],"wp:attachment":[{"href":"https:\/\/www.letstalkcoach.com\/fr\/wp-json\/wp\/v2\/media?parent=1462"}],"curies":[{"name":"wp","href":"https:\/\/api.w.org\/{rel}","templated":true}]}}