{"id":1497,"date":"2015-07-07T10:22:26","date_gmt":"2015-07-07T14:22:26","guid":{"rendered":"https:\/\/parlonscoach.com\/?page_id=1497"},"modified":"2021-10-27T19:46:06","modified_gmt":"2021-10-27T23:46:06","slug":"seance-coach-de-vie","status":"publish","type":"page","link":"https:\/\/www.letstalkcoach.com\/fr\/seance-coach-de-vie\/","title":{"rendered":"S\u00e9ance &#8211; Coach de vie"},"content":{"rendered":"\n<h2 class=\"wp-block-heading\">Coach de vie<\/h2>\n\n\n\n<p>Avec notre pratique de coach de vie nous aidons nos clients \u00e0&nbsp;faire des changements dans leur vie et \u00e0 accro\u00eetre leur confiance, leur estime de soi et leur bien-\u00eatre. Nous leur&nbsp;proposons une gamme de programmes et de solutions pouvant \u00eatre adapt\u00e9s aux besoins pr\u00e9cis de chaque participant.<\/p>\n\n\n\n<p>Nous les guidons dans l&rsquo;\u00e9tablissement de leurs objectifs et utilisons des lectures \u00e9nerg\u00e9tiques qui leur permettront&nbsp;de gu\u00e9rir leurs traumatismes du pass\u00e9, r\u00e9sistances et blocages envers l&rsquo;amour, l&rsquo;argent et le succ\u00e8s. Cette technique \u00e9nerg\u00e9tique les aidera \u00e0 ce reconnecter \u00e0 leur moi authentique et accomplir leurs r\u00eaves. Le tous les aidera \u00e0 lib\u00e9rer leur stress, anxi\u00e9t\u00e9, peurs, douleurs physiques, \u00e9motionnelles et encore plus et les ouvrira a de nouveaux horizons.<\/p>\n\n\n\n<p>(Service par Zoom, ou t\u00e9l\u00e9phone)<\/p>\n\n\n\n<p>Vous pouvez nous <a href=\"https:\/\/www.letstalkcoach.com\/fr\/contactez-nous\/\" title=\"https:\/\/www.letstalkcoach.com\/fr\/contactez-nous\/\">contacter <\/a>si vous d\u00e9sirez une rencontre d&rsquo;information<\/p>\n\n\n\n<p class=\"has-small-font-size\"><em><strong>Avertissement<\/strong><\/em><em>: Veuillez noter que les informations sur ce site Web et fournies lors de nos s\u00e9ances et s\u00e9minaires ne sont pas destin\u00e9es \u00e0 diagnostiquer, traiter, gu\u00e9rir ou pr\u00e9venir une maladie. Ces informations sont donn\u00e9es uniquement \u00e0 des fins \u00e9ducatives. En aucun cas, les informations sur ce site Web et durant nos s\u00e9ances ou s\u00e9minaires ne doivent \u00eatre consid\u00e9r\u00e9es comme un substitut aux soins m\u00e9dicaux comp\u00e9tents par votre m\u00e9decin ou un autre professionnel de la sant\u00e9.<\/em><\/p>\n","protected":false},"excerpt":{"rendered":"<p>Coach de vie Avec notre pratique de coach de vie nous aidons nos clients \u00e0&nbsp;faire des changements dans leur vie et \u00e0 accro\u00eetre leur confiance, leur estime de soi et leur bien-\u00eatre. Nous leur&nbsp;proposons une gamme de programmes et de solutions pouvant \u00eatre adapt\u00e9s aux besoins pr\u00e9cis de chaque participant. Nous les guidons dans l&rsquo;\u00e9tablissement&#8230;<\/p>\n","protected":false},"author":8,"featured_media":0,"parent":0,"menu_order":0,"comment_status":"closed","ping_status":"closed","template":"template_leftnav_sidebar.php","meta":{"_seopress_robots_primary_cat":"","_seopress_titles_title":"","_seopress_titles_desc":"","_seopress_robots_index":"","_kad_blocks_custom_css":"","_kad_blocks_head_custom_js":"","_kad_blocks_body_custom_js":"","_kad_blocks_footer_custom_js":"","_kad_post_transparent":"","_kad_post_title":"","_kad_post_layout":"","_kad_post_sidebar_id":"","_kad_post_content_style":"","_kad_post_vertical_padding":"","_kad_post_feature":"","_kad_post_feature_position":"","_kad_post_header":false,"_kad_post_footer":false,"_kad_post_classname":"","footnotes":""},"class_list":["post-1497","page","type-page","status-publish","hentry"],"taxonomy_info":[],"featured_image_src_large":false,"author_info":{"display_name":"C Gelinas","author_link":"https:\/\/www.letstalkcoach.com\/fr\/author\/carmen-gelinas\/"},"comment_info":0,"_links":{"self":[{"href":"https:\/\/www.letstalkcoach.com\/fr\/wp-json\/wp\/v2\/pages\/1497","targetHints":{"allow":["GET"]}}],"collection":[{"href":"https:\/\/www.letstalkcoach.com\/fr\/wp-json\/wp\/v2\/pages"}],"about":[{"href":"https:\/\/www.letstalkcoach.com\/fr\/wp-json\/wp\/v2\/types\/page"}],"author":[{"embeddable":true,"href":"https:\/\/www.letstalkcoach.com\/fr\/wp-json\/wp\/v2\/users\/8"}],"replies":[{"embeddable":true,"href":"https:\/\/www.letstalkcoach.com\/fr\/wp-json\/wp\/v2\/comments?post=1497"}],"version-history":[{"count":2,"href":"https:\/\/www.letstalkcoach.com\/fr\/wp-json\/wp\/v2\/pages\/1497\/revisions"}],"predecessor-version":[{"id":7225,"href":"https:\/\/www.letstalkcoach.com\/fr\/wp-json\/wp\/v2\/pages\/1497\/revisions\/7225"}],"wp:attachment":[{"href":"https:\/\/www.letstalkcoach.com\/fr\/wp-json\/wp\/v2\/media?parent=1497"}],"curies":[{"name":"wp","href":"https:\/\/api.w.org\/{rel}","templated":true}]}}