{"id":1584,"date":"2015-07-12T13:04:13","date_gmt":"2015-07-12T17:04:13","guid":{"rendered":"https:\/\/parlonscoach.com\/?page_id=1584"},"modified":"2023-08-27T16:15:59","modified_gmt":"2023-08-27T20:15:59","slug":"manifestation","status":"publish","type":"page","link":"https:\/\/www.letstalkcoach.com\/fr\/classe\/manifestation\/","title":{"rendered":"S\u00e9minaire ThetaHealing\u00ae Manifestations et abondance"},"content":{"rendered":"\n<h2 class=\"wp-block-heading has-text-align-center\">S\u00e9minaire&nbsp;ThetaHealing\u00ae Manifestations et abondance<\/h2>\n\n\n\n<p class=\"has-text-align-center has-small-font-size\"><em>Veuillez vous inscrire <a href=\"#calendrier\">ci-dessous<\/a> ou c<em>onsulter notre <a href=\"https:\/\/www.letstalkcoach.com\/fr\/notre-calendrier\/\">calendrier<\/a>&nbsp;afin de voir la liste compl\u00e8te de nos s\u00e9minaires<\/em>.<\/em><\/p>\n\n\n\n<div class=\"wp-block-media-text alignwide is-stacked-on-mobile\" style=\"grid-template-columns:17% auto\"><figure class=\"wp-block-media-text__media\"><img loading=\"lazy\" decoding=\"async\" width=\"791\" height=\"1024\" src=\"https:\/\/www.letstalkcoach.com\/wp-content\/uploads\/2016\/09\/Manifesting-and-Abundance-791x1024.jpg\" alt=\"\" class=\"wp-image-2345 size-full\" srcset=\"https:\/\/www.letstalkcoach.com\/wp-content\/uploads\/2016\/09\/Manifesting-and-Abundance-791x1024.jpg 791w, https:\/\/www.letstalkcoach.com\/wp-content\/uploads\/2016\/09\/Manifesting-and-Abundance-232x300.jpg 232w, https:\/\/www.letstalkcoach.com\/wp-content\/uploads\/2016\/09\/Manifesting-and-Abundance-768x994.jpg 768w, https:\/\/www.letstalkcoach.com\/wp-content\/uploads\/2016\/09\/Manifesting-and-Abundance-1187x1536.jpg 1187w, https:\/\/www.letstalkcoach.com\/wp-content\/uploads\/2016\/09\/Manifesting-and-Abundance-1583x2048.jpg 1583w, https:\/\/www.letstalkcoach.com\/wp-content\/uploads\/2016\/09\/Manifesting-and-Abundance-625x809.jpg 625w, https:\/\/www.letstalkcoach.com\/wp-content\/uploads\/2016\/09\/Manifesting-and-Abundance-937x1213.jpg 937w, https:\/\/www.letstalkcoach.com\/wp-content\/uploads\/2016\/09\/Manifesting-and-Abundance-1250x1618.jpg 1250w, https:\/\/www.letstalkcoach.com\/wp-content\/uploads\/2016\/09\/Manifesting-and-Abundance-483x625.jpg 483w, https:\/\/www.letstalkcoach.com\/wp-content\/uploads\/2016\/09\/Manifesting-and-Abundance-362x468.jpg 362w, https:\/\/www.letstalkcoach.com\/wp-content\/uploads\/2016\/09\/Manifesting-and-Abundance-321x416.jpg 321w, https:\/\/www.letstalkcoach.com\/wp-content\/uploads\/2016\/09\/Manifesting-and-Abundance-271x351.jpg 271w, https:\/\/www.letstalkcoach.com\/wp-content\/uploads\/2016\/09\/Manifesting-and-Abundance-241x312.jpg 241w, https:\/\/www.letstalkcoach.com\/wp-content\/uploads\/2016\/09\/Manifesting-and-Abundance-scaled.jpg 1978w\" sizes=\"auto, (max-width: 791px) 100vw, 791px\" \/><\/figure><div class=\"wp-block-media-text__content\">\n<p>\u201cCe s\u00e9minaire est d\u2019une dur\u00e9e de 2 jours et donn\u00e9 sera donn\u00e9 en pr\u00e9sentiel ou en ligne.\u201d<\/p>\n\n\n\n<p>En ThetaHealing\u00ae, le concept de manifester est la croyance qu\u2019il est possible de cr\u00e9er quelque chose dans le monde physique en utilisant la connexion avec le Cr\u00e9ateur de Tout Ce Qui Est. Chaque d\u00e9claration, pens\u00e9e et action se traduisent par ce que nous manifestons dans nos vies.<\/p>\n<\/div><\/div>\n\n\n\n<p class=\"has-small-font-size\">Toutes d\u00e9cisions sont prises \u00e0 partir du miroir qui reflet ce que nous choisissons de cr\u00e9er. Ce que nous pensons et disons ont un impact direct sur nos manifestations, soit pour notre avantage ou d\u00e9triment. Si vous dites constamment que vous \u00eates pauvre, vous le serez. Si vous dites constamment et pensez que vous \u00eates financi\u00e8rement abondant, vous le serez. Il est de la plus haute importance que vous restiez dans un \u00e9tat d\u2019esprit positif.<\/p>\n\n\n\n<p class=\"has-small-font-size\"><br>La v\u00e9rit\u00e9 est que nous cr\u00e9ons notre propre r\u00e9alit\u00e9 et il est possible de manifester le meilleur que le monde a \u00e0 nous offrir. Mais vous devez d\u2019abord d\u00e9cider ce que vous voulez dans votre vie. Avez-vous un r\u00eave de vivre la vie que vous voulez? Beaucoup ont des r\u00eaves, mais pas dans cette r\u00e9alit\u00e9, et ce malgr\u00e9 beaucoup de recherches.<br>Ce s\u00e9minare utilise un questionnaire exceptionnel pour vous aider \u00e0 trouver les nombreux blocages surprenants et profond\u00e9ment cach\u00e9s dans votre esprit qui vous emp\u00eache d\u2019atteindre vos objectifs. Il vous montre comment creuser profond\u00e9ment afin de les enlever; vous enseigne l\u2019intention et le Timing Divin (Divine timing), suivie de la fa\u00e7on de faire tourner tout en votre faveur. Vous \u00eates alors donn\u00e9s de nouveaux sentiments positifs dont vous avez besoin pour \u00e9tablir l\u2019abondance dans votre vie.<\/p>\n\n\n\n<p class=\"has-small-font-size\"><br>Beaucoup de gens tentent d\u2019utiliser la technique du ThetaHealing\u00ae pour t\u00e9l\u00e9charger la r\u00e9ussite financi\u00e8re compl\u00e8te sans d\u2019abord se tester \u00e9nerg\u00e9tiquement afin de trouver ce qui peut les bloquer. Dans certains cas, ces gens se f\u00e2chent quand ils n\u2019obtiennent pas des r\u00e9sultats imm\u00e9diats.<\/p>\n\n\n\n<p class=\"has-small-font-size\"><br>Dans cette classe, vous apprendrez comment effacer ces blocages, comment faire un plan pour d\u00e9finir vos intentions et poursuivre vos id\u00e9es afin d\u2019obtenir du succ\u00e8s. Cela n\u2019est pas un manuel pour devenir riche rapidement, mais plut\u00f4t un outil universel de d\u00e9couverte de soi qui vous aidera \u00e0 utiliser votre plein potentiel pour devenir riche dans tous les aspects de votre vie.<\/p>\n\n\n\n<p class=\"has-small-font-size\"><br>La classe de ThetaHealing\u00ae Manifester et Abondance comprend les crit\u00e8res suivants et est enseign\u00e9e par un instructeur certifi\u00e9 en ThetaHealing\u00ae:<\/p>\n\n\n\n<ul class=\"wp-block-list\">\n<li>T\u00e9l\u00e9chargements de manifestation, manifest\u00e9 dans un \u00c9tat Theta<\/li>\n\n\n\n<li>Comment les blocages sur l&rsquo;abondance sont rarement \u00e0 propos de l&rsquo;argent.<\/li>\n\n\n\n<li>Manifester \u00e0 partir de la septi\u00e8me dimension:<\/li>\n\n\n\n<li>Exercices pour supprimer vos blocages<\/li>\n\n\n\n<li>Exercice: Timing Divin<\/li>\n\n\n\n<li>Exercice: Se souvenir de votre futur<\/li>\n\n\n\n<li>Exercice: Je suis coinc\u00e9<\/li>\n\n\n\n<li>Exercice: Comment cr\u00e9er votre avenir \u00e0 partir de la septi\u00e8me dimension et manifest\u00e9 de la plus haute et meilleure fa\u00e7on<\/li>\n\n\n\n<li>Exercice: B\u00e9nir votre argent<\/li>\n<\/ul>\n\n\n\n<p class=\"has-small-font-size\"><strong>Pr\u00e9-requis&nbsp;<\/strong>: <a href=\"https:\/\/www.letstalkcoach.com\/fr\/ottawa-classes-thetahealing\/adn-base\/\">ThetaHealing\u00ae ADN de base<\/a>,&nbsp;<a href=\"https:\/\/www.letstalkcoach.com\/fr\/ottawa-classes-thetahealing\/adn-avance\/\">ThetaHealing\u00ae ADN avanc\u00e9<\/a>&nbsp;et <a href=\"https:\/\/www.letstalkcoach.com\/fr\/ottawa-classes-thetahealing\/approfondissement\/\">Travail d&rsquo;approfondissement<\/a><\/p>\n\n\n\n<p class=\"has-small-font-size\">Pour plus d\u2019information visitez le site: visit <a href=\"http:\/\/www.thetahealing.com\">www.thetahealing.com<\/a><br>Vous recevrez un manuel de s\u00e9minaire ainsi que votre certification.<\/p>\n\n\n\n<hr class=\"wp-block-separator has-css-opacity is-style-wide\"\/>\n\n\n\n<p class=\"has-text-align-center has-small-font-size\" id=\"calendrier\"><strong>Pour vous enregistrer veuillez s\u00e9lectionner la premi\u00e8re date dans le calendrier et suivre les instructions.<\/strong><\/p>\n\n\n\n<div class=\"tbk-frontend\" id=\"tbk-frontend-e7ec\" data-view=\"upcoming\" data-services=\"manifesting-seminar\" data-providers=\"11\" data-readonly=\"false\" data-loggedonly=\"false\" data-max-upcoming=\"0\" data-default-upcoming=\"4\" data-show-more-upcoming=\"false\"><div class=\"tbk-inner-content\"><\/div><\/div>\n\n\n\n<hr class=\"wp-block-separator has-css-opacity is-style-wide\"\/>\n","protected":false},"excerpt":{"rendered":"<p>S\u00e9minaire&nbsp;ThetaHealing\u00ae Manifestations et abondance Veuillez vous inscrire ci-dessous ou consulter notre calendrier&nbsp;afin de voir la liste compl\u00e8te de nos s\u00e9minaires. \u201cCe s\u00e9minaire est d\u2019une dur\u00e9e de 2 jours et donn\u00e9 sera donn\u00e9 en pr\u00e9sentiel ou en ligne.\u201d En ThetaHealing\u00ae, le concept de manifester est la croyance qu\u2019il est possible de cr\u00e9er quelque chose dans le&#8230;<\/p>\n","protected":false},"author":8,"featured_media":0,"parent":2015,"menu_order":0,"comment_status":"closed","ping_status":"closed","template":"","meta":{"_seopress_robots_primary_cat":"","_seopress_titles_title":"","_seopress_titles_desc":"","_seopress_robots_index":"","_kad_blocks_custom_css":"","_kad_blocks_head_custom_js":"","_kad_blocks_body_custom_js":"","_kad_blocks_footer_custom_js":"","_kad_post_transparent":"disable","_kad_post_title":"hide","_kad_post_layout":"left","_kad_post_sidebar_id":"sidebar-secondary","_kad_post_content_style":"","_kad_post_vertical_padding":"","_kad_post_feature":"","_kad_post_feature_position":"","_kad_post_header":false,"_kad_post_footer":false,"_kad_post_classname":"","footnotes":""},"class_list":["post-1584","page","type-page","status-publish","hentry"],"taxonomy_info":[],"featured_image_src_large":false,"author_info":{"display_name":"C Gelinas","author_link":"https:\/\/www.letstalkcoach.com\/fr\/author\/carmen-gelinas\/"},"comment_info":0,"_links":{"self":[{"href":"https:\/\/www.letstalkcoach.com\/fr\/wp-json\/wp\/v2\/pages\/1584","targetHints":{"allow":["GET"]}}],"collection":[{"href":"https:\/\/www.letstalkcoach.com\/fr\/wp-json\/wp\/v2\/pages"}],"about":[{"href":"https:\/\/www.letstalkcoach.com\/fr\/wp-json\/wp\/v2\/types\/page"}],"author":[{"embeddable":true,"href":"https:\/\/www.letstalkcoach.com\/fr\/wp-json\/wp\/v2\/users\/8"}],"replies":[{"embeddable":true,"href":"https:\/\/www.letstalkcoach.com\/fr\/wp-json\/wp\/v2\/comments?post=1584"}],"version-history":[{"count":6,"href":"https:\/\/www.letstalkcoach.com\/fr\/wp-json\/wp\/v2\/pages\/1584\/revisions"}],"predecessor-version":[{"id":8413,"href":"https:\/\/www.letstalkcoach.com\/fr\/wp-json\/wp\/v2\/pages\/1584\/revisions\/8413"}],"up":[{"embeddable":true,"href":"https:\/\/www.letstalkcoach.com\/fr\/wp-json\/wp\/v2\/pages\/2015"}],"wp:attachment":[{"href":"https:\/\/www.letstalkcoach.com\/fr\/wp-json\/wp\/v2\/media?parent=1584"}],"curies":[{"name":"wp","href":"https:\/\/api.w.org\/{rel}","templated":true}]}}