{"id":1585,"date":"2015-07-12T13:03:49","date_gmt":"2015-07-12T17:03:49","guid":{"rendered":"https:\/\/parlonscoach.com\/?page_id=1585"},"modified":"2024-11-14T21:30:21","modified_gmt":"2024-11-15T02:30:21","slug":"adn-avance","status":"publish","type":"page","link":"https:\/\/www.letstalkcoach.com\/fr\/classe\/adn-avance\/","title":{"rendered":"S\u00e9minaire ThetaHealing\u00ae ADN Avanc\u00e9"},"content":{"rendered":"\n<hr class=\"wp-block-separator has-css-opacity is-style-wide\"\/>\n\n\n\n<h1 class=\"wp-block-heading has-text-align-center\" style=\"font-size:40px\"><strong>S\u00e9minaire ThetaHealing\u00ae ADN Avanc\u00e9:<\/strong><\/h1>\n\n\n\n<p class=\"has-text-align-center has-small-font-size\">Veuillez vous inscrire <a href=\"#calendrier\">ci-dessous<\/a> ou c<em>onsulter notre <a href=\"https:\/\/www.letstalkcoach.com\/fr\/notre-calendrier\/\">calendrier<\/a>&nbsp;afin de voir la liste compl\u00e8te de nos s\u00e9minaires.<\/em><\/p>\n\n\n\n<div class=\"wp-block-media-text alignwide is-stacked-on-mobile\" style=\"grid-template-columns:15% auto\"><figure class=\"wp-block-media-text__media\"><img loading=\"lazy\" decoding=\"async\" width=\"791\" height=\"1024\" src=\"https:\/\/www.letstalkcoach.com\/wp-content\/uploads\/2016\/09\/ADVANCED-DNA-791x1024.jpg\" alt=\"\" class=\"wp-image-2335 size-full\" srcset=\"https:\/\/www.letstalkcoach.com\/wp-content\/uploads\/2016\/09\/ADVANCED-DNA-791x1024.jpg 791w, https:\/\/www.letstalkcoach.com\/wp-content\/uploads\/2016\/09\/ADVANCED-DNA-232x300.jpg 232w, https:\/\/www.letstalkcoach.com\/wp-content\/uploads\/2016\/09\/ADVANCED-DNA-768x994.jpg 768w, https:\/\/www.letstalkcoach.com\/wp-content\/uploads\/2016\/09\/ADVANCED-DNA-1187x1536.jpg 1187w, https:\/\/www.letstalkcoach.com\/wp-content\/uploads\/2016\/09\/ADVANCED-DNA-1583x2048.jpg 1583w, https:\/\/www.letstalkcoach.com\/wp-content\/uploads\/2016\/09\/ADVANCED-DNA-625x809.jpg 625w, https:\/\/www.letstalkcoach.com\/wp-content\/uploads\/2016\/09\/ADVANCED-DNA-937x1213.jpg 937w, https:\/\/www.letstalkcoach.com\/wp-content\/uploads\/2016\/09\/ADVANCED-DNA-1250x1618.jpg 1250w, https:\/\/www.letstalkcoach.com\/wp-content\/uploads\/2016\/09\/ADVANCED-DNA-483x625.jpg 483w, https:\/\/www.letstalkcoach.com\/wp-content\/uploads\/2016\/09\/ADVANCED-DNA-362x468.jpg 362w, https:\/\/www.letstalkcoach.com\/wp-content\/uploads\/2016\/09\/ADVANCED-DNA-321x416.jpg 321w, https:\/\/www.letstalkcoach.com\/wp-content\/uploads\/2016\/09\/ADVANCED-DNA-271x351.jpg 271w, https:\/\/www.letstalkcoach.com\/wp-content\/uploads\/2016\/09\/ADVANCED-DNA-241x312.jpg 241w, https:\/\/www.letstalkcoach.com\/wp-content\/uploads\/2016\/09\/ADVANCED-DNA-scaled.jpg 1978w\" sizes=\"auto, (max-width: 791px) 100vw, 791px\" \/><\/figure><div class=\"wp-block-media-text__content\">\n<p>\u00ab\u00a0Ce s\u00e9minaire est d&rsquo;une dur\u00e9e de 3 jours et sera donn\u00e9 en pr\u00e9sentiel ou en ligne.\u00a0\u00bb<\/p>\n\n\n\n<p>Le ThetaHealing\u00ae s\u00e9minaire avanc\u00e9&nbsp;\u00e9largit l&rsquo;information du s\u00e9minaire de base pour englober une compr\u00e9hension plus approfondit des sept plans d&rsquo;existence qui nous entourent. Ce s\u00e9minaire est l&rsquo;application pratique des techniques de base!<\/p>\n<\/div><\/div>\n\n\n\n<p class=\"has-small-font-size\">L&rsquo;\u00e9tudiant apprendra comment effacer des vieux ressentiments, des v\u0153ux et des engagements qui les retiennent. L&rsquo;\u00e9tudiant va d\u00e9couvrir comment gu\u00e9rir avec le \u00ab\u00a0b\u00e9b\u00e9 dans l&rsquo;ut\u00e9rus\u00bb et \u00abgu\u00e9rir l&rsquo;\u00e2me bris\u00e9\u00a0\u00bb exercices.<\/p>\n\n\n\n<p class=\"has-small-font-size\">L&rsquo;\u00e9tudiant recevra des t\u00e9l\u00e9chargements de sentiments de la part partir de l&rsquo;instructeur ce qui leur apportera une gu\u00e9rison profonde et de l&rsquo;illuminant pour eux. Ce s\u00e9minaire est une exp\u00e9rience d\u00e9licieuse \u00e9tant donn\u00e9 que les \u00e9tudiants sont t\u00e9l\u00e9charg\u00e9s avec beaucoup de nouveaux sentiments positifs tels que de savoir comment vivre dans le pr\u00e9sent et ce que veut dire l&rsquo;acceptation de soi du septi\u00e8me Plan.<\/p>\n\n\n\n<p class=\"has-small-font-size\"><strong>Pr\u00e9-requis<\/strong>: <a href=\"https:\/\/www.letstalkcoach.com\/fr\/ottawa-classes-thetahealing\/adn-base\/\">ThetaHealing\u00ae ADN de base<\/a><\/p>\n\n\n\n<p class=\"has-small-font-size\">Pour plus d\u2019information visitez le site: visit <a href=\"http:\/\/www.thetahealing.com\">www.thetahealing.com<\/a><br>Vous recevrez un livre, votre certification et un manuel du s\u00e9minaire.<\/p>\n\n\n\n<hr class=\"wp-block-separator has-css-opacity is-style-wide\"\/>\n\n\n\n<p class=\"has-text-align-center has-small-font-size\" id=\"calendrier\"><strong>Pour vous enregistrer veuillez s\u00e9lectionner la premi\u00e8re date dans le calendrier et suivre les instructions.<\/strong><\/p>\n\n\n\n<div class=\"tbk-frontend\" id=\"tbk-frontend-e32a\" data-view=\"upcoming\" data-services=\"s_F2vQJal2yjI5Jqsqa5SiCF58yA08ldYA\" data-providers=\"11\" data-readonly=\"false\" data-loggedonly=\"false\" data-max-upcoming=\"0\" data-default-upcoming=\"4\" data-show-more-upcoming=\"false\"><div class=\"tbk-inner-content\"><\/div><\/div>\n\n\n\n<hr class=\"wp-block-separator has-css-opacity is-style-wide\"\/>\n","protected":false},"excerpt":{"rendered":"<p>S\u00e9minaire ThetaHealing\u00ae ADN Avanc\u00e9: Veuillez vous inscrire ci-dessous ou consulter notre calendrier&nbsp;afin de voir la liste compl\u00e8te de nos s\u00e9minaires. \u00ab\u00a0Ce s\u00e9minaire est d&rsquo;une dur\u00e9e de 3 jours et sera donn\u00e9 en pr\u00e9sentiel ou en ligne.\u00a0\u00bb Le ThetaHealing\u00ae s\u00e9minaire avanc\u00e9&nbsp;\u00e9largit l&rsquo;information du s\u00e9minaire de base pour englober une compr\u00e9hension plus approfondit des sept plans d&rsquo;existence&#8230;<\/p>\n","protected":false},"author":8,"featured_media":0,"parent":2015,"menu_order":0,"comment_status":"closed","ping_status":"closed","template":"","meta":{"_seopress_robots_primary_cat":"","_seopress_titles_title":"","_seopress_titles_desc":"","_seopress_robots_index":"","_kad_blocks_custom_css":"","_kad_blocks_head_custom_js":"","_kad_blocks_body_custom_js":"","_kad_blocks_footer_custom_js":"","_kad_post_transparent":"","_kad_post_title":"","_kad_post_layout":"left","_kad_post_sidebar_id":"sidebar-secondary","_kad_post_content_style":"","_kad_post_vertical_padding":"","_kad_post_feature":"","_kad_post_feature_position":"","_kad_post_header":false,"_kad_post_footer":false,"_kad_post_classname":"","footnotes":""},"class_list":["post-1585","page","type-page","status-publish","hentry"],"taxonomy_info":[],"featured_image_src_large":false,"author_info":{"display_name":"C Gelinas","author_link":"https:\/\/www.letstalkcoach.com\/fr\/author\/carmen-gelinas\/"},"comment_info":0,"_links":{"self":[{"href":"https:\/\/www.letstalkcoach.com\/fr\/wp-json\/wp\/v2\/pages\/1585","targetHints":{"allow":["GET"]}}],"collection":[{"href":"https:\/\/www.letstalkcoach.com\/fr\/wp-json\/wp\/v2\/pages"}],"about":[{"href":"https:\/\/www.letstalkcoach.com\/fr\/wp-json\/wp\/v2\/types\/page"}],"author":[{"embeddable":true,"href":"https:\/\/www.letstalkcoach.com\/fr\/wp-json\/wp\/v2\/users\/8"}],"replies":[{"embeddable":true,"href":"https:\/\/www.letstalkcoach.com\/fr\/wp-json\/wp\/v2\/comments?post=1585"}],"version-history":[{"count":15,"href":"https:\/\/www.letstalkcoach.com\/fr\/wp-json\/wp\/v2\/pages\/1585\/revisions"}],"predecessor-version":[{"id":8751,"href":"https:\/\/www.letstalkcoach.com\/fr\/wp-json\/wp\/v2\/pages\/1585\/revisions\/8751"}],"up":[{"embeddable":true,"href":"https:\/\/www.letstalkcoach.com\/fr\/wp-json\/wp\/v2\/pages\/2015"}],"wp:attachment":[{"href":"https:\/\/www.letstalkcoach.com\/fr\/wp-json\/wp\/v2\/media?parent=1585"}],"curies":[{"name":"wp","href":"https:\/\/api.w.org\/{rel}","templated":true}]}}