{"id":2012,"date":"2015-11-12T10:43:06","date_gmt":"2015-11-12T14:43:06","guid":{"rendered":"https:\/\/parlonscoach.com\/?page_id=2012"},"modified":"2023-08-22T19:43:20","modified_gmt":"2023-08-22T23:43:20","slug":"ottawa-thetahealing","status":"publish","type":"page","link":"https:\/\/www.letstalkcoach.com\/fr\/ottawa-thetahealing\/","title":{"rendered":"Technique du ThetaHealing\u00ae"},"content":{"rendered":"\n<h2 class=\"wp-block-heading has-text-align-center\">Technique du ThetaHealing\u00ae<\/h2>\n\n\n\n<p>La technique ThetaHealing \u00ae  a \u00e9t\u00e9 cr\u00e9\u00e9e par Vianna Stibal en 1995 au cours de son cheminement personnel vers la sant\u00e9.<\/p>\n\n\n\n<p>La technique ThetaHealing\u00ae est une technique de m\u00e9ditation et une philosophie spirituelle &#8211; non sp\u00e9cifiques \u00e0 une religion mais les acceptant toutes &#8211; son but est de se rapprocher du Cr\u00e9ateur. C&rsquo;est une m\u00e9thode d&rsquo;entra\u00eenement pour votre esprit, votre corps et votre esprit qui vous permet d&rsquo;\u00e9liminer les croyances limitantes et de vivre la vie avec des pens\u00e9es positives, en d\u00e9veloppant des vertus dans tout ce que vous faites. Par la m\u00e9ditation et la pri\u00e8re, la technique ThetaHealing\u00ae cr\u00e9e un style de vie positif.<\/p>\n\n\n\n<p>La technique ThetaHealing\u00ae  est toujours enseign\u00e9e pour \u00eatre utilis\u00e9e en conjonction avec la m\u00e9decine conventionnelle. Il enseigne comment mettre \u00e0 profit sa propre intuition, en s&rsquo;appuyant sur l&rsquo;amour inconditionnel du Cr\u00e9ateur de tout ce qui est pour faire le v\u00e9ritable \u00ab&nbsp;travail&nbsp;\u00bb. Nous pensons qu&rsquo;en modifiant votre cycle d&rsquo;ondes c\u00e9r\u00e9brales pour inclure l&rsquo;\u00e9tat \u00ab&nbsp;Th\u00eata&nbsp;\u00bb, vous pouvez r\u00e9ellement regarder le Cr\u00e9ateur De Tout Ce Qui Est cr\u00e9er un bien-\u00eatre physique et \u00e9motionnel instantan\u00e9. Nous avons appris que gr\u00e2ce \u00e0 la technique ThetaHealing\u00ae , les capacit\u00e9s intuitives peuvent \u00eatre utilis\u00e9es pour apporter un bien-\u00eatre physique et \u00e9motionnel spontan\u00e9.<\/p>\n\n\n\n<h2 class=\"wp-block-heading has-text-align-center\"><a href=\"https:\/\/www.letstalkcoach.com\/fr\/notre-calendrier\/\">Calendrier<\/a><\/h2>\n\n\n\n<h2 class=\"wp-block-heading has-text-align-center\"><a href=\"https:\/\/www.letstalkcoach.com\/fr\/classe\/\">Liste des s\u00e9minaires<\/a><\/h2>\n\n\n\n<p>ThetaHealing\u00ae est une marque enregistr\u00e9 de Vianna Stibal.<\/p>\n\n\n\n<hr class=\"wp-block-separator has-css-opacity is-style-wide\"\/>\n","protected":false},"excerpt":{"rendered":"<p>Technique du ThetaHealing\u00ae La technique ThetaHealing \u00ae a \u00e9t\u00e9 cr\u00e9\u00e9e par Vianna Stibal en 1995 au cours de son cheminement personnel vers la sant\u00e9. La technique ThetaHealing\u00ae est une technique de m\u00e9ditation et une philosophie spirituelle &#8211; non sp\u00e9cifiques \u00e0 une religion mais les acceptant toutes &#8211; son but est de se rapprocher du Cr\u00e9ateur&#8230;.<\/p>\n","protected":false},"author":8,"featured_media":0,"parent":0,"menu_order":0,"comment_status":"closed","ping_status":"closed","template":"","meta":{"_seopress_robots_primary_cat":"","_seopress_titles_title":"","_seopress_titles_desc":"","_seopress_robots_index":"","_kad_blocks_custom_css":"","_kad_blocks_head_custom_js":"","_kad_blocks_body_custom_js":"","_kad_blocks_footer_custom_js":"","_kad_post_transparent":"disable","_kad_post_title":"hide","_kad_post_layout":"","_kad_post_sidebar_id":"","_kad_post_content_style":"","_kad_post_vertical_padding":"","_kad_post_feature":"","_kad_post_feature_position":"","_kad_post_header":false,"_kad_post_footer":false,"_kad_post_classname":"","footnotes":""},"class_list":["post-2012","page","type-page","status-publish","hentry"],"taxonomy_info":[],"featured_image_src_large":false,"author_info":{"display_name":"C Gelinas","author_link":"https:\/\/www.letstalkcoach.com\/fr\/author\/carmen-gelinas\/"},"comment_info":0,"_links":{"self":[{"href":"https:\/\/www.letstalkcoach.com\/fr\/wp-json\/wp\/v2\/pages\/2012","targetHints":{"allow":["GET"]}}],"collection":[{"href":"https:\/\/www.letstalkcoach.com\/fr\/wp-json\/wp\/v2\/pages"}],"about":[{"href":"https:\/\/www.letstalkcoach.com\/fr\/wp-json\/wp\/v2\/types\/page"}],"author":[{"embeddable":true,"href":"https:\/\/www.letstalkcoach.com\/fr\/wp-json\/wp\/v2\/users\/8"}],"replies":[{"embeddable":true,"href":"https:\/\/www.letstalkcoach.com\/fr\/wp-json\/wp\/v2\/comments?post=2012"}],"version-history":[{"count":7,"href":"https:\/\/www.letstalkcoach.com\/fr\/wp-json\/wp\/v2\/pages\/2012\/revisions"}],"predecessor-version":[{"id":8271,"href":"https:\/\/www.letstalkcoach.com\/fr\/wp-json\/wp\/v2\/pages\/2012\/revisions\/8271"}],"wp:attachment":[{"href":"https:\/\/www.letstalkcoach.com\/fr\/wp-json\/wp\/v2\/media?parent=2012"}],"curies":[{"name":"wp","href":"https:\/\/api.w.org\/{rel}","templated":true}]}}