{"id":2015,"date":"2015-11-12T10:42:53","date_gmt":"2015-11-12T14:42:53","guid":{"rendered":"https:\/\/parlonscoach.com\/?page_id=2015"},"modified":"2023-08-22T19:46:26","modified_gmt":"2023-08-22T23:46:26","slug":"classe","status":"publish","type":"page","link":"https:\/\/www.letstalkcoach.com\/fr\/classe\/","title":{"rendered":"S\u00e9minaires ThetaHealing\u00ae"},"content":{"rendered":"\n<h1 class=\"wp-block-heading has-text-align-center\"><strong>S\u00e9minaires<\/strong> ThetaHealing\u00ae<\/h1>\n\n\n\n<p class=\"has-small-font-size\">Lorsque vous prenez vos cours ThetaHealing\u00ae avec nous, vous entreprendrez un voyage personnel qui vous durera toute la vie. Vous recevrez les outils et les techniques pour lib\u00e9rer des croyances n\u00e9gatifs, de vieilles blessures et des m\u00e9moires g\u00e9n\u00e9tiques qui vous emp\u00eachent d&rsquo;atteindre votre plein potentiel.<\/p>\n\n\n\n<p class=\"has-small-font-size\">Pendant les formations ThetaHealing\u00ae, vous apprendrez aussi \u00e0 aller directement \u00e0 la source et \u00e0 d\u00e9couvrir la croyance de fond du subconscient qui cr\u00e9e vos exp\u00e9riences ind\u00e9sirables. Avec votre permission, celle-ci est chang\u00e9 pour une croyance positive et de soutien qui est pour votre meilleur et plus grand bien.<\/p>\n\n\n\n<p class=\"has-small-font-size\">Puisque ces changements ont lieu au niveau cellulaire et du subconscient, les r\u00e9sultats sont transformateurs et durables! La vie devient automatiquement plus facile et plus agr\u00e9able.<\/p>\n\n\n\n<p class=\"has-small-font-size\">Joignez-vous \u00e0 l&rsquo;une de nos classes de formation si vous:<br>* voulez vous connecter avec des gens qui partageant les m\u00eames id\u00e9es et les m\u00eames sentiments que vous et des personnes qui veulent vivre la vie qu&rsquo;ils ont toujours su \u00eatre possible.<br>* Aimerez en savoir plus sur ThetaHealing\u00ae et conna\u00eetre ses avantages.<br>* Pensez devenir un gu\u00e9risseur Th\u00eata et aimerez une formation brillante qui pourrait changer votre vie pour toujours!<\/p>\n\n\n\n<p class=\"has-small-font-size\">En tant qu&rsquo;enseignant de ThetaHealing\u00ae, je suis qualifi\u00e9 pour enseigner les cours suivants propos\u00e9s par l&rsquo;Institut THInK.<\/p>\n\n\n\n<p class=\"has-small-font-size\">Cliquez sur chaque s\u00e9minaire pour acc\u00e9der au description et mode de paiement.<\/p>\n\n\n\n<h2 class=\"wp-block-heading has-text-align-center\"><a href=\"https:\/\/www.letstalkcoach.com\/fr\/ottawa-classes-thetahealing\/adn-base\/\">ADN Base<\/a><\/h2>\n\n\n\n<h2 class=\"wp-block-heading has-text-align-center\"><a href=\"https:\/\/www.letstalkcoach.com\/fr\/ottawa-classes-thetahealing\/adn-avance\/\">ADN Avanc\u00e9<\/a><\/h2>\n\n\n\n<h2 class=\"wp-block-heading has-text-align-center\"><a href=\"https:\/\/www.letstalkcoach.com\/fr\/ottawa-classes-thetahealing\/adn3\/\">ADN3<\/a><\/h2>\n\n\n\n<h2 class=\"wp-block-heading has-text-align-center\"><a href=\"https:\/\/www.letstalkcoach.com\/fr\/ottawa-classes-thetahealing\/journee-as\/\">Journ\u00e9e \u00c2me Soeur<\/a><\/h2>\n\n\n\n<h2 class=\"wp-block-heading has-text-align-center\"><a href=\"https:\/\/www.letstalkcoach.com\/fr\/ottawa-classes-thetahealing\/ame-soeur\/\">\u00c2me Soeur<\/a><\/h2>\n\n\n\n<h2 class=\"wp-block-heading has-text-align-center\"><a href=\"https:\/\/www.letstalkcoach.com\/fr\/ottawa-classes-thetahealing\/anatomie\/\">Anatomie Intuitive<\/a><\/h2>\n\n\n\n<h2 class=\"wp-block-heading has-text-align-center\"><a href=\"https:\/\/www.letstalkcoach.com\/fr\/ottawa-classes-thetahealing\/animal\/\">Animals<\/a><\/h2>\n\n\n\n<h2 class=\"wp-block-heading has-text-align-center\"><a href=\"https:\/\/www.letstalkcoach.com\/fr\/ottawa-classes-thetahealing\/arc-en-ciel\/\">Enfants Arc-en-ciel<\/a><\/h2>\n\n\n\n<h2 class=\"wp-block-heading has-text-align-center\"><a href=\"https:\/\/www.letstalkcoach.com\/fr\/ottawa-classes-thetahealing\/relations-1\/\">Faire grandir vos relations 1 &#8211; Vous et Votre Partenaire<\/a><\/h2>\n\n\n\n<h2 class=\"wp-block-heading has-text-align-center\"><a href=\"https:\/\/www.letstalkcoach.com\/fr\/ottawa-classes-thetahealing\/relations-2\/\">Faire grandir vos relations 2 &#8211; Vous et Le Cr\u00e9ateur<\/a><\/h2>\n\n\n\n<h2 class=\"wp-block-heading has-text-align-center\"><a href=\"https:\/\/www.letstalkcoach.com\/fr\/ottawa-classes-thetahealing\/relations-2\/\">Faire grandir vos relations 3 &#8211; Vous et Votre Entourage<\/a><\/h2>\n\n\n\n<h2 class=\"wp-block-heading has-text-align-center\"><a href=\"https:\/\/www.letstalkcoach.com\/fr\/ottawa-classes-thetahealing\/relations-2\/\">Faire grandir vos relations 4 &#8211; Vous et La Terre<\/a><\/h2>\n\n\n\n<h2 class=\"wp-block-heading has-text-align-center\"><a href=\"https:\/\/www.letstalkcoach.com\/fr\/ottawa-classes-thetahealing\/relations-2\/\">Jeux de la vie<\/a><\/h2>\n\n\n\n<h2 class=\"wp-block-heading has-text-align-center\"><a href=\"https:\/\/www.letstalkcoach.com\/fr\/ottawa-classes-thetahealing\/liens\/\">Liens Familiaux<\/a><\/h2>\n\n\n\n<h2 class=\"wp-block-heading has-text-align-center\"><a href=\"https:\/\/www.letstalkcoach.com\/fr\/ottawa-classes-thetahealing\/maladies\/\">Maladies et d\u00e9sordres<\/a><\/h2>\n\n\n\n<h2 class=\"wp-block-heading has-text-align-center\"><a href=\"https:\/\/www.letstalkcoach.com\/fr\/ottawa-classes-thetahealing\/manifestation\/\">Manifestations et abondance<\/a><\/h2>\n\n\n\n<h2 class=\"wp-block-heading has-text-align-center\"><a href=\"https:\/\/www.letstalkcoach.com\/fr\/ottawa-classes-thetahealing\/plans\/\">Plans d&rsquo;Existences<\/a><\/h2>\n\n\n\n<h2 class=\"wp-block-heading has-text-align-center\"><a href=\"https:\/\/www.letstalkcoach.com\/fr\/ottawa-classes-thetahealing\/plantes\/\">Plants<\/a><\/h2>\n\n\n\n<h2 class=\"wp-block-heading has-text-align-center\"><a href=\"https:\/\/www.letstalkcoach.com\/fr\/ottawa-classes-thetahealing\/monde\/\">Relations du monde<\/a><\/h2>\n\n\n\n<h2 class=\"wp-block-heading has-text-align-center\"><a href=\"https:\/\/www.letstalkcoach.com\/fr\/ottawa-classes-thetahealing\/rhythm\/\">Rythme pour un poid id\u00e9al<\/a><\/h2>\n\n\n\n<h2 class=\"wp-block-heading has-text-align-center\">&nbsp;<a href=\"https:\/\/www.letstalkcoach.com\/fr\/ottawa-classes-thetahealing\/approfondissement\/\">Travail d&rsquo;approfondissement<\/a><\/h2>\n\n\n\n<p class=\"has-small-font-size\">Si vous souhaitez suivre ces cours, consultez notre <a href=\"https:\/\/www.letstalkcoach.com\/fr\/notre-calendrier\/\">horaire <\/a>pour voir quand ils sont offerts ou <a href=\"https:\/\/www.letstalkcoach.com\/fr\/contactez-nous\/\">contactez-nous<\/a> pour demander une classe dans votre r\u00e9gion. Si vous souhaitez obtenir vos cours gratuitement en nous accueillant dans votre r\u00e9gion, n\u2019h\u00e9sitez pas \u00e0 <a href=\"https:\/\/www.letstalkcoach.com\/fr\/contactez-nous\/\">communiquer <\/a>avec nous afin d\u2019obtenir les d\u00e9tails pour cette option.<\/p>\n\n\n\n<hr class=\"wp-block-separator has-css-opacity is-style-wide\"\/>\n","protected":false},"excerpt":{"rendered":"<p>S\u00e9minaires ThetaHealing\u00ae Lorsque vous prenez vos cours ThetaHealing\u00ae avec nous, vous entreprendrez un voyage personnel qui vous durera toute la vie. Vous recevrez les outils et les techniques pour lib\u00e9rer des croyances n\u00e9gatifs, de vieilles blessures et des m\u00e9moires g\u00e9n\u00e9tiques qui vous emp\u00eachent d&rsquo;atteindre votre plein potentiel. Pendant les formations ThetaHealing\u00ae, vous apprendrez aussi \u00e0&#8230;<\/p>\n","protected":false},"author":8,"featured_media":0,"parent":0,"menu_order":0,"comment_status":"closed","ping_status":"closed","template":"","meta":{"_seopress_robots_primary_cat":"","_seopress_titles_title":"","_seopress_titles_desc":"","_seopress_robots_index":"","_kad_blocks_custom_css":"","_kad_blocks_head_custom_js":"","_kad_blocks_body_custom_js":"","_kad_blocks_footer_custom_js":"","_kad_post_transparent":"disable","_kad_post_title":"hide","_kad_post_layout":"","_kad_post_sidebar_id":"","_kad_post_content_style":"","_kad_post_vertical_padding":"","_kad_post_feature":"","_kad_post_feature_position":"","_kad_post_header":false,"_kad_post_footer":false,"_kad_post_classname":"","footnotes":""},"class_list":["post-2015","page","type-page","status-publish","hentry"],"taxonomy_info":[],"featured_image_src_large":false,"author_info":{"display_name":"C Gelinas","author_link":"https:\/\/www.letstalkcoach.com\/fr\/author\/carmen-gelinas\/"},"comment_info":0,"_links":{"self":[{"href":"https:\/\/www.letstalkcoach.com\/fr\/wp-json\/wp\/v2\/pages\/2015","targetHints":{"allow":["GET"]}}],"collection":[{"href":"https:\/\/www.letstalkcoach.com\/fr\/wp-json\/wp\/v2\/pages"}],"about":[{"href":"https:\/\/www.letstalkcoach.com\/fr\/wp-json\/wp\/v2\/types\/page"}],"author":[{"embeddable":true,"href":"https:\/\/www.letstalkcoach.com\/fr\/wp-json\/wp\/v2\/users\/8"}],"replies":[{"embeddable":true,"href":"https:\/\/www.letstalkcoach.com\/fr\/wp-json\/wp\/v2\/comments?post=2015"}],"version-history":[{"count":4,"href":"https:\/\/www.letstalkcoach.com\/fr\/wp-json\/wp\/v2\/pages\/2015\/revisions"}],"predecessor-version":[{"id":8274,"href":"https:\/\/www.letstalkcoach.com\/fr\/wp-json\/wp\/v2\/pages\/2015\/revisions\/8274"}],"wp:attachment":[{"href":"https:\/\/www.letstalkcoach.com\/fr\/wp-json\/wp\/v2\/media?parent=2015"}],"curies":[{"name":"wp","href":"https:\/\/api.w.org\/{rel}","templated":true}]}}