{"id":2357,"date":"2016-09-19T13:57:47","date_gmt":"2016-09-19T17:57:47","guid":{"rendered":"https:\/\/parlonscoach.com\/?page_id=2357"},"modified":"2023-08-27T16:08:21","modified_gmt":"2023-08-27T20:08:21","slug":"adn3","status":"publish","type":"page","link":"https:\/\/www.letstalkcoach.com\/fr\/classe\/adn3\/","title":{"rendered":"S\u00e9minaire ThetaHealing\u00ae ADN3"},"content":{"rendered":"\n<h2 class=\"wp-block-heading has-text-align-center\">S\u00e9minaire ThetaHealing\u00ae ADN 3:<\/h2>\n\n\n\n<p class=\"has-text-align-center has-small-font-size\"><em>Veuillez vous inscrire <a href=\"#calendrier\">ci-dessous<\/a> ou c<em>onsulter notre <a href=\"https:\/\/www.letstalkcoach.com\/fr\/notre-calendrier\/\">calendrier<\/a>&nbsp;afin de voir la liste compl\u00e8te de nos s\u00e9minaires<\/em><\/em><\/p>\n\n\n\n<div class=\"wp-block-media-text alignwide is-stacked-on-mobile\" style=\"grid-template-columns:24% auto\"><figure class=\"wp-block-media-text__media\"><img loading=\"lazy\" decoding=\"async\" width=\"791\" height=\"1024\" src=\"https:\/\/www.letstalkcoach.com\/wp-content\/uploads\/2016\/09\/dna-3-791x1024.jpg\" alt=\"\" class=\"wp-image-2332 size-full\" srcset=\"https:\/\/www.letstalkcoach.com\/wp-content\/uploads\/2016\/09\/dna-3-791x1024.jpg 791w, https:\/\/www.letstalkcoach.com\/wp-content\/uploads\/2016\/09\/dna-3-232x300.jpg 232w, https:\/\/www.letstalkcoach.com\/wp-content\/uploads\/2016\/09\/dna-3-768x994.jpg 768w, https:\/\/www.letstalkcoach.com\/wp-content\/uploads\/2016\/09\/dna-3-1187x1536.jpg 1187w, https:\/\/www.letstalkcoach.com\/wp-content\/uploads\/2016\/09\/dna-3-1583x2048.jpg 1583w, https:\/\/www.letstalkcoach.com\/wp-content\/uploads\/2016\/09\/dna-3-625x809.jpg 625w, https:\/\/www.letstalkcoach.com\/wp-content\/uploads\/2016\/09\/dna-3-937x1213.jpg 937w, https:\/\/www.letstalkcoach.com\/wp-content\/uploads\/2016\/09\/dna-3-1250x1618.jpg 1250w, https:\/\/www.letstalkcoach.com\/wp-content\/uploads\/2016\/09\/dna-3-483x625.jpg 483w, https:\/\/www.letstalkcoach.com\/wp-content\/uploads\/2016\/09\/dna-3-362x468.jpg 362w, https:\/\/www.letstalkcoach.com\/wp-content\/uploads\/2016\/09\/dna-3-321x416.jpg 321w, https:\/\/www.letstalkcoach.com\/wp-content\/uploads\/2016\/09\/dna-3-271x351.jpg 271w, https:\/\/www.letstalkcoach.com\/wp-content\/uploads\/2016\/09\/dna-3-241x312.jpg 241w, https:\/\/www.letstalkcoach.com\/wp-content\/uploads\/2016\/09\/dna-3-scaled.jpg 1978w\" sizes=\"auto, (max-width: 791px) 100vw, 791px\" \/><\/figure><div class=\"wp-block-media-text__content\">\n<p>\u00ab\u00a0Ce s\u00e9minaire est d&rsquo;une dur\u00e9e de 5 jours et donn\u00e9 sera donn\u00e9 en pr\u00e9sentiel ou en ligne.\u00a0\u00bb<\/p>\n\n\n\n<p class=\"has-small-font-size\">ADN 3 est le s\u00e9minaire longtemps attendu destin\u00e9 aux \u00e9tudiants avanc\u00e9s de ThetaHealing\u00ae. Il leur enseigne comment travailler sur la mati\u00e8re organique et non organique, et la conscience que nous pouvons sortir de nos paradigmes pour acc\u00e9der rapidement \u00e0 des changements b\u00e9n\u00e9fiques de sant\u00e9 et de bien-\u00eatre en utilisant les mitochondries de l\u2019ADN ; tout en ma\u00eetrisant \u00e9galement le savoir que chacun cr\u00e9e sa propre r\u00e9alit\u00e9, et qu\u2019il peut en changer \u00e0 volont\u00e9 gr\u00e2ce \u00e0 la connaissance appropri\u00e9e.<\/p>\n<\/div><\/div>\n\n\n\n<p class=\"has-small-font-size\">Le processus de ce s\u00e9minaire passe par un travail sur les ressentis profonds et les croyances qui am\u00e8ne \u00e0 la connaissance de soi ; par l\u2019apprentissage de l\u2019alignement aux Mol\u00e9cules Eternelles ; de la bilocation spirituelle ; la compr\u00e9hension des champs d\u2019\u00e9nergie de la mati\u00e8re non organique ; et le pouvoir des mots sur la manifestation de la r\u00e9alit\u00e9.<\/p>\n\n\n\n<p class=\"has-small-font-size\">Les praticiens qui ont suivi ce s\u00e9minaire ont v\u00e9ritablement appr\u00e9ci\u00e9 l\u2019imm\u00e9diatet\u00e9 des am\u00e9liorations notables de leurs capacit\u00e9s intuitives. La vie peut gagner en facilit\u00e9 par la pratique de ces enseignements uniques, pour vous comme pour vos clients, et vous d\u00e9couvrirez le vrai potentiel de votre magnifique esprit. Ce s\u00e9minaire offre une expansion impressionnante de vos talents de ThetaHealing\u00ae, et est hautement recommand\u00e9 aux praticiens qui veulent vivre dans un continuel 7\u00e8me Plan de connaissance et de connexion au Cr\u00e9ateur de Tout Ce Qui Est.<\/p>\n\n\n\n<p class=\"has-small-font-size\">Ce s\u00e9minaire comprend un manuel de Praticien de ThetaHealing\u00ae ADN 3.<\/p>\n\n\n\n<p class=\"has-small-font-size\"><strong>Pr\u00e9-requis<\/strong>: <a href=\"https:\/\/www.letstalkcoach.com\/fr\/ottawa-classes-thetahealing\/adn-base\/\">ThetaHealing\u00ae ADN Base<\/a>, <a href=\"https:\/\/www.letstalkcoach.com\/fr\/ottawa-classes-thetahealing\/adn-avance\/\">ADN Avanc\u00e9<\/a>, <a href=\"https:\/\/www.letstalkcoach.com\/fr\/ottawa-classes-thetahealing\/approfondissement\/\">Travail d\u2019approfondissement<\/a>,&nbsp;<a href=\"https:\/\/www.letstalkcoach.com\/fr\/classe\/relations-2\/\">Vous et le Cr\u00e9ateur<\/a>, et&nbsp;<a href=\"https:\/\/www.letstalkcoach.com\/fr\/ottawa-classes-thetahealing\/anatomie\/\">Anatomie Intuitive<\/a><\/p>\n\n\n\n<p>or<\/p>\n\n\n\n<p> <a href=\"https:\/\/www.letstalkcoach.com\/fr\/ottawa-classes-thetahealing\/adn-base\/\">ThetaHealing\u00ae ADN Base<\/a>, <a href=\"https:\/\/www.letstalkcoach.com\/fr\/ottawa-classes-thetahealing\/adn-avance\/\">ADN Avanc\u00e9<\/a>, <a href=\"https:\/\/www.letstalkcoach.com\/fr\/ottawa-classes-thetahealing\/approfondissement\/\">Travail d\u2019approfondissement<\/a>, <a href=\"https:\/\/www.letstalkcoach.com\/fr\/classe\/relations-2\/\">Vous et le Cr\u00e9ateur<\/a>, Vous et votre entourage et <a href=\"https:\/\/www.letstalkcoach.com\/fr\/classe\/monde\/\">Relations au monde<\/a>&nbsp; <\/p>\n\n\n\n<p class=\"has-small-font-size\">Pour plus d\u2019information visitez le site: visit <a href=\"http:\/\/www.thetahealing.com\">www.thetahealing.com<\/a><br>Vous recevrez votre certification et un manuel de classe.<\/p>\n\n\n\n<hr class=\"wp-block-separator has-css-opacity is-style-wide\"\/>\n\n\n\n<p class=\"has-text-align-center has-small-font-size\" id=\"calendrier\"><strong>Pour vous enregistrer veuillez s\u00e9lectionner la premi\u00e8re date dans le calendrier et suivre les instructions.<\/strong><\/p>\n\n\n\n<div class=\"tbk-frontend\" id=\"tbk-frontend-c004\" data-view=\"upcoming\" data-services=\"s_6sca1ktWpJYgiY8MbY0ACf3vSue24ljF\" data-providers=\"11\" data-readonly=\"false\" data-loggedonly=\"false\" data-max-upcoming=\"0\" data-default-upcoming=\"4\" data-show-more-upcoming=\"false\"><div class=\"tbk-inner-content\"><\/div><\/div>\n\n\n\n<hr class=\"wp-block-separator has-css-opacity is-style-wide\"\/>\n","protected":false},"excerpt":{"rendered":"<p>S\u00e9minaire ThetaHealing\u00ae ADN 3: Veuillez vous inscrire ci-dessous ou consulter notre calendrier&nbsp;afin de voir la liste compl\u00e8te de nos s\u00e9minaires \u00ab\u00a0Ce s\u00e9minaire est d&rsquo;une dur\u00e9e de 5 jours et donn\u00e9 sera donn\u00e9 en pr\u00e9sentiel ou en ligne.\u00a0\u00bb ADN 3 est le s\u00e9minaire longtemps attendu destin\u00e9 aux \u00e9tudiants avanc\u00e9s de ThetaHealing\u00ae. Il leur enseigne comment travailler&#8230;<\/p>\n","protected":false},"author":3,"featured_media":0,"parent":2015,"menu_order":0,"comment_status":"closed","ping_status":"closed","template":"","meta":{"_seopress_robots_primary_cat":"","_seopress_titles_title":"","_seopress_titles_desc":"","_seopress_robots_index":"","_kad_blocks_custom_css":"","_kad_blocks_head_custom_js":"","_kad_blocks_body_custom_js":"","_kad_blocks_footer_custom_js":"","_kad_post_transparent":"disable","_kad_post_title":"hide","_kad_post_layout":"left","_kad_post_sidebar_id":"sidebar-secondary","_kad_post_content_style":"","_kad_post_vertical_padding":"","_kad_post_feature":"","_kad_post_feature_position":"","_kad_post_header":false,"_kad_post_footer":false,"_kad_post_classname":"","footnotes":""},"class_list":["post-2357","page","type-page","status-publish","hentry"],"taxonomy_info":[],"featured_image_src_large":false,"author_info":{"display_name":"Lets Talk Coaches","author_link":"https:\/\/www.letstalkcoach.com\/fr\/author\/lets-talk-coaches\/"},"comment_info":0,"_links":{"self":[{"href":"https:\/\/www.letstalkcoach.com\/fr\/wp-json\/wp\/v2\/pages\/2357","targetHints":{"allow":["GET"]}}],"collection":[{"href":"https:\/\/www.letstalkcoach.com\/fr\/wp-json\/wp\/v2\/pages"}],"about":[{"href":"https:\/\/www.letstalkcoach.com\/fr\/wp-json\/wp\/v2\/types\/page"}],"author":[{"embeddable":true,"href":"https:\/\/www.letstalkcoach.com\/fr\/wp-json\/wp\/v2\/users\/3"}],"replies":[{"embeddable":true,"href":"https:\/\/www.letstalkcoach.com\/fr\/wp-json\/wp\/v2\/comments?post=2357"}],"version-history":[{"count":10,"href":"https:\/\/www.letstalkcoach.com\/fr\/wp-json\/wp\/v2\/pages\/2357\/revisions"}],"predecessor-version":[{"id":8402,"href":"https:\/\/www.letstalkcoach.com\/fr\/wp-json\/wp\/v2\/pages\/2357\/revisions\/8402"}],"up":[{"embeddable":true,"href":"https:\/\/www.letstalkcoach.com\/fr\/wp-json\/wp\/v2\/pages\/2015"}],"wp:attachment":[{"href":"https:\/\/www.letstalkcoach.com\/fr\/wp-json\/wp\/v2\/media?parent=2357"}],"curies":[{"name":"wp","href":"https:\/\/api.w.org\/{rel}","templated":true}]}}