{"id":2360,"date":"2016-09-19T14:02:57","date_gmt":"2016-09-19T18:02:57","guid":{"rendered":"https:\/\/parlonscoach.com\/?page_id=2360"},"modified":"2023-08-27T16:15:19","modified_gmt":"2023-08-27T20:15:19","slug":"maladies","status":"publish","type":"page","link":"https:\/\/www.letstalkcoach.com\/fr\/classe\/maladies\/","title":{"rendered":"S\u00e9minaire ThetaHealing\u00ae Maladies et D\u00e9sordres"},"content":{"rendered":"\n<h2 class=\"wp-block-heading has-text-align-center\">S\u00e9minaire&nbsp;ThetaHealing\u00ae Maladies et D\u00e9sordres:<\/h2>\n\n\n\n<p class=\"has-text-align-center has-small-font-size\"><em>Veuillez vous inscrire <a href=\"#calendrier\">ci-dessous<\/a> ou c<em>onsulter notre <a href=\"https:\/\/www.letstalkcoach.com\/fr\/notre-calendrier\/\">calendrier<\/a>&nbsp;afin de voir la liste compl\u00e8te de nos s\u00e9minaires<\/em>.<\/em><\/p>\n\n\n\n<div class=\"wp-block-media-text alignwide is-stacked-on-mobile\" style=\"grid-template-columns:16% auto\"><figure class=\"wp-block-media-text__media\"><img loading=\"lazy\" decoding=\"async\" width=\"791\" height=\"1024\" src=\"https:\/\/www.letstalkcoach.com\/wp-content\/uploads\/2017\/03\/disease-and-disorder-791x1024.jpg\" alt=\"\" class=\"wp-image-2799 size-full\" srcset=\"https:\/\/www.letstalkcoach.com\/wp-content\/uploads\/2017\/03\/disease-and-disorder-791x1024.jpg 791w, https:\/\/www.letstalkcoach.com\/wp-content\/uploads\/2017\/03\/disease-and-disorder-232x300.jpg 232w, https:\/\/www.letstalkcoach.com\/wp-content\/uploads\/2017\/03\/disease-and-disorder-768x994.jpg 768w, https:\/\/www.letstalkcoach.com\/wp-content\/uploads\/2017\/03\/disease-and-disorder-1187x1536.jpg 1187w, https:\/\/www.letstalkcoach.com\/wp-content\/uploads\/2017\/03\/disease-and-disorder-1583x2048.jpg 1583w, https:\/\/www.letstalkcoach.com\/wp-content\/uploads\/2017\/03\/disease-and-disorder-625x809.jpg 625w, https:\/\/www.letstalkcoach.com\/wp-content\/uploads\/2017\/03\/disease-and-disorder-937x1213.jpg 937w, https:\/\/www.letstalkcoach.com\/wp-content\/uploads\/2017\/03\/disease-and-disorder-1250x1618.jpg 1250w, https:\/\/www.letstalkcoach.com\/wp-content\/uploads\/2017\/03\/disease-and-disorder-483x625.jpg 483w, https:\/\/www.letstalkcoach.com\/wp-content\/uploads\/2017\/03\/disease-and-disorder-362x468.jpg 362w, https:\/\/www.letstalkcoach.com\/wp-content\/uploads\/2017\/03\/disease-and-disorder-321x416.jpg 321w, https:\/\/www.letstalkcoach.com\/wp-content\/uploads\/2017\/03\/disease-and-disorder-271x351.jpg 271w, https:\/\/www.letstalkcoach.com\/wp-content\/uploads\/2017\/03\/disease-and-disorder-241x312.jpg 241w, https:\/\/www.letstalkcoach.com\/wp-content\/uploads\/2017\/03\/disease-and-disorder-scaled.jpg 1978w\" sizes=\"auto, (max-width: 791px) 100vw, 791px\" \/><\/figure><div class=\"wp-block-media-text__content\">\n<p>\u00ab\u00a0Ce s\u00e9minaire est d&rsquo;une dur\u00e9e de 10 jours et donn\u00e9 sur place seulement.\u00a0\u00bb<\/p>\n\n\n\n<p class=\"has-small-font-size\">Le Livre ThetaHealing\u00ae Maladies et D\u00e9sordres a \u00e9t\u00e9 cr\u00e9\u00e9 pour ce s\u00e9minaire en 2007, avec plus de 400 pages d\u2019aper\u00e7us et d\u2019id\u00e9es de Vianna bas\u00e9s sur plus de 40,000 Lectures.<\/p>\n<\/div><\/div>\n\n\n\n<p class=\"has-small-font-size\">Le premier jour, l\u2019\u00e9tudiant recevra le livre Maladies et D\u00e9sordres. Chaque jour pendant 2 semaines, l\u2019instructeur travaillera avec les \u00e9tudiants sur leurs r\u00e9ticences et blocages \u00e0 travailler sur diff\u00e9rentes maladies. Ils se familiariseront avec les composantes physiques, mentales, et \u00e9motionnelles des maladies.<\/p>\n\n\n\n<p class=\"has-small-font-size\">Ce s\u00e9minaire couvre l\u2019explication des syst\u00e8mes corporels, la discussion de plus de 100 maladies et d\u00e9sordres, et la pr\u00e9sentation des plantes et des min\u00e9raux. Un s\u00e9minaire clairement con\u00e7u pour les professionnels alternatifs.<\/p>\n\n\n\n<p class=\"has-small-font-size\">Le Praticien de ThetaHealing\u00ae sera instruit d\u2019une compr\u00e9hension profonde de la maladie depuis une perspective intuitive.<\/p>\n\n\n\n<ul class=\"wp-block-list\">\n<li>Le Praticien de ThetaHealing\u00ae d\u00e9couvrira les syst\u00e8mes de croyance cach\u00e9s qu\u2019il a envers la maladie qui pourraient g\u00eaner ses capacit\u00e9s de gu\u00e9rir ses propres d\u00e9s\u00e9quilibres \u00e9motionnels comme ceux des autres. C\u2019est toujours ce \u00e0 quoi nous croyons \u00e0 l\u2019int\u00e9rieur qui fait la diff\u00e9rence.<\/li>\n\n\n\n<li>Comment les sentiments, les \u00e9motions, les croyances, les programmes influencent notre comportement et impactent spectaculairement le bien-\u00eatre corporel.<\/li>\n\n\n\n<li>Il apprendra les programmes, les syst\u00e8mes de croyances, les r\u00e9v\u00e9lations intuitives, et les rem\u00e8des et les compl\u00e9ments que Vianna a appris \u00eatre de valeur pour certains d\u00e9sordres et maladies.<\/li>\n<\/ul>\n\n\n\n<p class=\"has-small-font-size\">A la fin de ce s\u00e9minaire le Praticien de ThetaHealing\u00ae sera \u00e0 une \u00e9tape plus pr\u00e8s de son titre de Ma\u00eetre de ThetaHealing\u00ae.<\/p>\n\n\n\n<p class=\"has-small-font-size\">Le s\u00e9minaire comprend le Livre ThetaHealing\u00ae Maladies et D\u00e9sordres.<\/p>\n\n\n\n<p class=\"has-small-font-size\">Il dure g\u00e9n\u00e9ralement 2 semaines de 5 jours d\u2019\u00e9tude suivis de 2 jours de repos.<\/p>\n\n\n\n<p class=\"has-small-font-size\"><strong>Pr\u00e9-requis<\/strong>&nbsp;: <a href=\"https:\/\/www.letstalkcoach.com\/fr\/ottawa-classes-thetahealing\/approfondissement\/\"><\/a><a href=\"https:\/\/www.letstalkcoach.com\/fr\/ottawa-classes-thetahealing\/adn-base\/\">ThetaHealing\u00ae ADN Base<\/a>, <a href=\"https:\/\/www.letstalkcoach.com\/fr\/ottawa-classes-thetahealing\/adn-avance\/\">ADN Avanc\u00e9<\/a>,&nbsp;<a href=\"https:\/\/www.letstalkcoach.com\/fr\/ottawa-classes-thetahealing\/approfondissement\/\">Travail d\u2019approfondissement<\/a>, <a href=\"https:\/\/www.letstalkcoach.com\/fr\/classe\/relations-2\/\" title=\"\">Vous et le Cr\u00e9ateur<\/a>,&nbsp;et&nbsp;<a href=\"https:\/\/www.letstalkcoach.com\/fr\/ottawa-classes-thetahealing\/anatomie\/\">Anatomie Intuitive<\/a><\/p>\n\n\n\n<p class=\"has-small-font-size\">Pour plus d\u2019information visitez le site: visit <a href=\"http:\/\/www.thetahealing.com\">www.thetahealing.com<\/a><br>Vous recevrez un livre, votre certification et un manuel de classe.<\/p>\n\n\n\n<hr class=\"wp-block-separator has-css-opacity is-style-wide\"\/>\n\n\n\n<p class=\"has-text-align-center has-small-font-size\" id=\"calendrier\"><strong>Pour vous enregistrer veuillez s\u00e9lectionner la premi\u00e8re date dans le calendrier et suivre les instructions.<\/strong><\/p>\n\n\n\n<div class=\"tbk-frontend\" id=\"tbk-frontend-5b08\" data-view=\"upcoming\" data-services=\"disease-disorder-seminar\" data-providers=\"11\" data-readonly=\"false\" data-loggedonly=\"false\" data-max-upcoming=\"0\" data-default-upcoming=\"4\" data-show-more-upcoming=\"false\"><div class=\"tbk-inner-content\"><\/div><\/div>\n\n\n\n<hr class=\"wp-block-separator has-css-opacity is-style-wide\"\/>\n","protected":false},"excerpt":{"rendered":"<p>S\u00e9minaire&nbsp;ThetaHealing\u00ae Maladies et D\u00e9sordres: Veuillez vous inscrire ci-dessous ou consulter notre calendrier&nbsp;afin de voir la liste compl\u00e8te de nos s\u00e9minaires. \u00ab\u00a0Ce s\u00e9minaire est d&rsquo;une dur\u00e9e de 10 jours et donn\u00e9 sur place seulement.\u00a0\u00bb Le Livre ThetaHealing\u00ae Maladies et D\u00e9sordres a \u00e9t\u00e9 cr\u00e9\u00e9 pour ce s\u00e9minaire en 2007, avec plus de 400 pages d\u2019aper\u00e7us et d\u2019id\u00e9es&#8230;<\/p>\n","protected":false},"author":3,"featured_media":0,"parent":2015,"menu_order":0,"comment_status":"closed","ping_status":"closed","template":"","meta":{"_seopress_robots_primary_cat":"","_seopress_titles_title":"","_seopress_titles_desc":"","_seopress_robots_index":"","_kad_blocks_custom_css":"","_kad_blocks_head_custom_js":"","_kad_blocks_body_custom_js":"","_kad_blocks_footer_custom_js":"","_kad_post_transparent":"disable","_kad_post_title":"hide","_kad_post_layout":"left","_kad_post_sidebar_id":"sidebar-secondary","_kad_post_content_style":"","_kad_post_vertical_padding":"","_kad_post_feature":"","_kad_post_feature_position":"","_kad_post_header":false,"_kad_post_footer":false,"_kad_post_classname":"","footnotes":""},"class_list":["post-2360","page","type-page","status-publish","hentry"],"taxonomy_info":[],"featured_image_src_large":false,"author_info":{"display_name":"Lets Talk Coaches","author_link":"https:\/\/www.letstalkcoach.com\/fr\/author\/lets-talk-coaches\/"},"comment_info":0,"_links":{"self":[{"href":"https:\/\/www.letstalkcoach.com\/fr\/wp-json\/wp\/v2\/pages\/2360","targetHints":{"allow":["GET"]}}],"collection":[{"href":"https:\/\/www.letstalkcoach.com\/fr\/wp-json\/wp\/v2\/pages"}],"about":[{"href":"https:\/\/www.letstalkcoach.com\/fr\/wp-json\/wp\/v2\/types\/page"}],"author":[{"embeddable":true,"href":"https:\/\/www.letstalkcoach.com\/fr\/wp-json\/wp\/v2\/users\/3"}],"replies":[{"embeddable":true,"href":"https:\/\/www.letstalkcoach.com\/fr\/wp-json\/wp\/v2\/comments?post=2360"}],"version-history":[{"count":10,"href":"https:\/\/www.letstalkcoach.com\/fr\/wp-json\/wp\/v2\/pages\/2360\/revisions"}],"predecessor-version":[{"id":8412,"href":"https:\/\/www.letstalkcoach.com\/fr\/wp-json\/wp\/v2\/pages\/2360\/revisions\/8412"}],"up":[{"embeddable":true,"href":"https:\/\/www.letstalkcoach.com\/fr\/wp-json\/wp\/v2\/pages\/2015"}],"wp:attachment":[{"href":"https:\/\/www.letstalkcoach.com\/fr\/wp-json\/wp\/v2\/media?parent=2360"}],"curies":[{"name":"wp","href":"https:\/\/api.w.org\/{rel}","templated":true}]}}