{"id":2366,"date":"2016-09-19T14:13:46","date_gmt":"2016-09-19T18:13:46","guid":{"rendered":"https:\/\/parlonscoach.com\/?page_id=2366"},"modified":"2024-11-14T21:30:44","modified_gmt":"2024-11-15T02:30:44","slug":"approfondissement","status":"publish","type":"page","link":"https:\/\/www.letstalkcoach.com\/fr\/classe\/approfondissement\/","title":{"rendered":"S\u00e9minaire ThetaHealing\u00ae Travail d&rsquo;approfondissement"},"content":{"rendered":"\n<hr class=\"wp-block-separator has-css-opacity is-style-wide\"\/>\n\n\n\n<h1 class=\"wp-block-heading has-text-align-center\">S\u00e9minaire&nbsp;ThetaHealing\u00ae Travail d&rsquo;approfondissement (Dig Deeper):<\/h1>\n\n\n\n<p class=\"has-text-align-center has-small-font-size\"><em>Veuillez vous inscrire <a href=\"#calendrier\">ci-dessous<\/a> ou c<em>onsulter notre <a href=\"https:\/\/www.letstalkcoach.com\/fr\/notre-calendrier\/\">calendrier<\/a>&nbsp;afin de voir la liste compl\u00e8te de nos s\u00e9minaires<\/em>.<\/em><\/p>\n\n\n\n<div class=\"wp-block-media-text alignwide is-stacked-on-mobile\" style=\"grid-template-columns:19% auto\"><figure class=\"wp-block-media-text__media\"><img decoding=\"async\" src=\"https:\/\/www.letstalkcoach.com\/wp-content\/uploads\/2017\/03\/Dig-Deeper-791x1024.jpg\" alt=\"\" class=\"wp-image-2798 size-full\"\/><\/figure><div class=\"wp-block-media-text__content\">\n<p>\u00ab\u00a0Ce s\u00e9minaire est d&rsquo;une dur\u00e9e de 2&nbsp;jours et donn\u00e9 sera donn\u00e9 en pr\u00e9sentiel ou en ligne.\u00a0\u00bb<\/p>\n\n\n\n<p class=\"has-small-font-size\">La pratique ThetaHealing\u00ae se r\u00e9v\u00e8le fabuleuse quant \u00e0 l\u2019acc\u00e8s \u00e0 l\u2019origine de nos probl\u00e8mes, car il est enseign\u00e9 aux Praticiens une technique incroyable appel\u00e9e \u2018digging\u2019 (le fait de fouiller\/creuser\/percer). Cette approche au style narratif nous permet de confortablement d\u00e9couvrir les pens\u00e9es et les croyances subconscientes les plus profondes et \u00e9lusives qui peuvent nous bloquer.<\/p>\n<\/div><\/div>\n\n\n\n<p class=\"has-small-font-size\">Et la technique ThetaHealing\u00ae utilise alors l\u2019amour inconditionnel, ainsi que le travail sur les croyances et les ressentis pour \u00e9carter ces blocages. Ce cours est con\u00e7u pour bien entrainer tous les ThetaHealers\u00ae \u00e0 cette technique essentielle, vous donner une base solide, et les astuces et techniques dont vous allez avoir besoin pour en pleine confiance creuser pour trouver les croyances \u2018noyau\u2019 cl\u00e9s de vos clients. A moins que vous ne puissiez identifier avec succ\u00e8s le v\u00e9ritable c\u0153ur origine du probl\u00e8me vous ne saurez pas quelles croyances changer. Cela peut aussi vouloir dire que les changements produits pourraient n\u2019\u00eatre que temporaires. Les croyances n\u00e9gatives non d\u00e9gag\u00e9es peuvent \u00eatre des barri\u00e8res \u00e0 une gu\u00e9rison v\u00e9ritable.<\/p>\n\n\n\n<p class=\"has-small-font-size\">Ce seminaire&nbsp;va vous habiliter \u00e0 aider vos clients \u00e0 comprendre leurs propres comportements, leur vie. Votre aide leur permettra d\u2019effectuer les changements b\u00e9n\u00e9fiques qui les rendront \u00e9quilibr\u00e9s et clairs \u00e0 la fin de la s\u00e9ance.<\/p>\n\n\n\n<p class=\"has-small-font-size\"><strong>Pr\u00e9-requis&nbsp;<\/strong>: <a href=\"https:\/\/www.letstalkcoach.com\/fr\/ottawa-classes-thetahealing\/adn-base\/\">ThetaHealing\u00ae ADN Base<\/a>, <a href=\"https:\/\/www.letstalkcoach.com\/fr\/ottawa-classes-thetahealing\/adn-avance\/\">ADN Avanc\u00e9<\/a><\/p>\n\n\n\n<p class=\"has-small-font-size\">Pour plus d\u2019information visitez le site: visit <a href=\"http:\/\/www.thetahealing.com\">www.thetahealing.com<\/a><br>Vous recevrez un livre, votre certification et un manuel de classe.<\/p>\n\n\n\n<hr class=\"wp-block-separator has-css-opacity is-style-wide\"\/>\n\n\n\n<p class=\"has-text-align-center has-small-font-size\" id=\"calendrier\"><strong>Pour vous enregistrer veuillez s\u00e9lectionner la premi\u00e8re date dans le calendrier et suivre les instructions.<\/strong><\/p>\n\n\n\n<div class=\"tbk-frontend\" id=\"tbk-frontend-12cb\" data-view=\"upcoming\" data-services=\"s_bMBGtLy39ESELbRglU770hkyvruSpKan\" data-providers=\"11\" data-readonly=\"false\" data-loggedonly=\"false\" data-max-upcoming=\"0\" data-default-upcoming=\"4\" data-show-more-upcoming=\"false\"><div class=\"tbk-inner-content\"><\/div><\/div>\n\n\n\n<hr class=\"wp-block-separator has-css-opacity is-style-wide\"\/>\n","protected":false},"excerpt":{"rendered":"<p>S\u00e9minaire&nbsp;ThetaHealing\u00ae Travail d&rsquo;approfondissement (Dig Deeper): Veuillez vous inscrire ci-dessous ou consulter notre calendrier&nbsp;afin de voir la liste compl\u00e8te de nos s\u00e9minaires. \u00ab\u00a0Ce s\u00e9minaire est d&rsquo;une dur\u00e9e de 2&nbsp;jours et donn\u00e9 sera donn\u00e9 en pr\u00e9sentiel ou en ligne.\u00a0\u00bb La pratique ThetaHealing\u00ae se r\u00e9v\u00e8le fabuleuse quant \u00e0 l\u2019acc\u00e8s \u00e0 l\u2019origine de nos probl\u00e8mes, car il est enseign\u00e9&#8230;<\/p>\n","protected":false},"author":3,"featured_media":0,"parent":2015,"menu_order":0,"comment_status":"closed","ping_status":"closed","template":"","meta":{"_seopress_robots_primary_cat":"","_seopress_titles_title":"","_seopress_titles_desc":"","_seopress_robots_index":"","_kad_blocks_custom_css":"","_kad_blocks_head_custom_js":"","_kad_blocks_body_custom_js":"","_kad_blocks_footer_custom_js":"","_kad_post_transparent":"","_kad_post_title":"","_kad_post_layout":"left","_kad_post_sidebar_id":"sidebar-secondary","_kad_post_content_style":"","_kad_post_vertical_padding":"","_kad_post_feature":"","_kad_post_feature_position":"","_kad_post_header":false,"_kad_post_footer":false,"_kad_post_classname":"","footnotes":""},"class_list":["post-2366","page","type-page","status-publish","hentry"],"taxonomy_info":[],"featured_image_src_large":false,"author_info":{"display_name":"Lets Talk Coaches","author_link":"https:\/\/www.letstalkcoach.com\/fr\/author\/lets-talk-coaches\/"},"comment_info":0,"_links":{"self":[{"href":"https:\/\/www.letstalkcoach.com\/fr\/wp-json\/wp\/v2\/pages\/2366","targetHints":{"allow":["GET"]}}],"collection":[{"href":"https:\/\/www.letstalkcoach.com\/fr\/wp-json\/wp\/v2\/pages"}],"about":[{"href":"https:\/\/www.letstalkcoach.com\/fr\/wp-json\/wp\/v2\/types\/page"}],"author":[{"embeddable":true,"href":"https:\/\/www.letstalkcoach.com\/fr\/wp-json\/wp\/v2\/users\/3"}],"replies":[{"embeddable":true,"href":"https:\/\/www.letstalkcoach.com\/fr\/wp-json\/wp\/v2\/comments?post=2366"}],"version-history":[{"count":16,"href":"https:\/\/www.letstalkcoach.com\/fr\/wp-json\/wp\/v2\/pages\/2366\/revisions"}],"predecessor-version":[{"id":8752,"href":"https:\/\/www.letstalkcoach.com\/fr\/wp-json\/wp\/v2\/pages\/2366\/revisions\/8752"}],"up":[{"embeddable":true,"href":"https:\/\/www.letstalkcoach.com\/fr\/wp-json\/wp\/v2\/pages\/2015"}],"wp:attachment":[{"href":"https:\/\/www.letstalkcoach.com\/fr\/wp-json\/wp\/v2\/media?parent=2366"}],"curies":[{"name":"wp","href":"https:\/\/api.w.org\/{rel}","templated":true}]}}