{"id":2563,"date":"2017-01-22T22:38:40","date_gmt":"2017-01-23T02:38:40","guid":{"rendered":"https:\/\/parlonscoach.com\/?page_id=2563"},"modified":"2023-08-22T19:55:42","modified_gmt":"2023-08-22T23:55:42","slug":"arc-en-ciel","status":"publish","type":"page","link":"https:\/\/www.letstalkcoach.com\/fr\/classe\/arc-en-ciel\/","title":{"rendered":"S\u00e9minaire ThetaHealing\u00ae Enfants Arc-En-Ciel"},"content":{"rendered":"\n<h2 class=\"wp-block-heading has-text-align-center\">S\u00e9minaire&nbsp;ThetaHealing\u00ae Enfants Arc-En-Ciel<\/h2>\n\n\n\n<p class=\"has-text-align-center has-small-font-size\"><em>Veuillez vous inscrire <a href=\"#calendrier\">ci-dessous<\/a> ou c<em>onsulter notre <a href=\"https:\/\/www.letstalkcoach.com\/fr\/notre-calendrier\/\">calendrier<\/a>&nbsp;afin de voir la liste compl\u00e8te de nos s\u00e9minaires<\/em><\/em>.<\/p>\n\n\n\n<div class=\"wp-block-media-text alignwide is-stacked-on-mobile\" style=\"grid-template-columns:19% auto\"><figure class=\"wp-block-media-text__media\"><img decoding=\"async\" src=\"https:\/\/parlonscoach.com\/wp-content\/uploads\/2016\/09\/Rainbow-791x1024.jpg\" alt=\"\" class=\"wp-image-2347 size-full\"\/><\/figure><div class=\"wp-block-media-text__content\">\n<p>\u201cCe s\u00e9minaire est d\u2019une dur\u00e9e de 4 jours et donn\u00e9 sera donn\u00e9 en pr\u00e9sentiel ou en ligne.\u201d<\/p>\n\n\n\n<p class=\"has-small-font-size\">Ce s\u00e9minaire r\u00e9pond \u00e0 la vision de Vianna d&rsquo;enseigner aux Enfants Arc-en-Ciel. Notre monde est maintenant b\u00e9ni avec les Enfants Arc-en-Ciel, les adolescents, et les jeunes adultes. Tous sont des personnes tr\u00e8s intuitives et extr\u00eamement aimantes. Ils ont des souvenirs d&rsquo;autres temps et lieux et apportent avec eux un amour et une patience infinie.<\/p>\n<\/div><\/div>\n\n\n\n<p class=\"has-small-font-size\">Les Enfants Arc-en-Ciel sont des \u00e2mes sages qui offrent une nouvelle sagesse et poss\u00e8dent la capacit\u00e9 de changer le monde autour d&rsquo;eux. Ils sont sensibles, compatissants et conscients des sentiments des gens autour d\u2019eux.<\/p>\n\n\n\n<p class=\"has-small-font-size\">Les Enfants Indigo arriv\u00e9s dans un nouvel \u00e2ge peuvent \u00eatre influenc\u00e9s par la n\u00e9gativit\u00e9 autour d&rsquo;eux, mais peuvent maintenant changer pour devenir des Enfants Arc-en-Ciel.<\/p>\n\n\n\n<p class=\"has-small-font-size\">Les s\u00e9minaires Enfants Arc-en-Ciel sont con\u00e7us pour eux, leurs parents, les soignants et les enseignants. Ce programme remarquable validera et am\u00e9liorera leur d\u00e9veloppement spirituel dans un environnement s\u00fbr et aimant, afin qu&rsquo;ils puissent partager leurs propres dons sp\u00e9ciaux avec les autres.<\/p>\n\n\n\n<p class=\"has-small-font-size\">Vous allez vivre une aventure tout en apprenant \u00e0 vous connecter au Cr\u00e9ateur: apprenez alors un large \u00e9ventail de techniques ThetaHealing\u00ae telles que la mani\u00e8re de travailler sur les croyances et comment cr\u00e9er des sentiments positifs; les lectures empathiques; les gu\u00e9risons du corps et de l&rsquo;\u00e2me; les m\u00e9ditations guid\u00e9es; les lectures du futur et des anges gardiens.<\/p>\n\n\n\n<p class=\"has-small-font-size\">Gr\u00e2ce aux sept plans d&rsquo;Existence, les \u00e9tudiants apprendront de merveilleux moyens de communiquer avec les anges et les plantes. Ils apprendront \u00e9galement comment gu\u00e9rir avec des cristaux, comment se connecter \u00e0 des animaux Totem avec un tambour et des totems, comment d\u00e9velopper leur t\u00e9l\u00e9kin\u00e9sie et comment changer les auras et gu\u00e9rir les animaux.<\/p>\n\n\n\n<p class=\"has-small-font-size\">Vous apprendrez 16 exercices diff\u00e9rents pour pratiquer, que vous soyez un enfant ou un jeune adulte.<\/p>\n\n\n\n<p class=\"has-small-font-size\">Ce s\u00e9minaire comprend : le manuel ThetaHealing\u00ae pour jeunes adultes ou le manuel ThetaHealing\u00ae pour enfants<\/p>\n\n\n\n<p class=\"has-small-font-size\"><strong>Pr\u00e9-requis&nbsp;<\/strong>: Aucun<\/p>\n\n\n\n<p class=\"has-small-font-size\">Pour plus d\u2019information visitez le site: visit <a href=\"http:\/\/www.thetahealing.com\">www.thetahealing.com<\/a><br>Vous recevrez le manuel de s\u00e9minaire ainsi que votre certification.<\/p>\n\n\n\n<hr class=\"wp-block-separator has-css-opacity is-style-wide\"\/>\n\n\n\n<p class=\"has-text-align-center has-small-font-size\" id=\"calendrier\"><strong>Pour vous enregistrer veuillez s\u00e9lectionner la premi\u00e8re date dans le calendrier et suivre les instructions.<\/strong><\/p>\n\n\n\n<hr class=\"wp-block-separator has-css-opacity is-style-wide\"\/>\n","protected":false},"excerpt":{"rendered":"<p>S\u00e9minaire&nbsp;ThetaHealing\u00ae Enfants Arc-En-Ciel Veuillez vous inscrire ci-dessous ou consulter notre calendrier&nbsp;afin de voir la liste compl\u00e8te de nos s\u00e9minaires. \u201cCe s\u00e9minaire est d\u2019une dur\u00e9e de 4 jours et donn\u00e9 sera donn\u00e9 en pr\u00e9sentiel ou en ligne.\u201d Ce s\u00e9minaire r\u00e9pond \u00e0 la vision de Vianna d&rsquo;enseigner aux Enfants Arc-en-Ciel. Notre monde est maintenant b\u00e9ni avec les&#8230;<\/p>\n","protected":false},"author":3,"featured_media":0,"parent":2015,"menu_order":0,"comment_status":"closed","ping_status":"closed","template":"","meta":{"_seopress_robots_primary_cat":"","_seopress_titles_title":"","_seopress_titles_desc":"","_seopress_robots_index":"","_kad_blocks_custom_css":"","_kad_blocks_head_custom_js":"","_kad_blocks_body_custom_js":"","_kad_blocks_footer_custom_js":"","_kad_post_transparent":"disable","_kad_post_title":"hide","_kad_post_layout":"left","_kad_post_sidebar_id":"sidebar-secondary","_kad_post_content_style":"","_kad_post_vertical_padding":"","_kad_post_feature":"","_kad_post_feature_position":"","_kad_post_header":false,"_kad_post_footer":false,"_kad_post_classname":"","footnotes":""},"class_list":["post-2563","page","type-page","status-publish","hentry"],"taxonomy_info":[],"featured_image_src_large":false,"author_info":{"display_name":"Lets Talk Coaches","author_link":"https:\/\/www.letstalkcoach.com\/fr\/author\/lets-talk-coaches\/"},"comment_info":0,"_links":{"self":[{"href":"https:\/\/www.letstalkcoach.com\/fr\/wp-json\/wp\/v2\/pages\/2563","targetHints":{"allow":["GET"]}}],"collection":[{"href":"https:\/\/www.letstalkcoach.com\/fr\/wp-json\/wp\/v2\/pages"}],"about":[{"href":"https:\/\/www.letstalkcoach.com\/fr\/wp-json\/wp\/v2\/types\/page"}],"author":[{"embeddable":true,"href":"https:\/\/www.letstalkcoach.com\/fr\/wp-json\/wp\/v2\/users\/3"}],"replies":[{"embeddable":true,"href":"https:\/\/www.letstalkcoach.com\/fr\/wp-json\/wp\/v2\/comments?post=2563"}],"version-history":[{"count":8,"href":"https:\/\/www.letstalkcoach.com\/fr\/wp-json\/wp\/v2\/pages\/2563\/revisions"}],"predecessor-version":[{"id":8286,"href":"https:\/\/www.letstalkcoach.com\/fr\/wp-json\/wp\/v2\/pages\/2563\/revisions\/8286"}],"up":[{"embeddable":true,"href":"https:\/\/www.letstalkcoach.com\/fr\/wp-json\/wp\/v2\/pages\/2015"}],"wp:attachment":[{"href":"https:\/\/www.letstalkcoach.com\/fr\/wp-json\/wp\/v2\/media?parent=2563"}],"curies":[{"name":"wp","href":"https:\/\/api.w.org\/{rel}","templated":true}]}}