{"id":2578,"date":"2017-01-22T23:00:06","date_gmt":"2017-01-23T03:00:06","guid":{"rendered":"https:\/\/parlonscoach.com\/?page_id=2578"},"modified":"2023-08-27T16:08:58","modified_gmt":"2023-08-27T20:08:58","slug":"ame-soeur","status":"publish","type":"page","link":"https:\/\/www.letstalkcoach.com\/fr\/classe\/ame-soeur\/","title":{"rendered":"S\u00e9minaire ThetaHealing\u00ae \u00c2me soeur"},"content":{"rendered":"\n<h2 class=\"wp-block-heading has-text-align-center\">S\u00e9minaire&nbsp;ThetaHealing\u00ae&nbsp;\u00c2me Soeur<\/h2>\n\n\n\n<p class=\"has-text-align-center has-small-font-size\"><em>Veuillez vous inscrire <a href=\"#calendrier\">ci-dessous<\/a> ou c<em>onsulter notre <a href=\"https:\/\/www.letstalkcoach.com\/fr\/notre-calendrier\/\">calendrier<\/a>&nbsp;afin de voir la liste compl\u00e8te de nos s\u00e9minaires<\/em><\/em><\/p>\n\n\n\n<div class=\"wp-block-media-text alignwide is-stacked-on-mobile\" style=\"grid-template-columns:17% auto\"><figure class=\"wp-block-media-text__media\"><img decoding=\"async\" src=\"https:\/\/parlonscoach.com\/wp-content\/uploads\/2016\/09\/soul-mate-791x1024.jpg\" alt=\"\" class=\"wp-image-2350 size-full\"\/><\/figure><div class=\"wp-block-media-text__content\">\n<p>\u201cCe s\u00e9minaire est d\u2019une dur\u00e9e de 2 jours et donn\u00e9 sera donn\u00e9 en pr\u00e9sentiel ou en ligne.\u201d<\/p>\n\n\n\n<p class=\"has-small-font-size\">C\u2019est le jour qui suit la journ\u00e9e \u00c2me S\u0153ur. Cette journ\u00e9e est propos\u00e9e aux \u00e9tudiants ayant suivi les cours de Base et Avanc\u00e9. Le deuxi\u00e8me jour va plus en profondeur sur l&rsquo;\u00e9limination des croyances et des peurs entourant la recherche de votre \u00e2me s\u0153ur.<\/p>\n<\/div><\/div>\n\n\n\n<p class=\"has-small-font-size\">Ce cours est une fa\u00e7on merveilleuse de d\u00e9couvrir ce que vous cherchez vraiment dans un partenaire et de vous attirer cette belle \u00e9nergie sans m\u00eame la chercher ! Venez d\u00e9couvrir de quoi votre relation manque et laissez-nous vous aider \u00e0 retrouver votre confiance personnelle, votre \u00e2me s\u0153ur ou juste vous aider \u00e0 rallumer cette vieille \u00e9tincelle.<\/p>\n\n\n\n<p class=\"has-small-font-size\">\u00ab\u00a0Rappelez-vous\u00a0\u00bb l&rsquo;amour est partout, mais sans \u00eatre compl\u00e8tement ouvert ou conscient de tout ce qui nous entoure, il peut facilement nous croiser sans m\u00eame que nous nous en apercevons.<\/p>\n\n\n\n<p class=\"has-small-font-size\"><strong>Pr\u00e9-requis&nbsp;<\/strong>: <a href=\"https:\/\/www.letstalkcoach.com\/fr\/ottawa-classes-thetahealing\/adn-base\/\">ThetaHealing\u00ae ADN de base<\/a>,&nbsp;<a href=\"https:\/\/www.letstalkcoach.com\/fr\/ottawa-classes-thetahealing\/adn-avance\/\">ThetaHealing\u00ae ADN avanc\u00e9<\/a>&nbsp;et&nbsp; <a href=\"https:\/\/www.letstalkcoach.com\/fr\/ottawa-classes-thetahealing\/approfondissement\/\">Travail d\u2019approfondissement<\/a><\/p>\n\n\n\n<p class=\"has-small-font-size\">Pour plus d\u2019information visitez le site: visit <a href=\"http:\/\/www.thetahealing.com\">www.thetahealing.com<\/a><br>Vous recevrez le manuel de s\u00e9minaire ainsi que votre certification.<\/p>\n\n\n\n<hr class=\"wp-block-separator has-css-opacity is-style-wide\"\/>\n\n\n\n<p class=\"has-text-align-center has-small-font-size\" id=\"calendrier\"><strong>Pour vous enregistrer veuillez s\u00e9lectionner la premi\u00e8re date dans le calendrier et suivre les instructions.<\/strong><\/p>\n\n\n\n<div class=\"tbk-frontend\" id=\"tbk-frontend-e006\" data-view=\"upcoming\" data-services=\"soul-mate-seminar\" data-providers=\"11\" data-readonly=\"false\" data-loggedonly=\"false\" data-max-upcoming=\"0\" data-default-upcoming=\"4\" data-show-more-upcoming=\"false\"><div class=\"tbk-inner-content\"><\/div><\/div>\n\n\n\n<hr class=\"wp-block-separator has-css-opacity is-style-wide\"\/>\n","protected":false},"excerpt":{"rendered":"<p>S\u00e9minaire&nbsp;ThetaHealing\u00ae&nbsp;\u00c2me Soeur Veuillez vous inscrire ci-dessous ou consulter notre calendrier&nbsp;afin de voir la liste compl\u00e8te de nos s\u00e9minaires \u201cCe s\u00e9minaire est d\u2019une dur\u00e9e de 2 jours et donn\u00e9 sera donn\u00e9 en pr\u00e9sentiel ou en ligne.\u201d C\u2019est le jour qui suit la journ\u00e9e \u00c2me S\u0153ur. Cette journ\u00e9e est propos\u00e9e aux \u00e9tudiants ayant suivi les cours de&#8230;<\/p>\n","protected":false},"author":3,"featured_media":0,"parent":2015,"menu_order":0,"comment_status":"closed","ping_status":"closed","template":"","meta":{"_seopress_robots_primary_cat":"","_seopress_titles_title":"","_seopress_titles_desc":"","_seopress_robots_index":"","_kad_blocks_custom_css":"","_kad_blocks_head_custom_js":"","_kad_blocks_body_custom_js":"","_kad_blocks_footer_custom_js":"","_kad_post_transparent":"disable","_kad_post_title":"hide","_kad_post_layout":"left","_kad_post_sidebar_id":"sidebar-secondary","_kad_post_content_style":"","_kad_post_vertical_padding":"","_kad_post_feature":"","_kad_post_feature_position":"","_kad_post_header":false,"_kad_post_footer":false,"_kad_post_classname":"","footnotes":""},"class_list":["post-2578","page","type-page","status-publish","hentry"],"taxonomy_info":[],"featured_image_src_large":false,"author_info":{"display_name":"Lets Talk Coaches","author_link":"https:\/\/www.letstalkcoach.com\/fr\/author\/lets-talk-coaches\/"},"comment_info":0,"_links":{"self":[{"href":"https:\/\/www.letstalkcoach.com\/fr\/wp-json\/wp\/v2\/pages\/2578","targetHints":{"allow":["GET"]}}],"collection":[{"href":"https:\/\/www.letstalkcoach.com\/fr\/wp-json\/wp\/v2\/pages"}],"about":[{"href":"https:\/\/www.letstalkcoach.com\/fr\/wp-json\/wp\/v2\/types\/page"}],"author":[{"embeddable":true,"href":"https:\/\/www.letstalkcoach.com\/fr\/wp-json\/wp\/v2\/users\/3"}],"replies":[{"embeddable":true,"href":"https:\/\/www.letstalkcoach.com\/fr\/wp-json\/wp\/v2\/comments?post=2578"}],"version-history":[{"count":9,"href":"https:\/\/www.letstalkcoach.com\/fr\/wp-json\/wp\/v2\/pages\/2578\/revisions"}],"predecessor-version":[{"id":8403,"href":"https:\/\/www.letstalkcoach.com\/fr\/wp-json\/wp\/v2\/pages\/2578\/revisions\/8403"}],"up":[{"embeddable":true,"href":"https:\/\/www.letstalkcoach.com\/fr\/wp-json\/wp\/v2\/pages\/2015"}],"wp:attachment":[{"href":"https:\/\/www.letstalkcoach.com\/fr\/wp-json\/wp\/v2\/media?parent=2578"}],"curies":[{"name":"wp","href":"https:\/\/api.w.org\/{rel}","templated":true}]}}