{"id":2585,"date":"2017-01-22T23:06:55","date_gmt":"2017-01-23T03:06:55","guid":{"rendered":"https:\/\/parlonscoach.com\/?page_id=2585"},"modified":"2023-08-27T16:14:04","modified_gmt":"2023-08-27T20:14:04","slug":"liens","status":"publish","type":"page","link":"https:\/\/www.letstalkcoach.com\/fr\/classe\/liens\/","title":{"rendered":"S\u00e9minaire ThetaHealing\u00ae Liens Familiaux"},"content":{"rendered":"\n<h2 class=\"wp-block-heading has-text-align-center\">S\u00e9minaire&nbsp;ThetaHealing\u00ae Liens Familiaux<\/h2>\n\n\n\n<p class=\"has-text-align-center has-small-font-size\"><em>Veuillez vous inscrire <a href=\"#calendrier\">ci-dessous<\/a> ou c<em>onsulter notre <a href=\"https:\/\/www.letstalkcoach.com\/fr\/notre-calendrier\/\">calendrier<\/a>&nbsp;afin de voir la liste compl\u00e8te de nos s\u00e9minaires<\/em>.<\/em><\/p>\n\n\n\n<div class=\"wp-block-media-text alignwide is-stacked-on-mobile\" style=\"grid-template-columns:22% auto\"><figure class=\"wp-block-media-text__media\"><img decoding=\"async\" src=\"https:\/\/parlonscoach.com\/wp-content\/uploads\/2016\/09\/family-ties-791x1024.jpg\" alt=\"\" class=\"wp-image-2338 size-full\"\/><\/figure><div class=\"wp-block-media-text__content\">\n<p>\u201cCe s\u00e9minaire est d\u2019une dur\u00e9e de 2 jours et donn\u00e9 sur place seulement.\u201d<\/p>\n\n\n\n<p class=\"has-small-font-size\">Dans ce s\u00e9minaire, nous dirigeons notre attention vers l&rsquo;int\u00e9rieur et d\u00e9couvrons des croyances que nous avons accept\u00e9es pr\u00e9cis\u00e9ment \u00e0 cause de la famille dans laquelle nous sommes n\u00e9s. C&rsquo;est un s\u00e9minaire o\u00f9, en laissant aller des croyances qui ne nous servent plus, nous arrivons \u00e0 mieux nous conna\u00eetre, \u00e0 nous reconna\u00eetre, \u00e0 nous accepter, et \u00e0 mener une existence plus libre. En bref, nous apprenons \u00e0 mieux nous aimer et \u00e0 nous accepter tels que nous sommes, de cette fa\u00e7on nous apprenons \u00e0 nous conna\u00eetre comme des \u00eatres de lumi\u00e8re.<\/p>\n<\/div><\/div>\n\n\n\n<p class=\"has-small-font-size\">Ce s\u00e9minaire explore comment &#8211; \u00e0 travers une meilleure compr\u00e9hension des croyances et des programmes provenant de notre famille et de nos anc\u00eatres \u2013 nous pouvons nous lib\u00e9rer de diverses obligations et devoirs qui n&rsquo;ont jamais \u00e9t\u00e9 les n\u00f4tres d\u00e8s le d\u00e9part, ainsi que de nous formuler un nouveau sens d&rsquo;identit\u00e9 et de direction dans notre vie bas\u00e9e sur nos vrais objectifs et aspirations.<\/p>\n\n\n\n<p class=\"has-small-font-size\">Ce s\u00e9minaire applique les outils de base de ThetaHealing\u00ae pour aborder une foule de questions li\u00e9es \u00e0 la famille. Dans ce processus, un nombre d&rsquo;exercices innovants sont introduits.<\/p>\n\n\n\n<p>Les domaines d&rsquo;int\u00e9r\u00eat comprennent:<\/p>\n\n\n\n<ul class=\"wp-block-list\">\n<li>Nettoyer les ressentiments envers ses parents<\/li>\n\n\n\n<li>Identifier les profils \u00e9nerg\u00e9tiques de la famille et r\u00e9soudre les probl\u00e8mes familiaux<\/li>\n\n\n\n<li>Reconna\u00eetre son intention d&rsquo;\u00eatre n\u00e9 dans ce monde et de choisir sa propre famille<\/li>\n\n\n\n<li>Int\u00e9gration avec le moi sup\u00e9rieur<\/li>\n<\/ul>\n\n\n\n<p class=\"has-small-font-size\">Ce s\u00e9minaire a \u00e9t\u00e9 con\u00e7u par Reiko Samos en utilisant les Techniques ThetaHealing\u00ae et est devenu un \u00e9lectif approuv\u00e9 en 2013.<\/p>\n\n\n\n<p class=\"has-small-font-size\">Ce s\u00e9minaire comprend : Le manuel ThetaHealing\u00ae Lien familiaux praticien<\/p>\n\n\n\n<p class=\"has-small-font-size\"><strong>Pr\u00e9-requis&nbsp;<\/strong>: <a href=\"https:\/\/www.letstalkcoach.com\/fr\/ottawa-classes-thetahealing\/adn-base\/\">ThetaHealing\u00ae ADN de base<\/a>,&nbsp;<a href=\"https:\/\/www.letstalkcoach.com\/fr\/ottawa-classes-thetahealing\/adn-avance\/\">ThetaHealing\u00ae ADN avanc\u00e9<\/a>&nbsp;et <a href=\"https:\/\/www.letstalkcoach.com\/fr\/ottawa-classes-thetahealing\/approfondissement\/\">Travail d\u2019approfondissement<\/a><\/p>\n\n\n\n<p class=\"has-small-font-size\">Pour plus d\u2019information visitez le site: visit <a href=\"http:\/\/www.thetahealing.com\">www.thetahealing.com<\/a><br>Vous recevrez le manuel de s\u00e9minaire ainsi que votre certification.<\/p>\n\n\n\n<hr class=\"wp-block-separator has-css-opacity is-style-wide\"\/>\n\n\n\n<p class=\"has-text-align-center has-small-font-size\" id=\"calendrier\"><strong>Pour vous enregistrer veuillez s\u00e9lectionner la premi\u00e8re date dans le calendrier et suivre les instructions.<\/strong><\/p>\n\n\n\n<div class=\"tbk-frontend\" id=\"tbk-frontend-2c1b\" data-view=\"upcoming\" data-services=\"family-tie-seminar\" data-providers=\"11\" data-readonly=\"false\" data-loggedonly=\"false\" data-max-upcoming=\"0\" data-default-upcoming=\"4\" data-show-more-upcoming=\"false\"><div class=\"tbk-inner-content\"><\/div><\/div>\n\n\n\n<hr class=\"wp-block-separator has-css-opacity is-style-wide\"\/>\n","protected":false},"excerpt":{"rendered":"<p>S\u00e9minaire&nbsp;ThetaHealing\u00ae Liens Familiaux Veuillez vous inscrire ci-dessous ou consulter notre calendrier&nbsp;afin de voir la liste compl\u00e8te de nos s\u00e9minaires. \u201cCe s\u00e9minaire est d\u2019une dur\u00e9e de 2 jours et donn\u00e9 sur place seulement.\u201d Dans ce s\u00e9minaire, nous dirigeons notre attention vers l&rsquo;int\u00e9rieur et d\u00e9couvrons des croyances que nous avons accept\u00e9es pr\u00e9cis\u00e9ment \u00e0 cause de la famille&#8230;<\/p>\n","protected":false},"author":3,"featured_media":0,"parent":2015,"menu_order":0,"comment_status":"closed","ping_status":"closed","template":"","meta":{"_seopress_robots_primary_cat":"","_seopress_titles_title":"","_seopress_titles_desc":"","_seopress_robots_index":"","_kad_blocks_custom_css":"","_kad_blocks_head_custom_js":"","_kad_blocks_body_custom_js":"","_kad_blocks_footer_custom_js":"","_kad_post_transparent":"disable","_kad_post_title":"hide","_kad_post_layout":"left","_kad_post_sidebar_id":"sidebar-secondary","_kad_post_content_style":"","_kad_post_vertical_padding":"","_kad_post_feature":"","_kad_post_feature_position":"","_kad_post_header":false,"_kad_post_footer":false,"_kad_post_classname":"","footnotes":""},"class_list":["post-2585","page","type-page","status-publish","hentry"],"taxonomy_info":[],"featured_image_src_large":false,"author_info":{"display_name":"Lets Talk Coaches","author_link":"https:\/\/www.letstalkcoach.com\/fr\/author\/lets-talk-coaches\/"},"comment_info":0,"_links":{"self":[{"href":"https:\/\/www.letstalkcoach.com\/fr\/wp-json\/wp\/v2\/pages\/2585","targetHints":{"allow":["GET"]}}],"collection":[{"href":"https:\/\/www.letstalkcoach.com\/fr\/wp-json\/wp\/v2\/pages"}],"about":[{"href":"https:\/\/www.letstalkcoach.com\/fr\/wp-json\/wp\/v2\/types\/page"}],"author":[{"embeddable":true,"href":"https:\/\/www.letstalkcoach.com\/fr\/wp-json\/wp\/v2\/users\/3"}],"replies":[{"embeddable":true,"href":"https:\/\/www.letstalkcoach.com\/fr\/wp-json\/wp\/v2\/comments?post=2585"}],"version-history":[{"count":7,"href":"https:\/\/www.letstalkcoach.com\/fr\/wp-json\/wp\/v2\/pages\/2585\/revisions"}],"predecessor-version":[{"id":8411,"href":"https:\/\/www.letstalkcoach.com\/fr\/wp-json\/wp\/v2\/pages\/2585\/revisions\/8411"}],"up":[{"embeddable":true,"href":"https:\/\/www.letstalkcoach.com\/fr\/wp-json\/wp\/v2\/pages\/2015"}],"wp:attachment":[{"href":"https:\/\/www.letstalkcoach.com\/fr\/wp-json\/wp\/v2\/media?parent=2585"}],"curies":[{"name":"wp","href":"https:\/\/api.w.org\/{rel}","templated":true}]}}