{"id":2589,"date":"2017-01-22T23:11:35","date_gmt":"2017-01-23T03:11:35","guid":{"rendered":"https:\/\/parlonscoach.com\/?page_id=2589"},"modified":"2023-08-27T16:13:15","modified_gmt":"2023-08-27T20:13:15","slug":"jeu","status":"publish","type":"page","link":"https:\/\/www.letstalkcoach.com\/fr\/classe\/jeu\/","title":{"rendered":"S\u00e9minaire ThetaHealing\u00ae Le jeu de la vie"},"content":{"rendered":"\n<h2 class=\"wp-block-heading has-text-align-center\">S\u00e9minaire&nbsp;ThetaHealing\u00ae Le jeu de la vie<\/h2>\n\n\n\n<p class=\"has-text-align-center has-small-font-size\"><em>Veuillez vous inscrire <a href=\"#calendrier\">ci-dessous<\/a> ou c<em>onsulter notre <a href=\"https:\/\/www.letstalkcoach.com\/fr\/notre-calendrier\/\">calendrier<\/a>&nbsp;afin de voir la liste compl\u00e8te de nos s\u00e9minaires<\/em>.<\/em><\/p>\n\n\n\n<div class=\"wp-block-media-text alignwide is-stacked-on-mobile\" style=\"grid-template-columns:20% auto\"><figure class=\"wp-block-media-text__media\"><img loading=\"lazy\" decoding=\"async\" width=\"791\" height=\"1024\" src=\"https:\/\/www.letstalkcoach.com\/wp-content\/uploads\/2016\/09\/Game-of-life-791x1024.jpg\" alt=\"\" class=\"wp-image-2342 size-full\" srcset=\"https:\/\/www.letstalkcoach.com\/wp-content\/uploads\/2016\/09\/Game-of-life-791x1024.jpg 791w, https:\/\/www.letstalkcoach.com\/wp-content\/uploads\/2016\/09\/Game-of-life-232x300.jpg 232w, https:\/\/www.letstalkcoach.com\/wp-content\/uploads\/2016\/09\/Game-of-life-768x994.jpg 768w, https:\/\/www.letstalkcoach.com\/wp-content\/uploads\/2016\/09\/Game-of-life-1187x1536.jpg 1187w, https:\/\/www.letstalkcoach.com\/wp-content\/uploads\/2016\/09\/Game-of-life-1583x2048.jpg 1583w, https:\/\/www.letstalkcoach.com\/wp-content\/uploads\/2016\/09\/Game-of-life-625x809.jpg 625w, https:\/\/www.letstalkcoach.com\/wp-content\/uploads\/2016\/09\/Game-of-life-937x1213.jpg 937w, https:\/\/www.letstalkcoach.com\/wp-content\/uploads\/2016\/09\/Game-of-life-1250x1618.jpg 1250w, https:\/\/www.letstalkcoach.com\/wp-content\/uploads\/2016\/09\/Game-of-life-483x625.jpg 483w, https:\/\/www.letstalkcoach.com\/wp-content\/uploads\/2016\/09\/Game-of-life-362x468.jpg 362w, https:\/\/www.letstalkcoach.com\/wp-content\/uploads\/2016\/09\/Game-of-life-321x416.jpg 321w, https:\/\/www.letstalkcoach.com\/wp-content\/uploads\/2016\/09\/Game-of-life-271x351.jpg 271w, https:\/\/www.letstalkcoach.com\/wp-content\/uploads\/2016\/09\/Game-of-life-241x312.jpg 241w, https:\/\/www.letstalkcoach.com\/wp-content\/uploads\/2016\/09\/Game-of-life-scaled.jpg 1978w\" sizes=\"auto, (max-width: 791px) 100vw, 791px\" \/><\/figure><div class=\"wp-block-media-text__content\">\n<p>\u201cCe s\u00e9minaire est d\u2019une dur\u00e9e de 3 jours et donn\u00e9 en lingne.\u201d<\/p>\n\n\n\n<p class=\"has-small-font-size\">Ce cours de trois jours a \u00e9t\u00e9 con\u00e7u et bas\u00e9 sur un cas r\u00e9el de r\u00e9ussite dans de la vie et donne l&rsquo;occasion d&rsquo;\u00e9liminer certaines croyances limitantes tout en inculquant des centaines de sentiments pour atteindre un plus grand succ\u00e8s dans la vie et dans ses projets. Vianna s&rsquo;est associ\u00e9e \u00e0 Hiro afin d\u2019unir la spiritualit\u00e9 et les affaires, et ce s\u00e9minaire, l&rsquo;un des premiers con\u00e7us dans cet esprit, est disponible gr\u00e2ce \u00e0 la technique ThetaHealing\u00ae.<\/p>\n<\/div><\/div>\n\n\n\n<p class=\"has-small-font-size\">Les sujets abord\u00e9s sont :<\/p>\n\n\n\n<ul class=\"wp-block-list\">\n<li>Travail sur les Croyance &#8211; approche pratique<\/li>\n\n\n\n<li>Lib\u00e9rez-vous des obligations des parents<\/li>\n\n\n\n<li>Lib\u00e9rez les traumatismes<\/li>\n\n\n\n<li>Soyez accept\u00e9 par la soci\u00e9t\u00e9<\/li>\n\n\n\n<li>Supportez la pression des pairs<\/li>\n\n\n\n<li>Recevez une abondance infinie<\/li>\n\n\n\n<li>D\u00e9veloppez votre entreprise comme vous le souhaitez<\/li>\n\n\n\n<li>Pr\u00e9parez-vous \u00e0 r\u00e9ussir<\/li>\n\n\n\n<li>Soyez excit\u00e9<\/li>\n\n\n\n<li>Visionnez et manifestez<\/li>\n<\/ul>\n\n\n\n<p class=\"has-small-font-size\">Le s\u00e9minaire praticien ThetaHealing\u00ae Jeu de la Vie a \u00e9t\u00e9 con\u00e7u \u00e0 l&rsquo;origine pour combler le foss\u00e9 entre l&rsquo;entreprise et la spiritualit\u00e9. D\u00e8s que le s\u00e9minaire a \u00e9t\u00e9 introduit, les gens en affaires ont commenc\u00e9 \u00e0 obtenir du succ\u00e8s en lib\u00e9rant et en nettoyant des croyances qui les ont aid\u00e9s \u00e0 atteindre leurs objectifs professionnels. Ce s\u00e9minaire permet de r\u00e9aliser que quel que soit votre objectif, que ce soit en affaires ou dans le priv\u00e9, il fait rena\u00eetre une vision en vous. Avec ce s\u00e9minaire pour praticiens, l&rsquo;accent est mis sur la cl\u00e9. Vous vous concentrez sur votre vision et lib\u00e9rez les croyances concernant la cr\u00e9ation de votre vision.<\/p>\n\n\n\n<p class=\"has-small-font-size\">Il s&rsquo;agit d&rsquo;un s\u00e9minaire de praticien \u00e9tonnant qui utilise la technique ThetaHealing\u00ae. Ce s\u00e9minaire a \u00e9t\u00e9 r\u00e9dig\u00e9 en collaboration avec Vianna Stibal et Hiroyuki en 2010 et a \u00e9t\u00e9 approuv\u00e9 comme un s\u00e9minaire \u00e9lectif en ThetaHealing\u00ae en 2011.<\/p>\n\n\n\n<p class=\"has-small-font-size\">Ce s\u00e9minaire comprend : Manuel du praticien : Jeu de la vie<\/p>\n\n\n\n<p class=\"has-small-font-size\"><strong>Pr\u00e9-requis&nbsp;<\/strong>: <a href=\"https:\/\/www.letstalkcoach.com\/fr\/ottawa-classes-thetahealing\/adn-base\/\">ThetaHealing\u00ae ADN de base<\/a>,&nbsp;<a href=\"https:\/\/www.letstalkcoach.com\/fr\/ottawa-classes-thetahealing\/avance\/\">ThetaHealing\u00ae ADN avanc\u00e9<\/a>&nbsp;et&nbsp; <a href=\"https:\/\/www.letstalkcoach.com\/fr\/ottawa-classes-thetahealing\/approfondissement\/\">Travail d\u2019approfondissement<\/a><\/p>\n\n\n\n<p class=\"has-small-font-size\">Pour plus d\u2019information visitez le site: visit <a href=\"http:\/\/www.thetahealing.com\">www.thetahealing.com<\/a><br>Vous recevrez le manuel du praticien ainsi que votre certification.<\/p>\n\n\n\n<hr class=\"wp-block-separator has-css-opacity is-style-wide\"\/>\n\n\n\n<p class=\"has-text-align-center has-small-font-size\" id=\"calendrier\"><strong>Pour vous enregistrer veuillez s\u00e9lectionner la premi\u00e8re date dans le calendrier et suivre les instructions.<\/strong><\/p>\n\n\n\n<div class=\"tbk-frontend\" id=\"tbk-frontend-7ee7\" data-view=\"upcoming\" data-services=\"game-of-life-seminar\" data-providers=\"11\" data-readonly=\"false\" data-loggedonly=\"false\" data-max-upcoming=\"0\" data-default-upcoming=\"4\" data-show-more-upcoming=\"false\"><div class=\"tbk-inner-content\"><\/div><\/div>\n\n\n\n<hr class=\"wp-block-separator has-css-opacity is-style-wide\"\/>\n","protected":false},"excerpt":{"rendered":"<p>S\u00e9minaire&nbsp;ThetaHealing\u00ae Le jeu de la vie Veuillez vous inscrire ci-dessous ou consulter notre calendrier&nbsp;afin de voir la liste compl\u00e8te de nos s\u00e9minaires. \u201cCe s\u00e9minaire est d\u2019une dur\u00e9e de 3 jours et donn\u00e9 en lingne.\u201d Ce cours de trois jours a \u00e9t\u00e9 con\u00e7u et bas\u00e9 sur un cas r\u00e9el de r\u00e9ussite dans de la vie et&#8230;<\/p>\n","protected":false},"author":3,"featured_media":0,"parent":2015,"menu_order":0,"comment_status":"closed","ping_status":"closed","template":"","meta":{"_seopress_robots_primary_cat":"","_seopress_titles_title":"","_seopress_titles_desc":"","_seopress_robots_index":"","_kad_blocks_custom_css":"","_kad_blocks_head_custom_js":"","_kad_blocks_body_custom_js":"","_kad_blocks_footer_custom_js":"","_kad_post_transparent":"disable","_kad_post_title":"hide","_kad_post_layout":"left","_kad_post_sidebar_id":"sidebar-secondary","_kad_post_content_style":"","_kad_post_vertical_padding":"","_kad_post_feature":"","_kad_post_feature_position":"","_kad_post_header":false,"_kad_post_footer":false,"_kad_post_classname":"","footnotes":""},"class_list":["post-2589","page","type-page","status-publish","hentry"],"taxonomy_info":[],"featured_image_src_large":false,"author_info":{"display_name":"Lets Talk Coaches","author_link":"https:\/\/www.letstalkcoach.com\/fr\/author\/lets-talk-coaches\/"},"comment_info":0,"_links":{"self":[{"href":"https:\/\/www.letstalkcoach.com\/fr\/wp-json\/wp\/v2\/pages\/2589","targetHints":{"allow":["GET"]}}],"collection":[{"href":"https:\/\/www.letstalkcoach.com\/fr\/wp-json\/wp\/v2\/pages"}],"about":[{"href":"https:\/\/www.letstalkcoach.com\/fr\/wp-json\/wp\/v2\/types\/page"}],"author":[{"embeddable":true,"href":"https:\/\/www.letstalkcoach.com\/fr\/wp-json\/wp\/v2\/users\/3"}],"replies":[{"embeddable":true,"href":"https:\/\/www.letstalkcoach.com\/fr\/wp-json\/wp\/v2\/comments?post=2589"}],"version-history":[{"count":9,"href":"https:\/\/www.letstalkcoach.com\/fr\/wp-json\/wp\/v2\/pages\/2589\/revisions"}],"predecessor-version":[{"id":8410,"href":"https:\/\/www.letstalkcoach.com\/fr\/wp-json\/wp\/v2\/pages\/2589\/revisions\/8410"}],"up":[{"embeddable":true,"href":"https:\/\/www.letstalkcoach.com\/fr\/wp-json\/wp\/v2\/pages\/2015"}],"wp:attachment":[{"href":"https:\/\/www.letstalkcoach.com\/fr\/wp-json\/wp\/v2\/media?parent=2589"}],"curies":[{"name":"wp","href":"https:\/\/api.w.org\/{rel}","templated":true}]}}