{"id":2607,"date":"2017-01-23T00:18:06","date_gmt":"2017-01-23T04:18:06","guid":{"rendered":"https:\/\/parlonscoach.com\/?page_id=2607"},"modified":"2023-08-27T16:10:12","modified_gmt":"2023-08-27T20:10:12","slug":"animal","status":"publish","type":"page","link":"https:\/\/www.letstalkcoach.com\/fr\/classe\/animal\/","title":{"rendered":"S\u00e9minaire ThetaHealing\u00ae Animal"},"content":{"rendered":"\n<h2 class=\"wp-block-heading has-text-align-center\">S\u00e9minaire&nbsp;ThetaHealing\u00ae&nbsp;Animal<\/h2>\n\n\n\n<p class=\"has-text-align-center has-small-font-size\"><em>Veuillez vous inscrire <a href=\"#calendrier\">ci-dessous<\/a> ou c<em>onsulter notre <a href=\"https:\/\/www.letstalkcoach.com\/fr\/notre-calendrier\/\">calendrier<\/a>&nbsp;afin de voir la liste compl\u00e8te de nos s\u00e9minaires<\/em><\/em><\/p>\n\n\n\n<div class=\"wp-block-media-text alignwide is-stacked-on-mobile\" style=\"grid-template-columns:18% auto\"><figure class=\"wp-block-media-text__media\"><img loading=\"lazy\" decoding=\"async\" width=\"791\" height=\"1024\" src=\"https:\/\/www.letstalkcoach.com\/wp-content\/uploads\/2016\/09\/Animals-791x1024.jpg\" alt=\"\" class=\"wp-image-2336 size-full\" srcset=\"https:\/\/www.letstalkcoach.com\/wp-content\/uploads\/2016\/09\/Animals-791x1024.jpg 791w, https:\/\/www.letstalkcoach.com\/wp-content\/uploads\/2016\/09\/Animals-232x300.jpg 232w, https:\/\/www.letstalkcoach.com\/wp-content\/uploads\/2016\/09\/Animals-768x994.jpg 768w, https:\/\/www.letstalkcoach.com\/wp-content\/uploads\/2016\/09\/Animals-1187x1536.jpg 1187w, https:\/\/www.letstalkcoach.com\/wp-content\/uploads\/2016\/09\/Animals-1583x2048.jpg 1583w, https:\/\/www.letstalkcoach.com\/wp-content\/uploads\/2016\/09\/Animals-625x809.jpg 625w, https:\/\/www.letstalkcoach.com\/wp-content\/uploads\/2016\/09\/Animals-937x1213.jpg 937w, https:\/\/www.letstalkcoach.com\/wp-content\/uploads\/2016\/09\/Animals-1250x1618.jpg 1250w, https:\/\/www.letstalkcoach.com\/wp-content\/uploads\/2016\/09\/Animals-483x625.jpg 483w, https:\/\/www.letstalkcoach.com\/wp-content\/uploads\/2016\/09\/Animals-362x468.jpg 362w, https:\/\/www.letstalkcoach.com\/wp-content\/uploads\/2016\/09\/Animals-321x416.jpg 321w, https:\/\/www.letstalkcoach.com\/wp-content\/uploads\/2016\/09\/Animals-271x351.jpg 271w, https:\/\/www.letstalkcoach.com\/wp-content\/uploads\/2016\/09\/Animals-241x312.jpg 241w, https:\/\/www.letstalkcoach.com\/wp-content\/uploads\/2016\/09\/Animals-scaled.jpg 1978w\" sizes=\"auto, (max-width: 791px) 100vw, 791px\" \/><\/figure><div class=\"wp-block-media-text__content\">\n<p>\u201cCe s\u00e9minaire est d\u2019une dur\u00e9e de 2&nbsp;jours et donn\u00e9 sera donn\u00e9 en pr\u00e9sentiel ou en ligne.\u201d<\/p>\n\n\n\n<p class=\"has-small-font-size\">Ce s\u00e9minaire unique a \u00e9t\u00e9 d\u00e9velopp\u00e9 pour ceux qui aiment les animaux et qui ont un rapport profonde et une affinit\u00e9 avec tous les \u00eatres vivants. Dans ce s\u00e9minaire de deux jours, vous obtiendrez une compr\u00e9hension plus profonde et augmenterez votre confiance avec le proc\u00e9d\u00e9 de gu\u00e9rison des animaux.<\/p>\n<\/div><\/div>\n\n\n\n<p class=\"has-small-font-size\">Vous apprendrez aussi pourquoi nous, en tant qu&rsquo;humains, nous agissons comme nous le faisons, comment notre ADN fonctionne vraiment, et faire des changements dans notre vie gr\u00e2ce \u00e0 notre ADN.<\/p>\n\n\n\n<p class=\"has-small-font-size\">Pendant le s\u00e9minaire animal, vous apprendrez des informations approfondies sur le troisi\u00e8me plan d&rsquo;existence, o\u00f9 nous et les animaux r\u00e9sidons. Beaucoup de ceux qui suivent ce s\u00e9minaire apprennent une grande quantit\u00e9 d&rsquo;informations sur la fa\u00e7on de communiquer avec les animaux. Vous apprendrez \u00e0 travailler avec des animaux, domestiques ou sauvages, comment apprendre du monde animal et \u00e0 voir le monde qui nous entoure sous un jour nouveau. Avec la compr\u00e9hension du monde animal, nous avons la capacit\u00e9 de comprendre notre nature humaine et notre fa\u00e7on d&rsquo;\u00eatre. Avec ce s\u00e9minaire, vous serez en mesure d&rsquo;am\u00e9liorer vos connaissances et \u00eatre pr\u00e9par\u00e9 pour les informations dans le s\u00e9minaire Plans d\u2019existences.<\/p>\n\n\n\n<p class=\"has-small-font-size\">Ce s\u00e9minaire est un s\u00e9minaire d&rsquo;une \u00e0 deux journ\u00e9es, ou selon le nombre d&rsquo;animaux que l\u2019instructeur aura pour le s\u00e9minaire.<\/p>\n\n\n\n<p class=\"has-small-font-size\">Ce s\u00e9minaire comprend : Manuel du praticien : Animal<\/p>\n\n\n\n<p class=\"has-small-font-size\"><strong>Pr\u00e9-requis&nbsp;<\/strong>: <a href=\"https:\/\/www.letstalkcoach.com\/fr\/ottawa-classes-thetahealing\/adn-base\/\">ThetaHealing\u00ae ADN de base<\/a>,&nbsp;<a href=\"https:\/\/www.letstalkcoach.com\/fr\/ottawa-classes-thetahealing\/adn-avance\/\">ThetaHealing\u00ae ADN avanc\u00e9<\/a>&nbsp;et <a href=\"https:\/\/www.letstalkcoach.com\/fr\/ottawa-classes-thetahealing\/approfondissement\/\">Travail d\u2019approfondissement<\/a><\/p>\n\n\n\n<p class=\"has-small-font-size\">Pour plus d\u2019information visitez le site: visit <a href=\"http:\/\/www.thetahealing.com\">www.thetahealing.com<\/a><br>Vous recevrez le manuel du praticien ainsi que votre certification.<\/p>\n\n\n\n<hr class=\"wp-block-separator has-css-opacity is-style-wide\"\/>\n\n\n\n<p class=\"has-text-align-center has-small-font-size\" id=\"calendrier\"><strong>Pour vous enregistrer veuillez s\u00e9lectionner la premi\u00e8re date dans le calendrier et suivre les instructions.<\/strong><\/p>\n\n\n\n<div class=\"tbk-frontend\" id=\"tbk-frontend-1831\" data-view=\"upcoming\" data-services=\"s_2LgbDkuKoBTRT6yvO76DfbWbX04yR0th\" data-providers=\"11\" data-readonly=\"false\" data-loggedonly=\"false\" data-max-upcoming=\"0\" data-default-upcoming=\"4\" data-show-more-upcoming=\"false\"><div class=\"tbk-inner-content\"><\/div><\/div>\n\n\n\n<hr class=\"wp-block-separator has-css-opacity is-style-wide\"\/>\n","protected":false},"excerpt":{"rendered":"<p>S\u00e9minaire&nbsp;ThetaHealing\u00ae&nbsp;Animal Veuillez vous inscrire ci-dessous ou consulter notre calendrier&nbsp;afin de voir la liste compl\u00e8te de nos s\u00e9minaires \u201cCe s\u00e9minaire est d\u2019une dur\u00e9e de 2&nbsp;jours et donn\u00e9 sera donn\u00e9 en pr\u00e9sentiel ou en ligne.\u201d Ce s\u00e9minaire unique a \u00e9t\u00e9 d\u00e9velopp\u00e9 pour ceux qui aiment les animaux et qui ont un rapport profonde et une affinit\u00e9 avec&#8230;<\/p>\n","protected":false},"author":3,"featured_media":0,"parent":2015,"menu_order":0,"comment_status":"closed","ping_status":"closed","template":"","meta":{"_seopress_robots_primary_cat":"","_seopress_titles_title":"","_seopress_titles_desc":"","_seopress_robots_index":"","_kad_blocks_custom_css":"","_kad_blocks_head_custom_js":"","_kad_blocks_body_custom_js":"","_kad_blocks_footer_custom_js":"","_kad_post_transparent":"disable","_kad_post_title":"hide","_kad_post_layout":"left","_kad_post_sidebar_id":"sidebar-secondary","_kad_post_content_style":"","_kad_post_vertical_padding":"","_kad_post_feature":"","_kad_post_feature_position":"","_kad_post_header":false,"_kad_post_footer":false,"_kad_post_classname":"","footnotes":""},"class_list":["post-2607","page","type-page","status-publish","hentry"],"taxonomy_info":[],"featured_image_src_large":false,"author_info":{"display_name":"Lets Talk Coaches","author_link":"https:\/\/www.letstalkcoach.com\/fr\/author\/lets-talk-coaches\/"},"comment_info":0,"_links":{"self":[{"href":"https:\/\/www.letstalkcoach.com\/fr\/wp-json\/wp\/v2\/pages\/2607","targetHints":{"allow":["GET"]}}],"collection":[{"href":"https:\/\/www.letstalkcoach.com\/fr\/wp-json\/wp\/v2\/pages"}],"about":[{"href":"https:\/\/www.letstalkcoach.com\/fr\/wp-json\/wp\/v2\/types\/page"}],"author":[{"embeddable":true,"href":"https:\/\/www.letstalkcoach.com\/fr\/wp-json\/wp\/v2\/users\/3"}],"replies":[{"embeddable":true,"href":"https:\/\/www.letstalkcoach.com\/fr\/wp-json\/wp\/v2\/comments?post=2607"}],"version-history":[{"count":9,"href":"https:\/\/www.letstalkcoach.com\/fr\/wp-json\/wp\/v2\/pages\/2607\/revisions"}],"predecessor-version":[{"id":8405,"href":"https:\/\/www.letstalkcoach.com\/fr\/wp-json\/wp\/v2\/pages\/2607\/revisions\/8405"}],"up":[{"embeddable":true,"href":"https:\/\/www.letstalkcoach.com\/fr\/wp-json\/wp\/v2\/pages\/2015"}],"wp:attachment":[{"href":"https:\/\/www.letstalkcoach.com\/fr\/wp-json\/wp\/v2\/media?parent=2607"}],"curies":[{"name":"wp","href":"https:\/\/api.w.org\/{rel}","templated":true}]}}