{"id":2610,"date":"2017-01-23T00:21:49","date_gmt":"2017-01-23T04:21:49","guid":{"rendered":"https:\/\/parlonscoach.com\/?page_id=2610"},"modified":"2023-08-27T16:17:21","modified_gmt":"2023-08-27T20:17:21","slug":"plantes","status":"publish","type":"page","link":"https:\/\/www.letstalkcoach.com\/fr\/classe\/plantes\/","title":{"rendered":"S\u00e9minaire ThetaHealing\u00ae Plantes"},"content":{"rendered":"\n<h2 class=\"wp-block-heading has-text-align-center\">S\u00e9minaire&nbsp;ThetaHealing\u00ae&nbsp;Plantes<\/h2>\n\n\n\n<p class=\"has-text-align-center\"><em>Veuillez vous inscrire <a href=\"#calendrier\">ci-dessous<\/a> ou c<em>onsulter notre <a href=\"https:\/\/www.letstalkcoach.com\/fr\/notre-calendrier\/\">calendrier<\/a>&nbsp;afin de voir la liste compl\u00e8te de nos s\u00e9minaires<\/em>.<\/em><\/p>\n\n\n\n<div class=\"wp-block-media-text alignwide is-stacked-on-mobile\" style=\"grid-template-columns:18% auto\"><figure class=\"wp-block-media-text__media\"><img loading=\"lazy\" decoding=\"async\" width=\"791\" height=\"1024\" src=\"https:\/\/www.letstalkcoach.com\/wp-content\/uploads\/2016\/09\/plants-791x1024.jpg\" alt=\"\" class=\"wp-image-2346 size-full\" srcset=\"https:\/\/www.letstalkcoach.com\/wp-content\/uploads\/2016\/09\/plants-791x1024.jpg 791w, https:\/\/www.letstalkcoach.com\/wp-content\/uploads\/2016\/09\/plants-232x300.jpg 232w, https:\/\/www.letstalkcoach.com\/wp-content\/uploads\/2016\/09\/plants-768x994.jpg 768w, https:\/\/www.letstalkcoach.com\/wp-content\/uploads\/2016\/09\/plants-1187x1536.jpg 1187w, https:\/\/www.letstalkcoach.com\/wp-content\/uploads\/2016\/09\/plants-1583x2048.jpg 1583w, https:\/\/www.letstalkcoach.com\/wp-content\/uploads\/2016\/09\/plants-625x809.jpg 625w, https:\/\/www.letstalkcoach.com\/wp-content\/uploads\/2016\/09\/plants-937x1213.jpg 937w, https:\/\/www.letstalkcoach.com\/wp-content\/uploads\/2016\/09\/plants-1250x1618.jpg 1250w, https:\/\/www.letstalkcoach.com\/wp-content\/uploads\/2016\/09\/plants-483x625.jpg 483w, https:\/\/www.letstalkcoach.com\/wp-content\/uploads\/2016\/09\/plants-362x468.jpg 362w, https:\/\/www.letstalkcoach.com\/wp-content\/uploads\/2016\/09\/plants-321x416.jpg 321w, https:\/\/www.letstalkcoach.com\/wp-content\/uploads\/2016\/09\/plants-271x351.jpg 271w, https:\/\/www.letstalkcoach.com\/wp-content\/uploads\/2016\/09\/plants-241x312.jpg 241w, https:\/\/www.letstalkcoach.com\/wp-content\/uploads\/2016\/09\/plants-scaled.jpg 1978w\" sizes=\"auto, (max-width: 791px) 100vw, 791px\" \/><\/figure><div class=\"wp-block-media-text__content\">\n<p>\u201cCe s\u00e9minaire est d\u2019une dur\u00e9e de 1 jours et donn\u00e9 sera donn\u00e9 en pr\u00e9sentiel ou en ligne.\u201d<\/p>\n\n\n\n<p>Ce s\u00e9minaire est d\u00e9di\u00e9 au monde secret intuitif des plantes, des arbres et des \u00e9l\u00e9ments et est une d\u00e9couverte en profondeur de la fa\u00e7on de communiquer avec le monde v\u00e9g\u00e9tal du Deuxi\u00e8me plan d&rsquo;existence.<\/p>\n<\/div><\/div>\n\n\n\n<p class=\"has-small-font-size\">Le deuxi\u00e8me plan d&rsquo;existence nous enseigne \u00e0 \u00eatre en harmonie avec les plantes, les arbres et les \u00e9l\u00e9ments. Dans cette harmonie, nous apprenons la premi\u00e8re le\u00e7on dont les plantes utilisent l&rsquo;\u00e9nergie de la lumi\u00e8re pour gu\u00e9rir. Apprenez \u00e0 gu\u00e9rir une plante et comment permettre au monde v\u00e9g\u00e9tal de vous gu\u00e9rir.<\/p>\n\n\n\n<p class=\"has-small-font-size\">Dans ce s\u00e9minaire l\u2019instructeur va \u00e9galement partag\u00e9 ses connaissance \u00e0 la fa\u00e7on de bien jardin et ce que les essences des plantes apportent \u00e0 notre corps.<\/p>\n\n\n\n<p class=\"has-small-font-size\">Apprenez \u00e0 communiquer avec les plantes, pourquoi les arbres sont les \u00eatres les plus sages de notre plan\u00e8te et recevez une gu\u00e9rison d&rsquo;une plante. Apprenez \u00e0 quel point le monde v\u00e9g\u00e9tal est b\u00e9n\u00e9fique pour le monde et pour vous! Comprenez ce que le monde v\u00e9g\u00e9tal nous enseigne sur l&rsquo;\u00e9nergie de la lumi\u00e8re et comment utilis\u00e9 cette \u00e9nergie lumineuse pour nourrir nos corps. Chaque plante a diff\u00e9rentes fr\u00e9quences de vibration; d\u00e9couvrir comment identifier un arbre m\u00e8re, un arbre p\u00e8re, arbre portail, les diff\u00e9rents types de plantes ainsi que la fa\u00e7on dont ils communiquent entre eux.<\/p>\n\n\n\n<p class=\"has-small-font-size\"><strong>Pr\u00e9-requis<\/strong>&nbsp;: <a href=\"https:\/\/www.letstalkcoach.com\/fr\/ottawa-classes-thetahealing\/adn-base\/\">ThetaHealing\u00ae ADN de base<\/a>,&nbsp;<a href=\"https:\/\/www.letstalkcoach.com\/fr\/ottawa-classes-thetahealing\/adn-avance\/\">ThetaHealing\u00ae ADN avanc\u00e9<\/a> et&nbsp; <a href=\"https:\/\/www.letstalkcoach.com\/fr\/ottawa-classes-thetahealing\/approfondissement\/\">Travail d\u2019approfondissement<\/a><\/p>\n\n\n\n<p class=\"has-small-font-size\">Pour plus d\u2019information visitez le site: visit <a href=\"http:\/\/www.thetahealing.com\">www.thetahealing.com<\/a><br>Vous recevrez le manuel du praticien ainsi que votre certification.<\/p>\n\n\n\n<hr class=\"wp-block-separator has-css-opacity is-style-wide\"\/>\n\n\n\n<p class=\"has-text-align-center has-small-font-size\" id=\"calendrier\"><strong>Pour vous enregistrer veuillez s\u00e9lectionner la premi\u00e8re date dans le calendrier et suivre les instructions.<\/strong><\/p>\n\n\n\n<div class=\"tbk-frontend\" id=\"tbk-frontend-d566\" data-view=\"upcoming\" data-services=\"s_MTCvUETsGjovULyFxQnoC1hPUNtr1rAI\" data-providers=\"11\" data-readonly=\"false\" data-loggedonly=\"false\" data-max-upcoming=\"0\" data-default-upcoming=\"4\" data-show-more-upcoming=\"false\"><div class=\"tbk-inner-content\"><\/div><\/div>\n\n\n\n<hr class=\"wp-block-separator has-css-opacity is-style-wide\"\/>\n","protected":false},"excerpt":{"rendered":"<p>S\u00e9minaire&nbsp;ThetaHealing\u00ae&nbsp;Plantes Veuillez vous inscrire ci-dessous ou consulter notre calendrier&nbsp;afin de voir la liste compl\u00e8te de nos s\u00e9minaires. \u201cCe s\u00e9minaire est d\u2019une dur\u00e9e de 1 jours et donn\u00e9 sera donn\u00e9 en pr\u00e9sentiel ou en ligne.\u201d Ce s\u00e9minaire est d\u00e9di\u00e9 au monde secret intuitif des plantes, des arbres et des \u00e9l\u00e9ments et est une d\u00e9couverte en profondeur&#8230;<\/p>\n","protected":false},"author":3,"featured_media":0,"parent":2015,"menu_order":0,"comment_status":"closed","ping_status":"closed","template":"","meta":{"_seopress_robots_primary_cat":"","_seopress_titles_title":"","_seopress_titles_desc":"","_seopress_robots_index":"","_kad_blocks_custom_css":"","_kad_blocks_head_custom_js":"","_kad_blocks_body_custom_js":"","_kad_blocks_footer_custom_js":"","_kad_post_transparent":"disable","_kad_post_title":"hide","_kad_post_layout":"left","_kad_post_sidebar_id":"sidebar-secondary","_kad_post_content_style":"","_kad_post_vertical_padding":"","_kad_post_feature":"","_kad_post_feature_position":"","_kad_post_header":false,"_kad_post_footer":false,"_kad_post_classname":"","footnotes":""},"class_list":["post-2610","page","type-page","status-publish","hentry"],"taxonomy_info":[],"featured_image_src_large":false,"author_info":{"display_name":"Lets Talk Coaches","author_link":"https:\/\/www.letstalkcoach.com\/fr\/author\/lets-talk-coaches\/"},"comment_info":0,"_links":{"self":[{"href":"https:\/\/www.letstalkcoach.com\/fr\/wp-json\/wp\/v2\/pages\/2610","targetHints":{"allow":["GET"]}}],"collection":[{"href":"https:\/\/www.letstalkcoach.com\/fr\/wp-json\/wp\/v2\/pages"}],"about":[{"href":"https:\/\/www.letstalkcoach.com\/fr\/wp-json\/wp\/v2\/types\/page"}],"author":[{"embeddable":true,"href":"https:\/\/www.letstalkcoach.com\/fr\/wp-json\/wp\/v2\/users\/3"}],"replies":[{"embeddable":true,"href":"https:\/\/www.letstalkcoach.com\/fr\/wp-json\/wp\/v2\/comments?post=2610"}],"version-history":[{"count":7,"href":"https:\/\/www.letstalkcoach.com\/fr\/wp-json\/wp\/v2\/pages\/2610\/revisions"}],"predecessor-version":[{"id":8415,"href":"https:\/\/www.letstalkcoach.com\/fr\/wp-json\/wp\/v2\/pages\/2610\/revisions\/8415"}],"up":[{"embeddable":true,"href":"https:\/\/www.letstalkcoach.com\/fr\/wp-json\/wp\/v2\/pages\/2015"}],"wp:attachment":[{"href":"https:\/\/www.letstalkcoach.com\/fr\/wp-json\/wp\/v2\/media?parent=2610"}],"curies":[{"name":"wp","href":"https:\/\/api.w.org\/{rel}","templated":true}]}}