{"id":6851,"date":"2014-03-21T09:53:12","date_gmt":"2014-03-21T09:53:12","guid":{"rendered":"https:\/\/parlonscoach.com\/?page_id=46"},"modified":"2023-08-22T19:39:53","modified_gmt":"2023-08-22T23:39:53","slug":"comment-ca-fonctionne","status":"publish","type":"page","link":"https:\/\/www.letstalkcoach.com\/fr\/comment-ca-fonctionne\/","title":{"rendered":"Comment \u00e7a fonctionne"},"content":{"rendered":"\n<h2 class=\"wp-block-heading has-text-align-center\">Comment \u00e7a fonctionne<\/h2>\n\n\n\n<p class=\"has-normal-font-size\">Si vous avez des blocages et ne pouvez pas continuer votre avancement vers une meilleure sant\u00e9, plus d\u2019argent, succ\u00e8s ou amour, nous appliquons la technique du ThetaHealing\u00ae pour vous aider \u00e0 vous lib\u00e9rer de ce qui vous retient. Nous vous aidons \u00e0 cr\u00e9er plus de paix, confiance, joie, et succ\u00e8s en vous-m\u00eame.<\/p>\n\n\n\n<p class=\"has-normal-font-size\">Vous \u00eates le cr\u00e9ateur de votre vie et il n\u2019y a aucune limite \u00e0 ce que vous pouvez r\u00e9aliser! Vous avez seulement \u00e0 \u00eatre clair, croire en vos capacit\u00e9s et voir la magie se d\u00e9voiler devant vos yeux!<\/p>\n\n\n\n<p><a href=\"https:\/\/www.letstalkcoach.com\/fr\/contactez-nous\/\">Contacter-nous<\/a> pour obtenir plus d&rsquo;information ou pour prendre rendez-vous.<\/p>\n\n\n\n<hr class=\"wp-block-separator has-css-opacity is-style-wide\"\/>\n","protected":false},"excerpt":{"rendered":"<p>Comment \u00e7a fonctionne Si vous avez des blocages et ne pouvez pas continuer votre avancement vers une meilleure sant\u00e9, plus d\u2019argent, succ\u00e8s ou amour, nous appliquons la technique du ThetaHealing\u00ae pour vous aider \u00e0 vous lib\u00e9rer de ce qui vous retient. Nous vous aidons \u00e0 cr\u00e9er plus de paix, confiance, joie, et succ\u00e8s en vous-m\u00eame&#8230;.<\/p>\n","protected":false},"author":3,"featured_media":0,"parent":0,"menu_order":0,"comment_status":"closed","ping_status":"closed","template":"","meta":{"_seopress_robots_primary_cat":"","_seopress_titles_title":"","_seopress_titles_desc":"","_seopress_robots_index":"","_kad_blocks_custom_css":"","_kad_blocks_head_custom_js":"","_kad_blocks_body_custom_js":"","_kad_blocks_footer_custom_js":"","_kad_post_transparent":"disable","_kad_post_title":"hide","_kad_post_layout":"","_kad_post_sidebar_id":"","_kad_post_content_style":"","_kad_post_vertical_padding":"","_kad_post_feature":"","_kad_post_feature_position":"","_kad_post_header":false,"_kad_post_footer":false,"_kad_post_classname":"","footnotes":""},"class_list":["post-6851","page","type-page","status-publish","hentry"],"taxonomy_info":[],"featured_image_src_large":false,"author_info":{"display_name":"Lets Talk Coaches","author_link":"https:\/\/www.letstalkcoach.com\/fr\/author\/lets-talk-coaches\/"},"comment_info":0,"_links":{"self":[{"href":"https:\/\/www.letstalkcoach.com\/fr\/wp-json\/wp\/v2\/pages\/6851","targetHints":{"allow":["GET"]}}],"collection":[{"href":"https:\/\/www.letstalkcoach.com\/fr\/wp-json\/wp\/v2\/pages"}],"about":[{"href":"https:\/\/www.letstalkcoach.com\/fr\/wp-json\/wp\/v2\/types\/page"}],"author":[{"embeddable":true,"href":"https:\/\/www.letstalkcoach.com\/fr\/wp-json\/wp\/v2\/users\/3"}],"replies":[{"embeddable":true,"href":"https:\/\/www.letstalkcoach.com\/fr\/wp-json\/wp\/v2\/comments?post=6851"}],"version-history":[{"count":3,"href":"https:\/\/www.letstalkcoach.com\/fr\/wp-json\/wp\/v2\/pages\/6851\/revisions"}],"predecessor-version":[{"id":8265,"href":"https:\/\/www.letstalkcoach.com\/fr\/wp-json\/wp\/v2\/pages\/6851\/revisions\/8265"}],"wp:attachment":[{"href":"https:\/\/www.letstalkcoach.com\/fr\/wp-json\/wp\/v2\/media?parent=6851"}],"curies":[{"name":"wp","href":"https:\/\/api.w.org\/{rel}","templated":true}]}}