{"id":6852,"date":"2014-03-21T09:53:12","date_gmt":"2014-03-21T09:53:12","guid":{"rendered":"https:\/\/parlonscoach.com\/?page_id=48"},"modified":"2023-08-22T19:38:07","modified_gmt":"2023-08-22T23:38:07","slug":"nos-services","status":"publish","type":"page","link":"https:\/\/www.letstalkcoach.com\/fr\/nos-services\/","title":{"rendered":"Nos services"},"content":{"rendered":"\n<h2 class=\"wp-block-heading has-text-align-center\">Nos services<\/h2>\n\n\n\n<ul class=\"wp-block-list\">\n<li>On vous aide a reconnected avec le Creator<\/li>\n\n\n\n<li>S\u00e9ance de coaching et de gu\u00e9rison \u00e9nerg\u00e9tique<\/li>\n\n\n\n<li>Coaching d&rsquo;affaires et gu\u00e9rison \u00e9nerg\u00e9tique<\/li>\n<\/ul>\n\n\n\n<h2 class=\"wp-block-heading has-text-align-center\"><strong>Offre de s\u00e9ance pour<\/strong><\/h2>\n\n\n\n<ul class=\"wp-block-list\">\n<li>Vous aider \u00e0 vous reconnecter avec votre Cr\u00e9ateur.<\/li>\n\n\n\n<li>Lib\u00e9rer les angoisses, les peurs, les traumatismes ou les col\u00e8res retenues qui vous emp\u00eachent d&rsquo;aller de l&rsquo;avant.<\/li>\n\n\n\n<li>Propulser votre succ\u00e8s dans votre carri\u00e8re ou votre entreprise.<\/li>\n\n\n\n<li>Changer votre histoire avec l&rsquo;argent.<\/li>\n\n\n\n<li>Trouver votre \u00e2me s\u0153ur<\/li>\n\n\n\n<li>Gu\u00e9rir vos relations avec les autres.<\/li>\n\n\n\n<li>D\u00e9bloquer ce qui vous emp\u00eache de manifester ce que vous voulez.<\/li>\n\n\n\n<li>Recalibrer vos habitudes alimentaires et vos habitudes saines en mati\u00e8re de perte de poids.<\/li>\n\n\n\n<li>Reprogrammer les croyances qui ne vous servent pas.<\/li>\n\n\n\n<li>Supprimer les \u00e9nergies inutiles qui vous bloquent.<\/li>\n\n\n\n<li>Effacer les m\u00e9moires flottantes et les croyances limit\u00e9es transmises par les g\u00e9n\u00e9rations pr\u00e9c\u00e9dentes causant des plateaux dans votre vie.<\/li>\n\n\n\n<li>Vous aider \u00e0 gu\u00e9rir les \u00e2mes bris\u00e9es.<\/li>\n\n\n\n<li>Obtenir la clart\u00e9 de votre Moi Sup\u00e9rieur.<\/li>\n<\/ul>\n\n\n\n<hr class=\"wp-block-separator has-css-opacity is-style-wide\"\/>\n","protected":false},"excerpt":{"rendered":"<p>Nos services Offre de s\u00e9ance pour<\/p>\n","protected":false},"author":3,"featured_media":0,"parent":0,"menu_order":0,"comment_status":"closed","ping_status":"closed","template":"","meta":{"_seopress_robots_primary_cat":"","_seopress_titles_title":"","_seopress_titles_desc":"","_seopress_robots_index":"","_kad_blocks_custom_css":"","_kad_blocks_head_custom_js":"","_kad_blocks_body_custom_js":"","_kad_blocks_footer_custom_js":"","_kad_post_transparent":"disable","_kad_post_title":"hide","_kad_post_layout":"","_kad_post_sidebar_id":"","_kad_post_content_style":"","_kad_post_vertical_padding":"","_kad_post_feature":"","_kad_post_feature_position":"","_kad_post_header":false,"_kad_post_footer":false,"_kad_post_classname":"","footnotes":""},"class_list":["post-6852","page","type-page","status-publish","hentry"],"taxonomy_info":[],"featured_image_src_large":false,"author_info":{"display_name":"Lets Talk Coaches","author_link":"https:\/\/www.letstalkcoach.com\/fr\/author\/lets-talk-coaches\/"},"comment_info":0,"_links":{"self":[{"href":"https:\/\/www.letstalkcoach.com\/fr\/wp-json\/wp\/v2\/pages\/6852","targetHints":{"allow":["GET"]}}],"collection":[{"href":"https:\/\/www.letstalkcoach.com\/fr\/wp-json\/wp\/v2\/pages"}],"about":[{"href":"https:\/\/www.letstalkcoach.com\/fr\/wp-json\/wp\/v2\/types\/page"}],"author":[{"embeddable":true,"href":"https:\/\/www.letstalkcoach.com\/fr\/wp-json\/wp\/v2\/users\/3"}],"replies":[{"embeddable":true,"href":"https:\/\/www.letstalkcoach.com\/fr\/wp-json\/wp\/v2\/comments?post=6852"}],"version-history":[{"count":3,"href":"https:\/\/www.letstalkcoach.com\/fr\/wp-json\/wp\/v2\/pages\/6852\/revisions"}],"predecessor-version":[{"id":8262,"href":"https:\/\/www.letstalkcoach.com\/fr\/wp-json\/wp\/v2\/pages\/6852\/revisions\/8262"}],"wp:attachment":[{"href":"https:\/\/www.letstalkcoach.com\/fr\/wp-json\/wp\/v2\/media?parent=6852"}],"curies":[{"name":"wp","href":"https:\/\/api.w.org\/{rel}","templated":true}]}}