{"id":6853,"date":"2014-04-16T10:21:44","date_gmt":"2014-04-16T10:21:44","guid":{"rendered":"https:\/\/parlonscoach.com\/?page_id=162"},"modified":"2023-08-22T19:45:06","modified_gmt":"2023-08-22T23:45:06","slug":"a-qui-saddressent-nos-services","status":"publish","type":"page","link":"https:\/\/www.letstalkcoach.com\/fr\/a-qui-saddressent-nos-services\/","title":{"rendered":"\u00c0 qui s&rsquo;addressent nos services"},"content":{"rendered":"\n<h1 class=\"wp-block-heading has-text-align-center\">\u00c0 qui s&rsquo;addressent nos services<\/h1>\n\n\n\n<p>Ces pratiques sont pour les individus spirituellement ouvert, qui sont tann\u00e9s de souffrir dans leur t\u00eate, leur corps et leur \u00e2me. Ils sont pr\u00eatent \u00e0 cr\u00e9er un changement \u00e9motionnel, physique et spirituel int\u00e9rieur afin de se lib\u00e9rer pleinement des limites physiques qu\u2019ils ont pris pour acquis.<\/p>\n\n\n\n<p><br>Notre objectif est de vous aider \u00e0 atteindre la paix int\u00e9rieure, la s\u00e9r\u00e9nit\u00e9, l&rsquo;autonomisation et le succ\u00e8s dans votre vie personnelle, professionnelle, financi\u00e8re, ou amoureuse.<\/p>\n\n\n\n<h2 class=\"wp-block-heading has-text-align-center\">Comment nos services peuvent vous \u00eatre utile?<\/h2>\n\n\n\n<div class=\"wp-block-media-text alignwide is-stacked-on-mobile\" style=\"grid-template-columns:21% auto\"><figure class=\"wp-block-media-text__media\"><img decoding=\"async\" src=\"https:\/\/parlonscoach.com\/wp-content\/uploads\/2015\/01\/IMG_9180-1024x768.jpg\" alt=\"\" class=\"wp-image-1205 size-full\"\/><\/figure><div class=\"wp-block-media-text__content\">\n<p>Voulez-vous une meilleure compr\u00e9hension de vous-m\u00eame? Voulez-vous passer cette \u00e9tape de votre vie avec plus de facilit\u00e9? Voulez-vous surpasser vos croyances limitantes et aller de l\u2019avant?<\/p>\n<\/div><\/div>\n\n\n\n<p>Les avantages de nos services sont les suivants:<\/p>\n\n\n\n<ul class=\"wp-block-list\">\n<li>l\u00e9g\u00e8ret\u00e9 en soi<\/li>\n\n\n\n<li>confiance en soi accrue<\/li>\n\n\n\n<li>confiance accrue en soi et en les autres<\/li>\n\n\n\n<li>des capacit\u00e9s de prise de d\u00e9cision plus faciles<\/li>\n\n\n\n<li>am\u00e9lioration de la sant\u00e9 globale, clart\u00e9 mentale, conscience de soi<\/li>\n\n\n\n<li>am\u00e9lioration des relations globales avec les autres<\/li>\n<\/ul>\n\n\n\n<p class=\"has-small-font-size\">Une fois que vous aurez trouv\u00e9 vos r\u00e9ponses, vous serez libre d\u2019avancer!<\/p>\n\n\n\n<p>\u00cates-vous pr\u00eat \u00e0 gu\u00e9rir? Alors <a href=\"https:\/\/www.letstalkcoach.com\/fr\/pour-commencer\/\">Parlons&#8230;<\/a><\/p>\n\n\n\n<hr class=\"wp-block-separator has-css-opacity is-style-wide\"\/>\n","protected":false},"excerpt":{"rendered":"<p>\u00c0 qui s&rsquo;addressent nos services Ces pratiques sont pour les individus spirituellement ouvert, qui sont tann\u00e9s de souffrir dans leur t\u00eate, leur corps et leur \u00e2me. Ils sont pr\u00eatent \u00e0 cr\u00e9er un changement \u00e9motionnel, physique et spirituel int\u00e9rieur afin de se lib\u00e9rer pleinement des limites physiques qu\u2019ils ont pris pour acquis. Notre objectif est de&#8230;<\/p>\n","protected":false},"author":3,"featured_media":0,"parent":0,"menu_order":0,"comment_status":"closed","ping_status":"closed","template":"","meta":{"_seopress_robots_primary_cat":"","_seopress_titles_title":"","_seopress_titles_desc":"","_seopress_robots_index":"","_kad_blocks_custom_css":"","_kad_blocks_head_custom_js":"","_kad_blocks_body_custom_js":"","_kad_blocks_footer_custom_js":"","_kad_post_transparent":"disable","_kad_post_title":"hide","_kad_post_layout":"","_kad_post_sidebar_id":"","_kad_post_content_style":"","_kad_post_vertical_padding":"","_kad_post_feature":"","_kad_post_feature_position":"","_kad_post_header":false,"_kad_post_footer":false,"_kad_post_classname":"","footnotes":""},"class_list":["post-6853","page","type-page","status-publish","hentry"],"taxonomy_info":[],"featured_image_src_large":false,"author_info":{"display_name":"Lets Talk Coaches","author_link":"https:\/\/www.letstalkcoach.com\/fr\/author\/lets-talk-coaches\/"},"comment_info":0,"_links":{"self":[{"href":"https:\/\/www.letstalkcoach.com\/fr\/wp-json\/wp\/v2\/pages\/6853","targetHints":{"allow":["GET"]}}],"collection":[{"href":"https:\/\/www.letstalkcoach.com\/fr\/wp-json\/wp\/v2\/pages"}],"about":[{"href":"https:\/\/www.letstalkcoach.com\/fr\/wp-json\/wp\/v2\/types\/page"}],"author":[{"embeddable":true,"href":"https:\/\/www.letstalkcoach.com\/fr\/wp-json\/wp\/v2\/users\/3"}],"replies":[{"embeddable":true,"href":"https:\/\/www.letstalkcoach.com\/fr\/wp-json\/wp\/v2\/comments?post=6853"}],"version-history":[{"count":5,"href":"https:\/\/www.letstalkcoach.com\/fr\/wp-json\/wp\/v2\/pages\/6853\/revisions"}],"predecessor-version":[{"id":8273,"href":"https:\/\/www.letstalkcoach.com\/fr\/wp-json\/wp\/v2\/pages\/6853\/revisions\/8273"}],"wp:attachment":[{"href":"https:\/\/www.letstalkcoach.com\/fr\/wp-json\/wp\/v2\/media?parent=6853"}],"curies":[{"name":"wp","href":"https:\/\/api.w.org\/{rel}","templated":true}]}}