{"id":6855,"date":"2014-04-16T10:25:33","date_gmt":"2014-04-16T10:25:33","guid":{"rendered":"https:\/\/parlonscoach.com\/?page_id=166"},"modified":"2023-08-22T19:41:18","modified_gmt":"2023-08-22T23:41:18","slug":"notre-mission","status":"publish","type":"page","link":"https:\/\/www.letstalkcoach.com\/fr\/notre-mission\/","title":{"rendered":"Notre mission"},"content":{"rendered":"\n<h2 class=\"wp-block-heading has-text-align-center\">Quelle est notre mission?<\/h2>\n\n\n\n<p class=\"has-normal-font-size\">Notre mission est d&rsquo;aider nos clients \u00e0 se lib\u00e9rer de leurs souffrances internes, leur bavardage mental et de leur permettre de se reconnecter \u00e0 leur \u00eatre spirituel qui est reli\u00e9 \u00e0 la Conscience universelle (aussi connu comme : La Source, Le Cr\u00e9ateur de Tout Ce Qui Est, Dieu, L\u2019intelligence sup\u00e9rieur, Omni Pr\u00e9sence &#8230;)<\/p>\n\n\n\n<p class=\"has-normal-font-size\">Nous voulons rappeler \u00e0 nos clients que nous, les \u00eatres humains, sommes con\u00e7us de 3 parties: le corps, le mental et l&rsquo;\u00e2me. Il est temps de reconnecter toutes ces parties et de redevenir \u00e0 nouveau complet.<\/p>\n\n\n\n<hr class=\"wp-block-separator has-css-opacity is-style-wide\"\/>\n","protected":false},"excerpt":{"rendered":"<p>Quelle est notre mission? Notre mission est d&rsquo;aider nos clients \u00e0 se lib\u00e9rer de leurs souffrances internes, leur bavardage mental et de leur permettre de se reconnecter \u00e0 leur \u00eatre spirituel qui est reli\u00e9 \u00e0 la Conscience universelle (aussi connu comme : La Source, Le Cr\u00e9ateur de Tout Ce Qui Est, Dieu, L\u2019intelligence sup\u00e9rieur, Omni&#8230;<\/p>\n","protected":false},"author":3,"featured_media":0,"parent":0,"menu_order":0,"comment_status":"closed","ping_status":"closed","template":"","meta":{"_seopress_robots_primary_cat":"","_seopress_titles_title":"","_seopress_titles_desc":"","_seopress_robots_index":"","_kad_blocks_custom_css":"","_kad_blocks_head_custom_js":"","_kad_blocks_body_custom_js":"","_kad_blocks_footer_custom_js":"","_kad_post_transparent":"disable","_kad_post_title":"hide","_kad_post_layout":"","_kad_post_sidebar_id":"","_kad_post_content_style":"","_kad_post_vertical_padding":"","_kad_post_feature":"","_kad_post_feature_position":"","_kad_post_header":false,"_kad_post_footer":false,"_kad_post_classname":"","footnotes":""},"class_list":["post-6855","page","type-page","status-publish","hentry"],"taxonomy_info":[],"featured_image_src_large":false,"author_info":{"display_name":"Lets Talk Coaches","author_link":"https:\/\/www.letstalkcoach.com\/fr\/author\/lets-talk-coaches\/"},"comment_info":0,"_links":{"self":[{"href":"https:\/\/www.letstalkcoach.com\/fr\/wp-json\/wp\/v2\/pages\/6855","targetHints":{"allow":["GET"]}}],"collection":[{"href":"https:\/\/www.letstalkcoach.com\/fr\/wp-json\/wp\/v2\/pages"}],"about":[{"href":"https:\/\/www.letstalkcoach.com\/fr\/wp-json\/wp\/v2\/types\/page"}],"author":[{"embeddable":true,"href":"https:\/\/www.letstalkcoach.com\/fr\/wp-json\/wp\/v2\/users\/3"}],"replies":[{"embeddable":true,"href":"https:\/\/www.letstalkcoach.com\/fr\/wp-json\/wp\/v2\/comments?post=6855"}],"version-history":[{"count":3,"href":"https:\/\/www.letstalkcoach.com\/fr\/wp-json\/wp\/v2\/pages\/6855\/revisions"}],"predecessor-version":[{"id":8267,"href":"https:\/\/www.letstalkcoach.com\/fr\/wp-json\/wp\/v2\/pages\/6855\/revisions\/8267"}],"wp:attachment":[{"href":"https:\/\/www.letstalkcoach.com\/fr\/wp-json\/wp\/v2\/media?parent=6855"}],"curies":[{"name":"wp","href":"https:\/\/api.w.org\/{rel}","templated":true}]}}