{"id":6859,"date":"2014-04-16T10:34:42","date_gmt":"2014-04-16T10:34:42","guid":{"rendered":"https:\/\/parlonscoach.com\/?page_id=176"},"modified":"2023-08-22T19:38:48","modified_gmt":"2023-08-22T23:38:48","slug":"notre-processus-en-quatre-etapes","status":"publish","type":"page","link":"https:\/\/www.letstalkcoach.com\/fr\/notre-processus-en-quatre-etapes\/","title":{"rendered":"Notre processus en quatre \u00e9tapes"},"content":{"rendered":"\n<h2 class=\"wp-block-heading has-text-align-center\"><strong>Notre processus en quatre \u00e9tapes<\/strong><\/h2>\n\n\n\n<h3 class=\"wp-block-heading has-text-align-center\">\u00ab\u00a0La connaissance est la v\u00e9rit\u00e9.\u00a0\u00bb<\/h3>\n\n\n\n<p class=\"has-small-font-size\"><strong>\u00c9tape 1 &#8211; Trouver vos d\u00e9fis<\/strong><\/p>\n\n\n\n<p class=\"has-small-font-size\">Nous vous accompagnons dans la d\u00e9couverte des d\u00e9fis qui vous emp\u00eachent de vous diriger vers la vie que vous voulez.<\/p>\n\n\n\n<p class=\"has-small-font-size\"><strong>\u00c9tape 2 \u2013 D\u00e9voiler vos croyances limitantes au travers du questionnement.<\/strong><\/p>\n\n\n\n<p class=\"has-small-font-size\">Nous utilisons une technique de questionnement pour d\u00e9voiler vos croyances limitantes et vous aider \u00e0 mieux vous comprendre ainsi que la cause de ces limitations ant\u00e9rieures.<\/p>\n\n\n\n<p class=\"has-small-font-size\"><strong>\u00c9tape 3 &#8211; Remplacer vos vieilles croyances avec de nouveaux programmes d\u2019appuis.<\/strong><\/p>\n\n\n\n<p class=\"has-small-font-size\">Par la pratique du <a href=\"http:\/\/www.thetahealing.com\/\">ThetaHealing\u00ae<\/a>, nous vous aidons \u00e0 r\u00e9soudre et lib\u00e9rer vos blocages de croyances limitantes ainsi que les remplacer par de meilleurs programmes qui vous appuieront dans votre d\u00e9marche.<\/p>\n\n\n\n<p class=\"has-small-font-size\"><strong>\u00c9tape 4 &#8211; Manifestez une nouvelle vie r\u00e9ussie<\/strong><\/p>\n\n\n\n<p class=\"has-small-font-size\">Au travers de la planification et la visualisation, nous vous aidons \u00e0 cr\u00e9er et \u00e0 manifester votre vie id\u00e9ale.<\/p>\n\n\n\n<h2 class=\"wp-block-heading has-text-align-center\">Embauchez Annie ou Carmen d\u00e8s aujourd&rsquo;hui<\/h2>\n\n\n\n<p class=\"has-text-align-center\"><strong>Les s\u00e9ances sont offertes aux clients nationaux et internationaux<br>Par Zoom ou t\u00e9l\u00e9phone (t\u00e9l\u00e9phone seulement au Canada, \u00c9tats-Unis et Mexique).<br>Les services sont offerts en fran\u00e7ais et en anglais.<\/strong><\/p>\n\n\n\n<p class=\"has-text-align-center\"> <strong><a href=\"https:\/\/www.letstalkcoach.com\/fr\/contactez-nous\/\">Contactez-nous<\/a> pour plus d&rsquo;information.<\/strong> <\/p>\n\n\n\n<hr class=\"wp-block-separator has-css-opacity is-style-wide\"\/>\n","protected":false},"excerpt":{"rendered":"<p>Notre processus en quatre \u00e9tapes \u00ab\u00a0La connaissance est la v\u00e9rit\u00e9.\u00a0\u00bb \u00c9tape 1 &#8211; Trouver vos d\u00e9fis Nous vous accompagnons dans la d\u00e9couverte des d\u00e9fis qui vous emp\u00eachent de vous diriger vers la vie que vous voulez. \u00c9tape 2 \u2013 D\u00e9voiler vos croyances limitantes au travers du questionnement. Nous utilisons une technique de questionnement pour d\u00e9voiler&#8230;<\/p>\n","protected":false},"author":3,"featured_media":0,"parent":0,"menu_order":0,"comment_status":"closed","ping_status":"closed","template":"","meta":{"_seopress_robots_primary_cat":"","_seopress_titles_title":"","_seopress_titles_desc":"","_seopress_robots_index":"","_kad_blocks_custom_css":"","_kad_blocks_head_custom_js":"","_kad_blocks_body_custom_js":"","_kad_blocks_footer_custom_js":"","_kad_post_transparent":"disable","_kad_post_title":"hide","_kad_post_layout":"","_kad_post_sidebar_id":"","_kad_post_content_style":"","_kad_post_vertical_padding":"","_kad_post_feature":"","_kad_post_feature_position":"","_kad_post_header":false,"_kad_post_footer":false,"_kad_post_classname":"","footnotes":""},"class_list":["post-6859","page","type-page","status-publish","hentry"],"taxonomy_info":[],"featured_image_src_large":false,"author_info":{"display_name":"Lets Talk Coaches","author_link":"https:\/\/www.letstalkcoach.com\/fr\/author\/lets-talk-coaches\/"},"comment_info":0,"_links":{"self":[{"href":"https:\/\/www.letstalkcoach.com\/fr\/wp-json\/wp\/v2\/pages\/6859","targetHints":{"allow":["GET"]}}],"collection":[{"href":"https:\/\/www.letstalkcoach.com\/fr\/wp-json\/wp\/v2\/pages"}],"about":[{"href":"https:\/\/www.letstalkcoach.com\/fr\/wp-json\/wp\/v2\/types\/page"}],"author":[{"embeddable":true,"href":"https:\/\/www.letstalkcoach.com\/fr\/wp-json\/wp\/v2\/users\/3"}],"replies":[{"embeddable":true,"href":"https:\/\/www.letstalkcoach.com\/fr\/wp-json\/wp\/v2\/comments?post=6859"}],"version-history":[{"count":6,"href":"https:\/\/www.letstalkcoach.com\/fr\/wp-json\/wp\/v2\/pages\/6859\/revisions"}],"predecessor-version":[{"id":8263,"href":"https:\/\/www.letstalkcoach.com\/fr\/wp-json\/wp\/v2\/pages\/6859\/revisions\/8263"}],"wp:attachment":[{"href":"https:\/\/www.letstalkcoach.com\/fr\/wp-json\/wp\/v2\/media?parent=6859"}],"curies":[{"name":"wp","href":"https:\/\/api.w.org\/{rel}","templated":true}]}}