{"id":6860,"date":"2014-04-16T10:35:40","date_gmt":"2014-04-16T10:35:40","guid":{"rendered":"https:\/\/parlonscoach.com\/?page_id=178"},"modified":"2023-08-22T19:36:40","modified_gmt":"2023-08-22T23:36:40","slug":"temoignages","status":"publish","type":"page","link":"https:\/\/www.letstalkcoach.com\/fr\/temoignages\/","title":{"rendered":"T\u00e9moignages"},"content":{"rendered":"\n<h2 class=\"wp-block-heading has-text-align-center\">T\u00e9moignages<\/h2>\n\n\n\n<p><strong>Avertissement<\/strong><br>Pour garder l\u2019authenticit\u00e9 des t\u00e9moignages des gens les messages sont publi\u00e9s dans la langue qu\u2019ils ont \u00e9t\u00e9 \u00e9crits.<\/p>\n\n\n\n<p><em>\u201cI have found ThetaHealing\u00ae to be an exceptionally effective treatment for ridding oneself of mental and physical blocks and begin deep and widespread healing. I have tried many other different modalities of healing, but only ThetaHealing, in synergy with a chiropractic treatment foundation, has gone so far in so little time, and under such friendly and stressless an environment. ThetaHealing is my way home.\u201d<\/em> \u2013 Doug, Ontario, Canada<\/p>\n\n\n\n<p><em>\u201cApr\u00e8s 10 mois de superbe rencontres avec Annie, j\u2019aime la nouvelle femme que je suis devenue et encore plus celle que je deviendrai. Le ThetaHealing\u00ae m\u2019a apport\u00e9 un bien \u00eatre int\u00e9rieur, une joie de vivre, une confiance absolue en la vie \u00ab\u00a0notre Cr\u00e9ateur \u00ab\u00a0. J\u2019ai fait tellement de belles gu\u00e9risons. Annie \u00e0 plein d\u2019outils, elle est humble, confiante, elle ce souci de tous ces clients. Je la recommande a tous ceux qui vives dans l\u2019anxi\u00e9t\u00e9, qui ont des peurs, manque de confiance ou simplement ceux qui veulent grandir. J\u2019\u00e9tais l\u00e0! Merci Annie.\u201d<\/em> \u2013 Suzanne, Quebec, Canada<\/p>\n\n\n\n<p><em>\u201cDepuis mes s\u00e9ances de ThetaHealing\u00ae, je me sens plus l\u00e9g\u00e8re et j\u2019ai plus souvent de la joie dans mon c\u0153ur.\u201d<\/em> \u2013 Chantal, Quebec, Canada<\/p>\n\n\n\n<p><em>\u201cJ\u2019aime lire sur ce que le ciel et les astres proposent comme exp\u00e9rience de vie. Parlons&#8230; Coaching et gu\u00e9rison \u00e9nerg\u00e9tique offre une lecture alors par l\u2019entremise de Carmen, je m\u2019offre cette opportunit\u00e9. Je dois admettre que les choses, pour moi en tous les cas, arrivent pile sur ce que je vis au moment de la lecture. Peut-\u00eatre plus qu\u2019une autre personne suis-je alors port\u00e9 \u00e0 vouloir vivre les recommandations. Un gros MERCI \u00e0 Carmen et longue vie \u00e0 Parlons&#8230; Coaching International!\u201d<\/em> \u2013 Gis\u00e8le, Quebec, Canada<\/p>\n\n\n\n<p><em>\u00ab\u00a0I was half way through my first year of business when I met Annie. Using the ThetaHealing\u00ae practice, she helped me clear out a few beliefs which were holding me back from becoming the confident business woman that I am now. Annie is always positive and a real pleasure to work with.\u00a0\u00bb<\/em> \u2013 Jessica, Ontario, Canada<\/p>\n\n\n\n<p><em>\u201cMy ThetaHealing\u00ae session helped me focus and reflect on where the problem with me actually lies. I feel as though I can at least try to fix the issue now, the meeting made me see how small the problem was, and that it is manageable.\u201d<\/em> \u2013 Sue, Ontario, Canada<\/p>\n\n\n\n<p><em>\u00ab\u00a0Avec la vie qui nous tiraille de tous les c\u00f4t\u00e9s : entre le travail, la famille, les amis\/es\u2026 j\u2019ai souvent tendance \u00e0 mettre de c\u00f4t\u00e9 l\u2019aspect spirituel ce qui, pour moi, \u00e9quivaut \u00e0 me recentrer. Carmen me rappelle toutefois que de m\u2019amuser dans mon jardin est une fa\u00e7on. Lorsque le ThetaHealing\u00ae m\u2019a \u00e9t\u00e9 pr\u00e9sent\u00e9, j\u2019ai eu le go\u00fbt d\u2019exp\u00e9rimenter, de voir ce que cela pourrait m\u2019apporter de plus dans ma vie! Ma premi\u00e8re rencontre avec Annie a \u00e9t\u00e9 une exp\u00e9rience surprenante. M\u2019a rappel\u00e9 que je suis AMOUR, et que c\u2019est ce que je veux attirer autour de moi. Les rencontres subs\u00e9quentes, Annie et Carmen nous offrent des outils pour nous aider \u00e0 garder\/retrouver notre authenticit\u00e9. Avec leurs rassemblements mensuels, Parlons\u2026 Coaching et gu\u00e9rison \u00e9nerg\u00e9tique offre l\u2019opportunit\u00e9 d\u2019\u00e9changer sur les influences des services re\u00e7us, v\u00e9cus quotidiennement par les participants\/es. Une belle ouverture o\u00f9 nous nous rappelons de v\u00e9rifier si nous avons eu des r\u00e9sistances, que ce que l\u2019on fait avec une exp\u00e9rience est question de perception, etc\u2026 Tel une participante, je demande maintenant que les exp\u00e9riences me viennent avec AMOUR et en DOUCEUR. Je ne fais ici qu\u2019un survol de tous les services offerts par Parlons\u2026 Coaching Int.: leurs services sont vraiment \u00e0 exp\u00e9rimenter. En tout et partout : un bagage in\u00e9puisable de connaissances !!! LONGUE VIE \u00c0 Parlons\u2026 Coaching International.\u00a0\u00bb<\/em> \u2013 MJG, Quebec, Canada<\/p>\n\n\n\n<p><em>\u00ab\u00a0I\u2019ve been on a spiritual path since childhood, and have been exposed to many wonderful healing modalities and approaches. When I first heard about ThetaHealing\u00ae, I was immediately intrigued and drawn to it. So I booked an appointment with Annie to try it out. And boy was I thrilled with my first experience! The process is so simple, so easy, with no effort\u2026but I felt the energy shift during the session, I let go of things I had been struggling with for months. In a nutshell, a very soft yet powerful way to remove the blockages and finally BE Who You Really Are! \u00ab\u00a0<\/em> \u2013 Marc-Elliott, Paris, France<\/p>\n\n\n\n<p><em>\u00ab\u00a0I have had a few sessions of ThetaHealing\u00ae with Annie. I went to her to help with anxiety and overall well being. The experience was amazing. My anxiety was decreased and when I left I had an overall feeling of lightness that continued for days. I also really enjoyed that it was a relaxed setting and that Annie explained exactly what the session would entail. I would recommend ThetaHealing\u00ae to anyone for overall well and healing. \u00ab\u00a0<\/em> \u2013 Jennifer, Ontario, Canada<\/p>\n\n\n\n<p><em>\u00ab\u00a0Annie\u2019s description of the ThetaHealing\u00ae process and what could be accomplished sounded incredibly exciting and something I could definitely benefit from. It\u2019s an extremely positive personal experience. By delving into the core issues you want to focus on, Annie\u2019s gift of connecting to the Universe allows her to see and heal long held negative beliefs, self-limitations, fears etc. I felt such lightness within after my sessions and could not stop smiling \u2013 and I\u2019m smiling now as I write this because it\u2019s such a powerful and amazing feeling. \u00ab\u00a0<\/em> \u2013 Liz, Ontario, Canada<\/p>\n\n\n\n<p><em>\u00ab\u00a0When I first learned about energy healing (ThetaHealing\u00ae) from Annie, I was very interested, but unsure of what to expect. She made me feel very comfortable in our first session and her findings made perfect sense. There are some things we need to unblock if we are going to move forward in our lives, and energy healing is helping me do that. We all have so much energy, and thank you Annie, for helping me heal! I am, and will continue to be, a client! You need to book a session ASAP! \u00ab\u00a0<\/em> &#8211; Brahm, Ontario, Canada<\/p>\n\n\n\n<p><em>\u201cI connected with Annie over a 3-day seminar in March of this year. We had deep, spiritual conversations. Her amazing insight into what I wasn\u2019t saying \u2013 through gentle questions and clarifications \u2013 allowed me to be completely open and honest with myself and with her. Annie has been guiding me through a transitional phase that is very challenging. Her wisdom and understanding of what exactly it is I\u2019m trying to accomplish has been encouraging and helpful when I doubt myself and what lies ahead. I am so grateful to you, Annie, for being such a beautiful, kind, loving and honest spirit. Thank you Annie.\u201d<\/em> \u2013 Liz, Ontario, Canada<\/p>\n\n\n\n<p><em>\u201cQuelle aide pr\u00e9cieuse apport\u00e9e par Carmen. Elle trouve les bons mots pour m\u2019encourager, m\u2019aide \u00e0 r\u00e9viser ma fa\u00e7on de voir les choses et ma perception du n\u00e9gatif et du positif. Carmen est toujours en pleine forme; elle est tr\u00e8s disponible pour m\u2019\u00e9couter et cerner ma v\u00e9ritable attitude derri\u00e8re mes paroles. Elle a l\u2019intelligence de l\u2019essentiel. Carmen m\u2019aide dans cette p\u00e9riode difficile que je vis. Elle a le sens pratique, m\u2019offre des suggestions et m\u2019aide \u00e0 trouver des id\u00e9es. Je suis tr\u00e8s satisfaite des services de Carmen et je sugg\u00e8re aux personnes de mon entourage en difficult\u00e9 \u00e0 lui faire appel. Merci Carmen\u201d<\/em> \u2013 Claire, Ontario, Canada<\/p>\n\n\n\n<p><em>\u201cCoaching with Annie helped me to get clear on what I really wanted. She has helped me see more possibilities and actually commit on a much deeper level than I was able to do on my own.\u201d<\/em> \u2013 Paul, Utah, USA<\/p>\n\n\n\n<p><em>\u201cAnnie helped me find my \u201cAuthentic\u201d self by guiding me to my deeper knowing with powerful questions. In only a few minutes of coaching with her I was already stepping into the clarity and insight that I needed to proceed through a variety of challenges. As the sessions moved along, I found Annie to be a powerful piece of my life; together we create great success and growth for my future. Thank you Annie for being you and helping me be me!\u201d<\/em> &#8211; Patricia, British Columbia, Canada<\/p>\n\n\n\n<p><em>\u201cReliable, professional and inspiring, Annie and Carmen\u2019s work with me was of extraordinary quality. They engaged and encouraged me and that is the main reason I place them on the top of my list. They are a pleasure to work with.\u201d<\/em> \u2013 Zachary, Ontario, Canada<\/p>\n\n\n\n<p><em>\u201cWhen I went to see Carmen to have the Bars (Barres, Access Consciousness\u00ae) technique performed, I wasn&rsquo;t really sure what to expect as I&rsquo;d never experienced this type of healing previously. But I believed in Carmen&rsquo;s abilities with absolute certainty. The experience was beautiful and emotional for both Carmen and myself. I felt so peaceful, relaxed and filled with love. Thank you Carmen.\u201d<\/em> \u2013 Liz, Ontario, Canada<\/p>\n\n\n\n<p><em>\u201cCarmen, I just wanted to thank you for the thoughtful and wonderful Reading. It was very accurate and I am still waiting on other things you mentioned to happen. I am so excited for what&rsquo;s in store for me; you are so generous with your time and spirit. I really recommend Carmen to others who will want an accurate reading. She is genuine and you know she is not doing this for the money but as a one of God&rsquo;s Angels. Bless you. I will definitely call you in the near future.\u201d<\/em> &#8211; Friendly Soul Ontario, Canada<\/p>\n\n\n\n<p><em>\u201cWhen Carmen asked if I&rsquo;d like to have a reading done as part of her on-going education, I jumped at the opportunity! Any session I&rsquo;ve had with Carmen using her different abilities to connect have consistently left me profoundly in awe of her unlimited talents. When I received my recorded message from her, I actually cried with joy. Her answers to the questions I&rsquo;d posed were so detailed and specific. When annoying doubts creep back in to my mind, I replay her recorded message and feel comfort and peace knowing I am on the right track. Bless you, Carmen. \ud83d\ude42 \u201d<\/em> &#8211; Liz, Ontario, Canada<\/p>\n\n\n\n<p><em>\u201cApr\u00e8s avoir \u00e9t\u00e9 patiente hebdomadaire en chiropractie pour plus de dix ans pour des douleurs de dos, basin, et genoux, en seulement deux ajustements corporels \u00e9nerg\u00e9tiques avec Carmen tout mes probl\u00e8mes et douleurs sont disparues. Mon corps est maintenant r\u00e9align\u00e9 \u00e0 la normale et je me sens bien. Je n\u2019ai plus besoin de voir le chiropraticien et quand je ressens le besoin, je c\u00e9dule un rendez-vous avec Carmen pour garder une sant\u00e9 et un bien \u00eatre physique optimal. Merci pout tout Carmen.\u201d<\/em> &#8211; Suzanne, Qu\u00e9bec, Canada<\/p>\n\n\n\n<hr class=\"wp-block-separator has-css-opacity is-style-wide\"\/>\n","protected":false},"excerpt":{"rendered":"<p>T\u00e9moignages AvertissementPour garder l\u2019authenticit\u00e9 des t\u00e9moignages des gens les messages sont publi\u00e9s dans la langue qu\u2019ils ont \u00e9t\u00e9 \u00e9crits. \u201cI have found ThetaHealing\u00ae to be an exceptionally effective treatment for ridding oneself of mental and physical blocks and begin deep and widespread healing. I have tried many other different modalities of healing, but only ThetaHealing,&#8230;<\/p>\n","protected":false},"author":3,"featured_media":0,"parent":0,"menu_order":0,"comment_status":"closed","ping_status":"closed","template":"","meta":{"_seopress_robots_primary_cat":"","_seopress_titles_title":"","_seopress_titles_desc":"","_seopress_robots_index":"","_kad_blocks_custom_css":"","_kad_blocks_head_custom_js":"","_kad_blocks_body_custom_js":"","_kad_blocks_footer_custom_js":"","_kad_post_transparent":"disable","_kad_post_title":"hide","_kad_post_layout":"","_kad_post_sidebar_id":"","_kad_post_content_style":"","_kad_post_vertical_padding":"","_kad_post_feature":"","_kad_post_feature_position":"","_kad_post_header":false,"_kad_post_footer":false,"_kad_post_classname":"","footnotes":""},"class_list":["post-6860","page","type-page","status-publish","hentry"],"taxonomy_info":[],"featured_image_src_large":false,"author_info":{"display_name":"Lets Talk Coaches","author_link":"https:\/\/www.letstalkcoach.com\/fr\/author\/lets-talk-coaches\/"},"comment_info":0,"_links":{"self":[{"href":"https:\/\/www.letstalkcoach.com\/fr\/wp-json\/wp\/v2\/pages\/6860","targetHints":{"allow":["GET"]}}],"collection":[{"href":"https:\/\/www.letstalkcoach.com\/fr\/wp-json\/wp\/v2\/pages"}],"about":[{"href":"https:\/\/www.letstalkcoach.com\/fr\/wp-json\/wp\/v2\/types\/page"}],"author":[{"embeddable":true,"href":"https:\/\/www.letstalkcoach.com\/fr\/wp-json\/wp\/v2\/users\/3"}],"replies":[{"embeddable":true,"href":"https:\/\/www.letstalkcoach.com\/fr\/wp-json\/wp\/v2\/comments?post=6860"}],"version-history":[{"count":4,"href":"https:\/\/www.letstalkcoach.com\/fr\/wp-json\/wp\/v2\/pages\/6860\/revisions"}],"predecessor-version":[{"id":8260,"href":"https:\/\/www.letstalkcoach.com\/fr\/wp-json\/wp\/v2\/pages\/6860\/revisions\/8260"}],"wp:attachment":[{"href":"https:\/\/www.letstalkcoach.com\/fr\/wp-json\/wp\/v2\/media?parent=6860"}],"curies":[{"name":"wp","href":"https:\/\/api.w.org\/{rel}","templated":true}]}}