{"id":6867,"date":"2015-07-06T12:21:01","date_gmt":"2015-07-06T16:21:01","guid":{"rendered":"https:\/\/parlonscoach.com\/?page_id=1407"},"modified":"2023-08-22T19:40:44","modified_gmt":"2023-08-22T23:40:44","slug":"services-de-thetahealing","status":"publish","type":"page","link":"https:\/\/www.letstalkcoach.com\/fr\/services-de-thetahealing\/","title":{"rendered":"M\u00e9dia"},"content":{"rendered":"\n<h2 class=\"wp-block-heading has-text-align-center\">De nous \u00e0 vous<\/h2>\n\n\n\n<p> La technique ThetaHealing\u00ae a \u00e9t\u00e9 cr\u00e9\u00e9e par Vianna Stibal en 1995 au cours de son cheminement personnel vers la sant\u00e9. (le vid\u00e9o suivant est diffus\u00e9 en anglais)<\/p>\n\n\n\n<figure class=\"wp-block-embed is-type-video is-provider-youtube wp-block-embed-youtube wp-embed-aspect-16-9 wp-has-aspect-ratio\"><div class=\"wp-block-embed__wrapper\">\n<iframe loading=\"lazy\" title=\"ThetaHealing\u00ae 7 Planes of Existence Meditation\" width=\"720\" height=\"405\" src=\"https:\/\/www.youtube.com\/embed\/KApKiiA8v8Y?feature=oembed\" frameborder=\"0\" allow=\"accelerometer; autoplay; clipboard-write; encrypted-media; gyroscope; picture-in-picture; web-share\" allowfullscreen><\/iframe>\n<\/div><\/figure>\n\n\n\n<hr class=\"wp-block-separator has-css-opacity is-style-wide\"\/>\n","protected":false},"excerpt":{"rendered":"<p>De nous \u00e0 vous La technique ThetaHealing\u00ae a \u00e9t\u00e9 cr\u00e9\u00e9e par Vianna Stibal en 1995 au cours de son cheminement personnel vers la sant\u00e9. (le vid\u00e9o suivant est diffus\u00e9 en anglais)<\/p>\n","protected":false},"author":8,"featured_media":0,"parent":0,"menu_order":0,"comment_status":"closed","ping_status":"closed","template":"","meta":{"_seopress_robots_primary_cat":"","_seopress_titles_title":"","_seopress_titles_desc":"","_seopress_robots_index":"","_kad_blocks_custom_css":"","_kad_blocks_head_custom_js":"","_kad_blocks_body_custom_js":"","_kad_blocks_footer_custom_js":"","_kad_post_transparent":"","_kad_post_title":"","_kad_post_layout":"","_kad_post_sidebar_id":"","_kad_post_content_style":"","_kad_post_vertical_padding":"","_kad_post_feature":"","_kad_post_feature_position":"","_kad_post_header":false,"_kad_post_footer":false,"_kad_post_classname":"","footnotes":""},"class_list":["post-6867","page","type-page","status-publish","hentry"],"taxonomy_info":[],"featured_image_src_large":false,"author_info":{"display_name":"C Gelinas","author_link":"https:\/\/www.letstalkcoach.com\/fr\/author\/carmen-gelinas\/"},"comment_info":0,"_links":{"self":[{"href":"https:\/\/www.letstalkcoach.com\/fr\/wp-json\/wp\/v2\/pages\/6867","targetHints":{"allow":["GET"]}}],"collection":[{"href":"https:\/\/www.letstalkcoach.com\/fr\/wp-json\/wp\/v2\/pages"}],"about":[{"href":"https:\/\/www.letstalkcoach.com\/fr\/wp-json\/wp\/v2\/types\/page"}],"author":[{"embeddable":true,"href":"https:\/\/www.letstalkcoach.com\/fr\/wp-json\/wp\/v2\/users\/8"}],"replies":[{"embeddable":true,"href":"https:\/\/www.letstalkcoach.com\/fr\/wp-json\/wp\/v2\/comments?post=6867"}],"version-history":[{"count":3,"href":"https:\/\/www.letstalkcoach.com\/fr\/wp-json\/wp\/v2\/pages\/6867\/revisions"}],"predecessor-version":[{"id":8266,"href":"https:\/\/www.letstalkcoach.com\/fr\/wp-json\/wp\/v2\/pages\/6867\/revisions\/8266"}],"wp:attachment":[{"href":"https:\/\/www.letstalkcoach.com\/fr\/wp-json\/wp\/v2\/media?parent=6867"}],"curies":[{"name":"wp","href":"https:\/\/api.w.org\/{rel}","templated":true}]}}