{"id":6868,"date":"2015-07-12T13:02:58","date_gmt":"2015-07-12T17:02:58","guid":{"rendered":"https:\/\/parlonscoach.com\/?page_id=1409"},"modified":"2025-07-08T14:58:57","modified_gmt":"2025-07-08T18:58:57","slug":"notre-calendrier","status":"publish","type":"page","link":"https:\/\/www.letstalkcoach.com\/fr\/notre-calendrier\/","title":{"rendered":"Calendrier de nos s\u00e9minaires et \u00e9v\u00e9nements"},"content":{"rendered":"\n<h2 class=\"wp-block-heading has-text-align-center has-theme-palette-1-color has-text-color has-link-color wp-elements-0f3203a7fe164f5edc3f77d5d52216a3\">Nouveau s\u00e9minaire cr\u00e9e par Carmen<\/h2>\n\n\n\n<h2 class=\"wp-block-heading has-text-align-center has-theme-palette-1-color has-text-color has-link-color wp-elements-3772b3d8bd50d36db2ae086b349a880d\">Lib\u00e9ration au travers de la Conscience Divine<\/h2>\n\n\n\n<p class=\"has-text-align-center\"><strong><a href=\"https:\/\/www.letstalkcoach.com\/fr\/seance-dintroduction-avec-carmen\/#calendar\">C\u00c9DULER UNE RENCONTRE AVEC CARMEN ICI<\/a><\/strong><\/p>\n\n\n\n<hr class=\"wp-block-separator has-css-opacity is-style-wide\"\/>\n\n\n\n<p class=\"has-text-align-center has-medium-font-size\"><em><strong>Voici la liste de nos s\u00e9minaires et \u00e9v\u00e8nements<\/strong><\/em><\/p>\n\n\n\n<p class=\"has-text-align-center\">(Nos s\u00e9minaires peuvent \u00eatre pr\u00e9sent\u00e9s en anglais ou en fran\u00e7ais)<\/p>\n\n\n\n<p class=\"has-text-align-center\">Veuillez <a href=\"https:\/\/www.letstalkcoach.com\/fr\/contactez-nous\/\">me contacter<\/a> si vous d\u00e9sirez participer \u00e0 un s\u00e9minaire ThetaHealing\u00ae et que vous ne le voyez pas dans la liste ci-dessous.<\/p>\n\n\n\n<hr class=\"wp-block-separator has-css-opacity is-style-wide\"\/>\n\n\n\n<h2 class=\"wp-block-heading\"><strong>Octobre 2025<\/strong><\/h2>\n\n\n\n<ul class=\"wp-block-list\">\n<li><a href=\"https:\/\/www.letstalkcoach.com\/fr\/ottawa-classes-thetahealing\/anatomie\/\" target=\"_blank\" rel=\"noreferrer noopener\">Anatomie Intuitive<\/a>\u00a0\u2014 du 13 au 21 oct \u2013\u00a0<a href=\"https:\/\/www.letstalkcoach.com\/fr\/ottawa-classes-thetahealing\/anatomie\/\" target=\"_blank\" rel=\"noreferrer noopener\">Inscrivez-vous ici<\/a>\u00a0<strong>EN LIGNE<\/strong><\/li>\n<\/ul>\n\n\n\n<h2 class=\"wp-block-heading\"><strong>Novembre 2025<\/strong><\/h2>\n\n\n\n<ul class=\"wp-block-list\">\n<li><a href=\"https:\/\/www.letstalkcoach.com\/fr\/ottawa-classes-thetahealing\/adn-base\/\" target=\"_blank\" rel=\"noreferrer noopener\">ADN Base<\/a> &#8212; du 7 au 9 2 nov &#8211; <a href=\"https:\/\/www.letstalkcoach.com\/fr\/ottawa-classes-thetahealing\/adn-base\/\" target=\"_blank\" rel=\"noreferrer noopener\">Inscrivez-vous ici<\/a> <strong>EN LIGNE<\/strong><\/li>\n\n\n\n<li><a href=\"https:\/\/www.letstalkcoach.com\/fr\/ottawa-classes-thetahealing\/adn-avance\/\" target=\"_blank\" rel=\"noreferrer noopener\">ADN Avanc\u00e9<\/a> &#8212; du 14 au 16 nov &#8211; <a href=\"https:\/\/www.letstalkcoach.com\/fr\/ottawa-classes-thetahealing\/adn-avance\/\" target=\"_blank\" rel=\"noreferrer noopener\">Inscrivez-vous ici<\/a> <strong>EN LIGNE<\/strong><\/li>\n\n\n\n<li><a href=\"https:\/\/www.letstalkcoach.com\/fr\/ottawa-classes-thetahealing\/approfondissement\/\" target=\"_blank\" rel=\"noreferrer noopener\">Travail d&rsquo;approfondissement<\/a> (Dig Deeper) &#8212; du 21 et 22 nov &#8211; <a href=\"https:\/\/www.letstalkcoach.com\/fr\/ottawa-classes-thetahealing\/approfondissement\/\" target=\"_blank\" rel=\"noreferrer noopener\">Inscrivez-vous ici<\/a><strong> EN LIGNE<\/strong><\/li>\n\n\n\n<li><a href=\"https:\/\/www.letstalkcoach.com\/fr\/ottawa-classes-thetahealing\/relations-2\/\" target=\"_blank\" rel=\"noreferrer noopener\">Faire grandir vos relations 2 : Vous et le Cr\u00e9ateur<\/a> &#8211; 28 et 28 nov &#8211; <a href=\"https:\/\/www.letstalkcoach.com\/fr\/ottawa-classes-thetahealing\/relations-2\/\" target=\"_blank\" rel=\"noreferrer noopener\">Inscrivez-vous ici<\/a><strong> EN LIGNE<\/strong><\/li>\n<\/ul>\n\n\n\n<h2 class=\"wp-block-heading\"><strong>D\u00e9cembre 2025<\/strong><\/h2>\n\n\n\n<h2 class=\"wp-block-heading\"><strong>Janvier 2026<\/strong><\/h2>\n\n\n\n<h2 class=\"wp-block-heading\"><strong>F\u00e9vrier 2026<\/strong><\/h2>\n\n\n\n<h2 class=\"wp-block-heading\"><strong>Mars 2026<\/strong><\/h2>\n\n\n\n<h2 class=\"wp-block-heading\"><strong>Avil 2026<\/strong><\/h2>\n\n\n\n<h2 class=\"wp-block-heading\"><strong>Mai 2026<\/strong><\/h2>\n\n\n\n<h2 class=\"wp-block-heading\"><strong>Juin 2026<\/strong><\/h2>\n\n\n\n<h2 class=\"wp-block-heading\"><strong>Juillet 2026<\/strong><\/h2>\n\n\n\n<h2 class=\"wp-block-heading\"><strong>Ao\u00fbt 2026<\/strong><\/h2>\n\n\n\n<h2 class=\"wp-block-heading\"><strong>Septembre 2026<\/strong><\/h2>\n\n\n\n<p><\/p>\n","protected":false},"excerpt":{"rendered":"<p>Nouveau s\u00e9minaire cr\u00e9e par Carmen Lib\u00e9ration au travers de la Conscience Divine C\u00c9DULER UNE RENCONTRE AVEC CARMEN ICI Voici la liste de nos s\u00e9minaires et \u00e9v\u00e8nements (Nos s\u00e9minaires peuvent \u00eatre pr\u00e9sent\u00e9s en anglais ou en fran\u00e7ais) Veuillez me contacter si vous d\u00e9sirez participer \u00e0 un s\u00e9minaire ThetaHealing\u00ae et que vous ne le voyez pas dans&#8230;<\/p>\n","protected":false},"author":8,"featured_media":0,"parent":0,"menu_order":0,"comment_status":"closed","ping_status":"closed","template":"","meta":{"_seopress_robots_primary_cat":"","_seopress_titles_title":"","_seopress_titles_desc":"","_seopress_robots_index":"","_kad_blocks_custom_css":"","_kad_blocks_head_custom_js":"","_kad_blocks_body_custom_js":"","_kad_blocks_footer_custom_js":"","_kad_post_transparent":"","_kad_post_title":"","_kad_post_layout":"","_kad_post_sidebar_id":"","_kad_post_content_style":"","_kad_post_vertical_padding":"","_kad_post_feature":"","_kad_post_feature_position":"","_kad_post_header":false,"_kad_post_footer":false,"_kad_post_classname":"","footnotes":""},"class_list":["post-6868","page","type-page","status-publish","hentry"],"taxonomy_info":[],"featured_image_src_large":false,"author_info":{"display_name":"C Gelinas","author_link":"https:\/\/www.letstalkcoach.com\/fr\/author\/carmen-gelinas\/"},"comment_info":0,"_links":{"self":[{"href":"https:\/\/www.letstalkcoach.com\/fr\/wp-json\/wp\/v2\/pages\/6868","targetHints":{"allow":["GET"]}}],"collection":[{"href":"https:\/\/www.letstalkcoach.com\/fr\/wp-json\/wp\/v2\/pages"}],"about":[{"href":"https:\/\/www.letstalkcoach.com\/fr\/wp-json\/wp\/v2\/types\/page"}],"author":[{"embeddable":true,"href":"https:\/\/www.letstalkcoach.com\/fr\/wp-json\/wp\/v2\/users\/8"}],"replies":[{"embeddable":true,"href":"https:\/\/www.letstalkcoach.com\/fr\/wp-json\/wp\/v2\/comments?post=6868"}],"version-history":[{"count":72,"href":"https:\/\/www.letstalkcoach.com\/fr\/wp-json\/wp\/v2\/pages\/6868\/revisions"}],"predecessor-version":[{"id":8821,"href":"https:\/\/www.letstalkcoach.com\/fr\/wp-json\/wp\/v2\/pages\/6868\/revisions\/8821"}],"wp:attachment":[{"href":"https:\/\/www.letstalkcoach.com\/fr\/wp-json\/wp\/v2\/media?parent=6868"}],"curies":[{"name":"wp","href":"https:\/\/api.w.org\/{rel}","templated":true}]}}