{"id":6869,"date":"2015-07-07T08:50:32","date_gmt":"2015-07-07T12:50:32","guid":{"rendered":"https:\/\/parlonscoach.com\/?page_id=1459"},"modified":"2024-11-14T20:56:00","modified_gmt":"2024-11-15T01:56:00","slug":"seance","status":"publish","type":"page","link":"https:\/\/www.letstalkcoach.com\/fr\/seance\/","title":{"rendered":"S\u00e9ance gu\u00e9rison \u00e9nerg\u00e9tique"},"content":{"rendered":"\n<h2 class=\"wp-block-heading has-text-align-center\">S\u00e9ance gu\u00e9rison \u00e9nerg\u00e9tique<\/h2>\n\n\n\n<p class=\"has-small-font-size\">Durant ces s\u00e9ances d&rsquo;une heure, <\/p>\n\n\n\n<ol class=\"wp-block-list\">\n<li>Vous \u00e9tablisserez les objectifs dont vous voulez accomplir. <\/li>\n\n\n\n<li>Nous d\u00e9terminerons ensembles les blocages qui vous y emp\u00eachent de les accomplir.<\/li>\n\n\n\n<li>Au travers des lecture \u00e9nerg\u00e9tique,\u00a0nous vous aiderons \u00e0 lib\u00e9rer ces blocages. <\/li>\n\n\n\n<li>Nous pourrons aussi vous lib\u00e9rer de vos traumatismes du pass\u00e9, r\u00e9sistances, croyance limitantes ou plus selon ce qui est travaill\u00e9.<\/li>\n<\/ol>\n\n\n\n<p class=\"has-normal-font-size\">Commencez \u00e0 rel\u00e2cher les tensions inutiles qui ne vous servent plus.<\/p>\n\n\n\n<p class=\"has-normal-font-size\">Service par Zoom, ou  par t\u00e9l\u00e9phone (t\u00e9l\u00e9phone seulement au Canada, \u00c9tats-Unis et Mexique)<\/p>\n\n\n\n<hr class=\"wp-block-separator has-css-opacity is-style-wide\"\/>\n\n\n\n<p class=\"has-text-align-center has-medium-font-size\"><strong> R\u00e9servez votre s\u00e9ance ici <\/strong><\/p>\n\n\n<div class='tbk-frontend' id='tbk-frontend-5e63' data-services=\"th-annie, initial-annie, consult-annie, first-session-with-carmen, next-session-with-carmen\"><div class='tbk-inner-content'><\/div><\/div>\n\n\n\n<hr class=\"wp-block-separator has-css-opacity is-style-wide\"\/>\n\n\n\n<p class=\"has-small-font-size\"><em><em><strong>Avertissement<\/strong>: Veuillez noter que les informations sur ce site Web et fournies lors de nos s\u00e9ances et s\u00e9minaires ne sont pas destin\u00e9es \u00e0 diagnostiquer, traiter, gu\u00e9rir ou pr\u00e9venir une maladie. Ces informations sont donn\u00e9es uniquement \u00e0 des fins \u00e9ducatives. En aucun cas, les informations sur ce site Web et durant nos s\u00e9ances ou s\u00e9minaires ne doivent \u00eatre consid\u00e9r\u00e9es comme un substitut aux soins m\u00e9dicaux comp\u00e9tents par votre m\u00e9decin ou un autre professionnel de la sant\u00e9.<\/em><\/em><\/p>\n","protected":false},"excerpt":{"rendered":"<p>S\u00e9ance gu\u00e9rison \u00e9nerg\u00e9tique Durant ces s\u00e9ances d&rsquo;une heure, Commencez \u00e0 rel\u00e2cher les tensions inutiles qui ne vous servent plus. Service par Zoom, ou par t\u00e9l\u00e9phone (t\u00e9l\u00e9phone seulement au Canada, \u00c9tats-Unis et Mexique) R\u00e9servez votre s\u00e9ance ici Avertissement: Veuillez noter que les informations sur ce site Web et fournies lors de nos s\u00e9ances et s\u00e9minaires ne&#8230;<\/p>\n","protected":false},"author":8,"featured_media":0,"parent":0,"menu_order":0,"comment_status":"closed","ping_status":"closed","template":"","meta":{"_seopress_robots_primary_cat":"","_seopress_titles_title":"","_seopress_titles_desc":"","_seopress_robots_index":"","_kad_blocks_custom_css":"","_kad_blocks_head_custom_js":"","_kad_blocks_body_custom_js":"","_kad_blocks_footer_custom_js":"","_kad_post_transparent":"","_kad_post_title":"","_kad_post_layout":"","_kad_post_sidebar_id":"","_kad_post_content_style":"","_kad_post_vertical_padding":"","_kad_post_feature":"","_kad_post_feature_position":"","_kad_post_header":false,"_kad_post_footer":false,"_kad_post_classname":"","footnotes":""},"class_list":["post-6869","page","type-page","status-publish","hentry"],"taxonomy_info":[],"featured_image_src_large":false,"author_info":{"display_name":"C Gelinas","author_link":"https:\/\/www.letstalkcoach.com\/fr\/author\/carmen-gelinas\/"},"comment_info":0,"_links":{"self":[{"href":"https:\/\/www.letstalkcoach.com\/fr\/wp-json\/wp\/v2\/pages\/6869","targetHints":{"allow":["GET"]}}],"collection":[{"href":"https:\/\/www.letstalkcoach.com\/fr\/wp-json\/wp\/v2\/pages"}],"about":[{"href":"https:\/\/www.letstalkcoach.com\/fr\/wp-json\/wp\/v2\/types\/page"}],"author":[{"embeddable":true,"href":"https:\/\/www.letstalkcoach.com\/fr\/wp-json\/wp\/v2\/users\/8"}],"replies":[{"embeddable":true,"href":"https:\/\/www.letstalkcoach.com\/fr\/wp-json\/wp\/v2\/comments?post=6869"}],"version-history":[{"count":3,"href":"https:\/\/www.letstalkcoach.com\/fr\/wp-json\/wp\/v2\/pages\/6869\/revisions"}],"predecessor-version":[{"id":8732,"href":"https:\/\/www.letstalkcoach.com\/fr\/wp-json\/wp\/v2\/pages\/6869\/revisions\/8732"}],"wp:attachment":[{"href":"https:\/\/www.letstalkcoach.com\/fr\/wp-json\/wp\/v2\/media?parent=6869"}],"curies":[{"name":"wp","href":"https:\/\/api.w.org\/{rel}","templated":true}]}}