{"id":6873,"date":"2017-01-22T22:55:42","date_gmt":"2017-01-23T02:55:42","guid":{"rendered":"https:\/\/parlonscoach.com\/?page_id=2574"},"modified":"2023-08-22T19:58:43","modified_gmt":"2023-08-22T23:58:43","slug":"journee-as","status":"publish","type":"page","link":"https:\/\/www.letstalkcoach.com\/fr\/classe\/journee-as\/","title":{"rendered":"S\u00e9minaire ThetaHealing\u00ae Journ\u00e9e \u00c2me Soeur"},"content":{"rendered":"\n<h2 class=\"wp-block-heading has-text-align-center\">S\u00e9minaire&nbsp;ThetaHealing\u00ae Journ\u00e9e \u00c2me Soeur<\/h2>\n\n\n\n<p class=\"has-text-align-center has-small-font-size\"><em>Veuillez vous inscrire <a href=\"#calendrier\">ci-dessous<\/a> ou c<em>onsulter notre <a href=\"https:\/\/www.letstalkcoach.com\/fr\/notre-calendrier\/\">calendrier<\/a>&nbsp;afin de voir la liste compl\u00e8te de nos s\u00e9minaires<\/em>.<\/em><\/p>\n\n\n\n<div class=\"wp-block-media-text alignwide is-stacked-on-mobile\" style=\"grid-template-columns:19% auto\"><figure class=\"wp-block-media-text__media\"><img decoding=\"async\" src=\"https:\/\/parlonscoach.com\/wp-content\/uploads\/2016\/09\/soul-mate-791x1024.jpg\" alt=\"\" class=\"wp-image-2350 size-full\"\/><\/figure><div class=\"wp-block-media-text__content\">\n<p>\u201cCe s\u00e9minaire est d\u2019une dur\u00e9e d&rsquo;une journ\u00e9e et donn\u00e9 sera donn\u00e9 en pr\u00e9sentiel ou en ligne.\u201d<\/p>\n\n\n\n<p class=\"has-small-font-size\">Cette journ\u00e9e ThetaHealing\u00ae \u00c2me S\u0153ur est un excellent cours d&rsquo;introduction au ThetaHealing\u00ae. Il expliquera ce que le ThetaHealing\u00ae est et vous permettra de faire l&rsquo;exp\u00e9rience de certains des travaux d\u2019approfondissement et de croyance utilis\u00e9s dans la technique ThetaHealing\u00ae pour vous aider \u00e0 d\u00e9gager les blocages afin de trouver votre \u00e2me s\u0153ur le\/la plus compatible.<\/p>\n<\/div><\/div>\n\n\n\n<p class=\"has-small-font-size\">Tous ceux qui recherchent l&rsquo;amour sont d\u00e9termin\u00e9s \u00e0 trouver leur \u00e2me s\u0153ur ou du moins cultiver l&rsquo;id\u00e9e qu&rsquo;il y a quelqu&rsquo;un qui finira par les aimer comme ils sont vraiment, une personne sp\u00e9ciale pour passer leur vie avec et partager leurs d\u00e9sirs les plus profonds, leurs r\u00eave et leurs buts, quelqu&rsquo;un qui les verra dans leurs heures les plus sombres et qui sera toujours \u00e0 leurs c\u00f4t\u00e9s avec amour, compr\u00e9hension et compassion!<\/p>\n\n\n\n<p class=\"has-small-font-size\">Plus important, ce s\u00e9minaire \u00c2me S\u0153ur vous aide \u00e0 red\u00e9couvrir et vous redonner votre confiance int\u00e9rieure pour vous aimer et retrouver votre d\u00e9sir d&rsquo;avoir une estime de vous saine. Le plus important est d\u2019attirer un compagnon\/une compagne qui est compatible avec vous ainsi que toutes vos valeurs et qualit\u00e9s ! Avant que vous ne le sachiez, votre \u00e2me s\u0153ur vous trouvera, sans que vous n\u2019ayez \u00e0 aller le\/la chercher! Ceci d\u00e9montre combien cette technique peut \u00eatre puissante ! Vous n\u2019avez qu\u2019\u00e0 travailler sur vous-m\u00eame et manifester ce que vous d\u00e9sirez ! Sachant que ce que vous demandez, vous le recevrez presque toujours ! Ensuite, observez pendant que l&rsquo;univers fait le reste, d\u00e9ployant votre volont\u00e9 au travers ses mains.<\/p>\n\n\n\n<p class=\"has-small-font-size\">Ce s\u00e9minaire se concentre vraiment sur la fa\u00e7on de trouver votre v\u00e9ritable paix int\u00e9rieure et le bonheur tout en vous aidant vraiment \u00e0 comprendre ce que vous recherchez dans une \u00e2me s\u0153ur!<\/p>\n\n\n\n<p class=\"has-small-font-size\">Nous pensons tous savoir ce qui nous rendrait heureux, mais sans \u00eatre \u00e0 l&rsquo;aise dans notre peau ou sans avoir un amour vrai pour nous-m\u00eames, nous ne trouvons pas ce que nous cherchons vraiment pour combler ce vide de solitude ou d&rsquo;amour dans nos vies. Si nous sommes heureux et en bonne sant\u00e9, nous nous attirons la m\u00eame \u00e9nergie et c&rsquo;est alors que nous trouvons finalement nos \u00e2mes s\u0153urs et la connexion divine que nous recherchons tous.<\/p>\n\n\n\n<p class=\"has-small-font-size\"><strong>Pr\u00e9-requis&nbsp;<\/strong>: Aucun<\/p>\n\n\n\n<p class=\"has-small-font-size\">Pour plus d\u2019information visitez le site: visit <a href=\"http:\/\/www.thetahealing.com\">www.thetahealing.com<\/a><br>Vous recevrez le manuel de s\u00e9minaire ainsi que votre certification.<\/p>\n\n\n\n<hr class=\"wp-block-separator has-css-opacity is-style-wide\"\/>\n\n\n\n<p class=\"has-text-align-center has-small-font-size\" id=\"calendrier\"><strong>Pour vous enregistrer veuillez s\u00e9lectionner la premi\u00e8re date dans le calendrier et suivre les instructions.<\/strong><\/p>\n\n\n\n<hr class=\"wp-block-separator has-css-opacity is-style-wide\"\/>\n","protected":false},"excerpt":{"rendered":"<p>S\u00e9minaire&nbsp;ThetaHealing\u00ae Journ\u00e9e \u00c2me Soeur Veuillez vous inscrire ci-dessous ou consulter notre calendrier&nbsp;afin de voir la liste compl\u00e8te de nos s\u00e9minaires. \u201cCe s\u00e9minaire est d\u2019une dur\u00e9e d&rsquo;une journ\u00e9e et donn\u00e9 sera donn\u00e9 en pr\u00e9sentiel ou en ligne.\u201d Cette journ\u00e9e ThetaHealing\u00ae \u00c2me S\u0153ur est un excellent cours d&rsquo;introduction au ThetaHealing\u00ae. Il expliquera ce que le ThetaHealing\u00ae est&#8230;<\/p>\n","protected":false},"author":3,"featured_media":0,"parent":2015,"menu_order":0,"comment_status":"closed","ping_status":"closed","template":"","meta":{"_seopress_robots_primary_cat":"","_seopress_titles_title":"","_seopress_titles_desc":"","_seopress_robots_index":"","_kad_blocks_custom_css":"","_kad_blocks_head_custom_js":"","_kad_blocks_body_custom_js":"","_kad_blocks_footer_custom_js":"","_kad_post_transparent":"disable","_kad_post_title":"hide","_kad_post_layout":"left","_kad_post_sidebar_id":"sidebar-secondary","_kad_post_content_style":"","_kad_post_vertical_padding":"","_kad_post_feature":"","_kad_post_feature_position":"","_kad_post_header":false,"_kad_post_footer":false,"_kad_post_classname":"","footnotes":""},"class_list":["post-6873","page","type-page","status-publish","hentry"],"taxonomy_info":[],"featured_image_src_large":false,"author_info":{"display_name":"Lets Talk Coaches","author_link":"https:\/\/www.letstalkcoach.com\/fr\/author\/lets-talk-coaches\/"},"comment_info":0,"_links":{"self":[{"href":"https:\/\/www.letstalkcoach.com\/fr\/wp-json\/wp\/v2\/pages\/6873","targetHints":{"allow":["GET"]}}],"collection":[{"href":"https:\/\/www.letstalkcoach.com\/fr\/wp-json\/wp\/v2\/pages"}],"about":[{"href":"https:\/\/www.letstalkcoach.com\/fr\/wp-json\/wp\/v2\/types\/page"}],"author":[{"embeddable":true,"href":"https:\/\/www.letstalkcoach.com\/fr\/wp-json\/wp\/v2\/users\/3"}],"replies":[{"embeddable":true,"href":"https:\/\/www.letstalkcoach.com\/fr\/wp-json\/wp\/v2\/comments?post=6873"}],"version-history":[{"count":4,"href":"https:\/\/www.letstalkcoach.com\/fr\/wp-json\/wp\/v2\/pages\/6873\/revisions"}],"predecessor-version":[{"id":8291,"href":"https:\/\/www.letstalkcoach.com\/fr\/wp-json\/wp\/v2\/pages\/6873\/revisions\/8291"}],"up":[{"embeddable":true,"href":"https:\/\/www.letstalkcoach.com\/fr\/wp-json\/wp\/v2\/pages\/2015"}],"wp:attachment":[{"href":"https:\/\/www.letstalkcoach.com\/fr\/wp-json\/wp\/v2\/media?parent=6873"}],"curies":[{"name":"wp","href":"https:\/\/api.w.org\/{rel}","templated":true}]}}