{"id":6874,"date":"2017-12-30T23:41:58","date_gmt":"2017-12-31T03:41:58","guid":{"rendered":"https:\/\/parlonscoach.com\/?page_id=3223"},"modified":"2023-08-27T16:11:21","modified_gmt":"2023-08-27T20:11:21","slug":"relations-2","status":"publish","type":"page","link":"https:\/\/www.letstalkcoach.com\/fr\/classe\/relations-2\/","title":{"rendered":"S\u00e9minaire ThetaHealing\u00aeFaire grandir vos relations 2 &#8211;  vous et le Cr\u00e9ateur"},"content":{"rendered":"\n<h2 class=\"wp-block-heading has-text-align-center\">S\u00e9minaire&nbsp;ThetaHealing\u00ae Faire grandir vos relations 2 &#8211; Vous et le Cr\u00e9ateur<\/h2>\n\n\n\n<p class=\"has-text-align-center has-small-font-size\"><em>Veuillez vous inscrire <a href=\"#calendrier\">ci-dessous<\/a> ou c<em>onsulter notre <a href=\"https:\/\/www.letstalkcoach.com\/fr\/notre-calendrier\/\">calendrier<\/a>&nbsp;afin de voir la liste compl\u00e8te de nos s\u00e9minaires<\/em>.<\/em><\/p>\n\n\n\n<div class=\"wp-block-media-text alignwide is-stacked-on-mobile\" style=\"grid-template-columns:25% auto\"><figure class=\"wp-block-media-text__media\"><img decoding=\"async\" src=\"https:\/\/www.letstalkcoach.com\/wp-content\/uploads\/2017\/12\/growing2-1.png\" alt=\"\" class=\"wp-image-3221 size-full\"\/><\/figure><div class=\"wp-block-media-text__content\">\n<p>\u201cCe s\u00e9minaire est d\u2019une dur\u00e9e de 2 jours et donn\u00e9 sera donn\u00e9 en pr\u00e9sentiel ou en ligne.\u201d<\/p>\n\n\n\n<p>Comprenez votre moi divin et votre subconscient de survie ainsi que la diff\u00e9rence entre la voix du Cr\u00e9ateur et votre ego. Apprenez \u00e0 reconna\u00eeitre la diff\u00e9rence entre la v\u00e9rit\u00e9 et la peur.<\/p>\n<\/div><\/div>\n\n\n\n<p class=\"has-small-font-size\">Pendant ce s\u00e9minaire, vous apprendrez vraiment \u00e0 vous conna\u00eetre et conna\u00eetre vos motivations. Vous apprendrez aussi \u00e0 reconna\u00eetre si vous \u00eates dirig\u00e9 par votre vrai intuition ou \u00eatre dirig\u00e9 par ce que vous souhaitez qui arrive.<\/p>\n\n\n\n<p class=\"has-small-font-size\">Ce s\u00e9minaire est disponible pour les praticiens qui ont compl\u00e9t\u00e9 les s\u00e9minaire ADN base, avanc\u00e9 et Travail d&rsquo;approfondissement. Il peut \u00eatre pris avec \u201cFaire \u00e9voluer sa relation 1\u201c ou par lui-m\u00eame.<\/p>\n\n\n\n<p class=\"has-small-font-size\"><strong>Pr\u00e9-requis<\/strong>&nbsp;: <a href=\"https:\/\/www.letstalkcoach.com\/fr\/ottawa-classes-thetahealing\/adn-base\/\">ThetaHealing\u00ae ADN de base<\/a>,&nbsp;<a href=\"https:\/\/www.letstalkcoach.com\/fr\/ottawa-classes-thetahealing\/adn-avance\/\">ThetaHealing\u00ae ADN avanc\u00e9<\/a> et&nbsp; <a href=\"https:\/\/www.letstalkcoach.com\/fr\/ottawa-classes-thetahealing\/approfondissement\/\">Travail d\u2019approfondissement<\/a><\/p>\n\n\n\n<p class=\"has-small-font-size\">Pour plus d\u2019information visitez le site: visit <a href=\"http:\/\/www.thetahealing.com\">www.thetahealing.com<\/a><br>Vous recevrez le manuel du praticien ainsi que votre certification.<\/p>\n\n\n\n<hr class=\"wp-block-separator has-css-opacity is-style-wide\"\/>\n\n\n\n<p class=\"has-text-align-center has-small-font-size\" id=\"calendrier\"><strong>Pour vous enregistrer veuillez s\u00e9lectionner la premi\u00e8re date dans le calendrier et suivre les instructions.<\/strong><\/p>\n\n\n\n<div class=\"tbk-frontend\" id=\"tbk-frontend-6ef6\" data-view=\"upcoming\" data-services=\"s_tytpioHvfTLgA0SeCuL0U0pzJbTnOEdb\" data-providers=\"11\" data-readonly=\"false\" data-loggedonly=\"false\" data-max-upcoming=\"0\" data-default-upcoming=\"4\" data-show-more-upcoming=\"false\"><div class=\"tbk-inner-content\"><\/div><\/div>\n\n\n\n<hr class=\"wp-block-separator has-css-opacity is-style-wide\"\/>\n","protected":false},"excerpt":{"rendered":"<p>S\u00e9minaire&nbsp;ThetaHealing\u00ae Faire grandir vos relations 2 &#8211; Vous et le Cr\u00e9ateur Veuillez vous inscrire ci-dessous ou consulter notre calendrier&nbsp;afin de voir la liste compl\u00e8te de nos s\u00e9minaires. \u201cCe s\u00e9minaire est d\u2019une dur\u00e9e de 2 jours et donn\u00e9 sera donn\u00e9 en pr\u00e9sentiel ou en ligne.\u201d Comprenez votre moi divin et votre subconscient de survie ainsi que&#8230;<\/p>\n","protected":false},"author":3,"featured_media":0,"parent":2015,"menu_order":0,"comment_status":"closed","ping_status":"closed","template":"","meta":{"_seopress_robots_primary_cat":"","_seopress_titles_title":"","_seopress_titles_desc":"","_seopress_robots_index":"","_kad_blocks_custom_css":"","_kad_blocks_head_custom_js":"","_kad_blocks_body_custom_js":"","_kad_blocks_footer_custom_js":"","_kad_post_transparent":"disable","_kad_post_title":"hide","_kad_post_layout":"left","_kad_post_sidebar_id":"sidebar-secondary","_kad_post_content_style":"","_kad_post_vertical_padding":"","_kad_post_feature":"","_kad_post_feature_position":"","_kad_post_header":false,"_kad_post_footer":false,"_kad_post_classname":"","footnotes":""},"class_list":["post-6874","page","type-page","status-publish","hentry"],"taxonomy_info":[],"featured_image_src_large":false,"author_info":{"display_name":"Lets Talk Coaches","author_link":"https:\/\/www.letstalkcoach.com\/fr\/author\/lets-talk-coaches\/"},"comment_info":0,"_links":{"self":[{"href":"https:\/\/www.letstalkcoach.com\/fr\/wp-json\/wp\/v2\/pages\/6874","targetHints":{"allow":["GET"]}}],"collection":[{"href":"https:\/\/www.letstalkcoach.com\/fr\/wp-json\/wp\/v2\/pages"}],"about":[{"href":"https:\/\/www.letstalkcoach.com\/fr\/wp-json\/wp\/v2\/types\/page"}],"author":[{"embeddable":true,"href":"https:\/\/www.letstalkcoach.com\/fr\/wp-json\/wp\/v2\/users\/3"}],"replies":[{"embeddable":true,"href":"https:\/\/www.letstalkcoach.com\/fr\/wp-json\/wp\/v2\/comments?post=6874"}],"version-history":[{"count":8,"href":"https:\/\/www.letstalkcoach.com\/fr\/wp-json\/wp\/v2\/pages\/6874\/revisions"}],"predecessor-version":[{"id":8407,"href":"https:\/\/www.letstalkcoach.com\/fr\/wp-json\/wp\/v2\/pages\/6874\/revisions\/8407"}],"up":[{"embeddable":true,"href":"https:\/\/www.letstalkcoach.com\/fr\/wp-json\/wp\/v2\/pages\/2015"}],"wp:attachment":[{"href":"https:\/\/www.letstalkcoach.com\/fr\/wp-json\/wp\/v2\/media?parent=6874"}],"curies":[{"name":"wp","href":"https:\/\/api.w.org\/{rel}","templated":true}]}}