{"id":6981,"date":"2021-10-25T16:20:19","date_gmt":"2021-10-25T20:20:19","guid":{"rendered":"https:\/\/www.letstalkcoach.com\/?page_id=6981"},"modified":"2023-08-22T19:35:34","modified_gmt":"2023-08-22T23:35:34","slug":"carmen","status":"publish","type":"page","link":"https:\/\/www.letstalkcoach.com\/fr\/carmen\/","title":{"rendered":"Carmen"},"content":{"rendered":"\n<h2 class=\"wp-block-heading has-text-align-center\">Carmen G\u00e9linas, MBA<\/h2>\n\n\n\n<h2 class=\"wp-block-heading has-text-align-center\">Enseignante spirituelle et Gu\u00e9risseuse \u00e9nerg\u00e9tique<\/h2>\n\n\n\n<h2 class=\"wp-block-heading has-text-align-center\">Ma\u00eetre ThetaHealer\u00ae , certifi\u00e9e en Sciences ThetaHealing\u00ae <\/h2>\n\n\n\n<h2 class=\"wp-block-heading has-text-align-center\">Formatrice et praticienne ThetaHealing\u00ae<\/h2>\n\n\n\n<div class=\"wp-block-media-text alignwide is-stacked-on-mobile is-vertically-aligned-center\" style=\"grid-template-columns:31% auto\"><figure class=\"wp-block-media-text__media\"><img loading=\"lazy\" decoding=\"async\" width=\"200\" height=\"287\" src=\"https:\/\/www.letstalkcoach.com\/wp-content\/uploads\/2022\/08\/Me-2022-06-14-200pixels.jpg\" alt=\"\" class=\"wp-image-7965 size-full\"\/><\/figure><div class=\"wp-block-media-text__content\">\n<p>Carmen G\u00e9linas est l&rsquo;autre moiti\u00e9 de cette \u00e9quipe de ThetaHealer\u00ae formatrice et praticienne ainsi que coaches dynamique et compl\u00e9mentaire m\u00e8re-fille.<\/p>\n\n\n\n<p>Avec plus de trente ann\u00e9es d\u2019exp\u00e9rience de travail dans divers r\u00f4les \u00e0 la fonction publique, Carmen comprend tr\u00e8s bien que la vie a de nombreuses \u00e9preuves, et que nous ne sommes pas tous enti\u00e8rement \u00e9quip\u00e9s pour les g\u00e9rer. C\u2019est pourquoi maintenant elle choisi de se d\u00e9vouer \u00e0 enseigner la spiritualit\u00e9 et gu\u00e9rison \u00e9nerg\u00e9tique et est passionn\u00e9e de travailler avec les gens de tous \u00e2ges qui sont \u00e0 la d\u00e9couverte de leur intuition personnel, du d\u00e9sire de l&rsquo;\u00e9panouissement personnel, de la paix, et trouver leurs vocations.<\/p>\n<\/div><\/div>\n\n\n\n<p class=\"has-small-font-size\">Arm\u00e9es d&rsquo;une formation en spiritualit\u00e9, gu\u00e9rison \u00e9nerg\u00e9tique et est Ma\u00eetre ThetaHealer\u00ae, certifi\u00e9s en Science ThetaHealing\u00ae, praticienne et formatrice, ainsi que munie d&rsquo;un MBA, Carmen a lanc\u00e9 cette pratique professionnelle \u00e0 temps plein avec Annie en 2010. De plus, avant l&rsquo;\u00e9tablissement de cette entreprise, elle a eu la chance de conseiller une multitude d&rsquo;individus au cours des ses fonctions comme gestionnaire ainsi que dans sa vie priv\u00e9e. Son intuition naturelle et sa disposition chaleureuse sont des aimants pour tout les gens de son entourage.<\/p>\n\n\n\n<p class=\"has-small-font-size\">Carmen comprend que chaque parcours dans la vie contient quelques carrefours principaux, probablement quelques barrages routiers, ainsi que de multiples avenues \u00e0 explorer. Quand il s\u2019agit de naviguer tout cela, elle est comme un GPS parfaitement calibr\u00e9, seulement, exponentiellement meilleur, gr\u00e2ce \u00e0 ses d\u00e9cennies d\u2019exp\u00e9rience de vie, de travail et sa compassion pour les gens. Cette enseignante spirituelle a aid\u00e9 d&rsquo;innombrables gens \u00e0 d\u00e9couvrir leurs passion. Elle a facilit\u00e9 de nombreux joyeux parcours vers la d\u00e9couverte et la satisfaction personnelle.<\/p>\n\n\n\n<p class=\"has-small-font-size\">\u00ab\u00a0La connaissance est la v\u00e9rit\u00e9\u00a0\u00bb, selon Carmen et elle est heureuse d\u2019appliquer cette devise professionnelle d&rsquo;une mani\u00e8re nouvelle et \u00e9largie \u00e0 travers de ses enseignement spirituel et de la gu\u00e9rison \u00e9nerg\u00e9tique. Une fois que ses clients ont assimil\u00e9 les connaissances sur la fa\u00e7on dont leur \u00e2me fonctionne et comment puiser dans leur source d&rsquo;\u00e9nergie personnelle, la v\u00e9rit\u00e9 sur leur parcours authentique est se d\u00e9voile aisement.<\/p>\n\n\n\n<p class=\"has-small-font-size\"> Maintenant joignez-la et <a href=\"https:\/\/www.letstalkcoach.com\/fr\/contactez-nous\/\">Parlons\u2026<\/a> <\/p>\n\n\n\n<hr class=\"wp-block-separator has-css-opacity is-style-wide\"\/>\n","protected":false},"excerpt":{"rendered":"<p>Carmen G\u00e9linas, MBA Enseignante spirituelle et Gu\u00e9risseuse \u00e9nerg\u00e9tique Ma\u00eetre ThetaHealer\u00ae , certifi\u00e9e en Sciences ThetaHealing\u00ae Formatrice et praticienne ThetaHealing\u00ae Carmen G\u00e9linas est l&rsquo;autre moiti\u00e9 de cette \u00e9quipe de ThetaHealer\u00ae formatrice et praticienne ainsi que coaches dynamique et compl\u00e9mentaire m\u00e8re-fille. Avec plus de trente ann\u00e9es d\u2019exp\u00e9rience de travail dans divers r\u00f4les \u00e0 la fonction publique, Carmen&#8230;<\/p>\n","protected":false},"author":3,"featured_media":0,"parent":0,"menu_order":0,"comment_status":"closed","ping_status":"closed","template":"","meta":{"_seopress_robots_primary_cat":"","_seopress_titles_title":"","_seopress_titles_desc":"","_seopress_robots_index":"","_kad_blocks_custom_css":"","_kad_blocks_head_custom_js":"","_kad_blocks_body_custom_js":"","_kad_blocks_footer_custom_js":"","_kad_post_transparent":"disable","_kad_post_title":"hide","_kad_post_layout":"","_kad_post_sidebar_id":"","_kad_post_content_style":"","_kad_post_vertical_padding":"","_kad_post_feature":"","_kad_post_feature_position":"","_kad_post_header":false,"_kad_post_footer":false,"_kad_post_classname":"","footnotes":""},"class_list":["post-6981","page","type-page","status-publish","hentry"],"taxonomy_info":[],"featured_image_src_large":false,"author_info":{"display_name":"Lets Talk Coaches","author_link":"https:\/\/www.letstalkcoach.com\/fr\/author\/lets-talk-coaches\/"},"comment_info":0,"_links":{"self":[{"href":"https:\/\/www.letstalkcoach.com\/fr\/wp-json\/wp\/v2\/pages\/6981","targetHints":{"allow":["GET"]}}],"collection":[{"href":"https:\/\/www.letstalkcoach.com\/fr\/wp-json\/wp\/v2\/pages"}],"about":[{"href":"https:\/\/www.letstalkcoach.com\/fr\/wp-json\/wp\/v2\/types\/page"}],"author":[{"embeddable":true,"href":"https:\/\/www.letstalkcoach.com\/fr\/wp-json\/wp\/v2\/users\/3"}],"replies":[{"embeddable":true,"href":"https:\/\/www.letstalkcoach.com\/fr\/wp-json\/wp\/v2\/comments?post=6981"}],"version-history":[{"count":7,"href":"https:\/\/www.letstalkcoach.com\/fr\/wp-json\/wp\/v2\/pages\/6981\/revisions"}],"predecessor-version":[{"id":8258,"href":"https:\/\/www.letstalkcoach.com\/fr\/wp-json\/wp\/v2\/pages\/6981\/revisions\/8258"}],"wp:attachment":[{"href":"https:\/\/www.letstalkcoach.com\/fr\/wp-json\/wp\/v2\/media?parent=6981"}],"curies":[{"name":"wp","href":"https:\/\/api.w.org\/{rel}","templated":true}]}}