{"id":6985,"date":"2021-10-25T16:25:29","date_gmt":"2021-10-25T20:25:29","guid":{"rendered":"https:\/\/www.letstalkcoach.com\/?page_id=6985"},"modified":"2021-10-26T09:53:14","modified_gmt":"2021-10-26T13:53:14","slug":"reprise-avance","status":"publish","type":"page","link":"https:\/\/www.letstalkcoach.com\/fr\/reprise-avance\/","title":{"rendered":"S\u00e9minaire avanc\u00e9 &#8211; Reprise du client"},"content":{"rendered":"\n<h3 class=\"has-text-align-center wp-block-heading\"> Client repeat  (Advanced Seminar) <\/h3>\n\n\n\n<p>SVP utiliser le calendrier ci-dessous pour r\u00e9server votre s\u00e9minaire.<\/p>\n\n\n\n<ol class=\"wp-block-list\"><li>cliquer sur la premi\u00e8re date du s\u00e9minaire que vous d\u00e9sirez assister<\/li><li>cliquer sur&nbsp;<strong>\u2018Book Now\u2019<\/strong><\/li><li>compl\u00e9ter les information demand\u00e9es, et<\/li><li>ccliquer sur \u2018<strong>Book and Pay<\/strong>\u2019 pour effectuer votre paiement et confirmer pr\u00e9sence.<\/li><\/ol>\n\n\n\n<p>Merci de nous avoir choisi pour continuer votre apprentissage.<\/p>\n\n\n<div class='tbk-frontend' id='tbk-frontend-002c' data-services=\" client-repeat-advanced\"><div class='tbk-inner-content'><\/div><\/div>\n\n\n\n<hr class=\"wp-block-separator\"\/>\n\n\n\n<p class=\"has-small-font-size\"><em><strong>Avertissement<\/strong><\/em><em>: Veuillez noter que les informations sur ce site Web et fournies lors de nos s\u00e9ances et s\u00e9minaires ne sont pas destin\u00e9es \u00e0 diagnostiquer, traiter, gu\u00e9rir ou pr\u00e9venir une maladie. Ces informations sont donn\u00e9es uniquement \u00e0 des fins \u00e9ducatives. En aucun cas, les informations sur ce site Web et durant nos s\u00e9ances ou s\u00e9minaires ne doivent \u00eatre consid\u00e9r\u00e9es comme un substitut aux soins m\u00e9dicaux comp\u00e9tents par votre m\u00e9decin ou un autre professionnel de la sant\u00e9.<\/em><\/p>\n","protected":false},"excerpt":{"rendered":"<p>Client repeat (Advanced Seminar) SVP utiliser le calendrier ci-dessous pour r\u00e9server votre s\u00e9minaire. cliquer sur la premi\u00e8re date du s\u00e9minaire que vous d\u00e9sirez assister cliquer sur&nbsp;\u2018Book Now\u2019 compl\u00e9ter les information demand\u00e9es, et ccliquer sur \u2018Book and Pay\u2019 pour effectuer votre paiement et confirmer pr\u00e9sence. Merci de nous avoir choisi pour continuer votre apprentissage. Avertissement: Veuillez&#8230;<\/p>\n","protected":false},"author":3,"featured_media":0,"parent":0,"menu_order":0,"comment_status":"closed","ping_status":"closed","template":"template-full-width.php","meta":{"_seopress_robots_primary_cat":"","_seopress_titles_title":"","_seopress_titles_desc":"","_seopress_robots_index":"","_kad_blocks_custom_css":"","_kad_blocks_head_custom_js":"","_kad_blocks_body_custom_js":"","_kad_blocks_footer_custom_js":"","_kad_post_transparent":"","_kad_post_title":"","_kad_post_layout":"","_kad_post_sidebar_id":"","_kad_post_content_style":"","_kad_post_vertical_padding":"","_kad_post_feature":"","_kad_post_feature_position":"","_kad_post_header":false,"_kad_post_footer":false,"_kad_post_classname":"","footnotes":""},"class_list":["post-6985","page","type-page","status-publish","hentry"],"taxonomy_info":[],"featured_image_src_large":false,"author_info":{"display_name":"Lets Talk Coaches","author_link":"https:\/\/www.letstalkcoach.com\/fr\/author\/lets-talk-coaches\/"},"comment_info":0,"_links":{"self":[{"href":"https:\/\/www.letstalkcoach.com\/fr\/wp-json\/wp\/v2\/pages\/6985","targetHints":{"allow":["GET"]}}],"collection":[{"href":"https:\/\/www.letstalkcoach.com\/fr\/wp-json\/wp\/v2\/pages"}],"about":[{"href":"https:\/\/www.letstalkcoach.com\/fr\/wp-json\/wp\/v2\/types\/page"}],"author":[{"embeddable":true,"href":"https:\/\/www.letstalkcoach.com\/fr\/wp-json\/wp\/v2\/users\/3"}],"replies":[{"embeddable":true,"href":"https:\/\/www.letstalkcoach.com\/fr\/wp-json\/wp\/v2\/comments?post=6985"}],"version-history":[{"count":2,"href":"https:\/\/www.letstalkcoach.com\/fr\/wp-json\/wp\/v2\/pages\/6985\/revisions"}],"predecessor-version":[{"id":7036,"href":"https:\/\/www.letstalkcoach.com\/fr\/wp-json\/wp\/v2\/pages\/6985\/revisions\/7036"}],"wp:attachment":[{"href":"https:\/\/www.letstalkcoach.com\/fr\/wp-json\/wp\/v2\/media?parent=6985"}],"curies":[{"name":"wp","href":"https:\/\/api.w.org\/{rel}","templated":true}]}}