{"id":7192,"date":"2021-10-27T16:33:20","date_gmt":"2021-10-27T20:33:20","guid":{"rendered":"https:\/\/www.letstalkcoach.com\/?page_id=7192"},"modified":"2021-10-27T16:33:27","modified_gmt":"2021-10-27T20:33:27","slug":"sagesse-divine","status":"publish","type":"page","link":"https:\/\/www.letstalkcoach.com\/fr\/sagesse-divine\/","title":{"rendered":"Inscription au programme de la sagesse divine"},"content":{"rendered":"<div class='tbk-frontend' id='tbk-frontend-f93d' data-services=\"program-dyw-pilot-1\"><div class='tbk-inner-content'><\/div><\/div>\n\n\n\n<hr class=\"wp-block-separator\"\/>\n\n\n\n<p class=\"has-small-font-size\"><em><strong>Avertissement<\/strong><\/em><em>: Veuillez noter que les informations sur ce site Web et fournies lors de nos s\u00e9ances et s\u00e9minaires ne sont pas destin\u00e9es \u00e0 diagnostiquer, traiter, gu\u00e9rir ou pr\u00e9venir une maladie. Ces informations sont donn\u00e9es uniquement \u00e0 des fins \u00e9ducatives. En aucun cas, les informations sur ce site Web et durant nos s\u00e9ances ou s\u00e9minaires ne doivent \u00eatre consid\u00e9r\u00e9es comme un substitut aux soins m\u00e9dicaux comp\u00e9tents par votre m\u00e9decin ou un autre professionnel de la sant\u00e9.<\/em><\/p>\n","protected":false},"excerpt":{"rendered":"<p>Avertissement: Veuillez noter que les informations sur ce site Web et fournies lors de nos s\u00e9ances et s\u00e9minaires ne sont pas destin\u00e9es \u00e0 diagnostiquer, traiter, gu\u00e9rir ou pr\u00e9venir une maladie. Ces informations sont donn\u00e9es uniquement \u00e0 des fins \u00e9ducatives. En aucun cas, les informations sur ce site Web et durant nos s\u00e9ances ou s\u00e9minaires ne&#8230;<\/p>\n","protected":false},"author":3,"featured_media":0,"parent":0,"menu_order":0,"comment_status":"closed","ping_status":"closed","template":"template-full-width.php","meta":{"_seopress_robots_primary_cat":"","_seopress_titles_title":"","_seopress_titles_desc":"","_seopress_robots_index":"","_kad_blocks_custom_css":"","_kad_blocks_head_custom_js":"","_kad_blocks_body_custom_js":"","_kad_blocks_footer_custom_js":"","_kad_post_transparent":"","_kad_post_title":"","_kad_post_layout":"","_kad_post_sidebar_id":"","_kad_post_content_style":"","_kad_post_vertical_padding":"","_kad_post_feature":"","_kad_post_feature_position":"","_kad_post_header":false,"_kad_post_footer":false,"_kad_post_classname":"","footnotes":""},"class_list":["post-7192","page","type-page","status-publish","hentry"],"taxonomy_info":[],"featured_image_src_large":false,"author_info":{"display_name":"Lets Talk Coaches","author_link":"https:\/\/www.letstalkcoach.com\/fr\/author\/lets-talk-coaches\/"},"comment_info":0,"_links":{"self":[{"href":"https:\/\/www.letstalkcoach.com\/fr\/wp-json\/wp\/v2\/pages\/7192","targetHints":{"allow":["GET"]}}],"collection":[{"href":"https:\/\/www.letstalkcoach.com\/fr\/wp-json\/wp\/v2\/pages"}],"about":[{"href":"https:\/\/www.letstalkcoach.com\/fr\/wp-json\/wp\/v2\/types\/page"}],"author":[{"embeddable":true,"href":"https:\/\/www.letstalkcoach.com\/fr\/wp-json\/wp\/v2\/users\/3"}],"replies":[{"embeddable":true,"href":"https:\/\/www.letstalkcoach.com\/fr\/wp-json\/wp\/v2\/comments?post=7192"}],"version-history":[{"count":1,"href":"https:\/\/www.letstalkcoach.com\/fr\/wp-json\/wp\/v2\/pages\/7192\/revisions"}],"predecessor-version":[{"id":7193,"href":"https:\/\/www.letstalkcoach.com\/fr\/wp-json\/wp\/v2\/pages\/7192\/revisions\/7193"}],"wp:attachment":[{"href":"https:\/\/www.letstalkcoach.com\/fr\/wp-json\/wp\/v2\/media?parent=7192"}],"curies":[{"name":"wp","href":"https:\/\/api.w.org\/{rel}","templated":true}]}}