{"id":7524,"date":"2021-11-29T13:03:26","date_gmt":"2021-11-29T18:03:26","guid":{"rendered":"https:\/\/www.letstalkcoach.com\/?page_id=7524"},"modified":"2023-08-27T16:12:40","modified_gmt":"2023-08-27T20:12:40","slug":"vous-et-la-terre","status":"publish","type":"page","link":"https:\/\/www.letstalkcoach.com\/fr\/classe\/vous-et-la-terre\/","title":{"rendered":"Faire grandir vos relations 4 : Vous et la Terre"},"content":{"rendered":"\n<h1 class=\"wp-block-heading has-text-align-center\">Faire grandir vos relations 4: Vous et la Terre<\/h1>\n\n\n\n<p class=\"has-small-font-size\"><em><em>Veuillez vous inscrir<a href=\"#calendrier\">e&nbsp;ci-dessous<\/a>&nbsp;ou c<em>onsulter notre&nbsp;<a href=\"https:\/\/www.letstalkcoach.com\/fr\/notre-calendrier\/\">calendrier<\/a>&nbsp;afin de voir la liste compl\u00e8te de nos s\u00e9minaires<\/em><\/em>.<\/em><\/p>\n\n\n\n<div class=\"wp-block-media-text alignwide is-stacked-on-mobile\" style=\"grid-template-columns:24% auto\"><figure class=\"wp-block-media-text__media\"><img loading=\"lazy\" decoding=\"async\" width=\"362\" height=\"208\" src=\"https:\/\/www.letstalkcoach.com\/wp-content\/uploads\/2019\/03\/relationship4-you-and-the-earth.png\" alt=\"\" class=\"wp-image-5345 size-full\" srcset=\"https:\/\/www.letstalkcoach.com\/wp-content\/uploads\/2019\/03\/relationship4-you-and-the-earth.png 362w, https:\/\/www.letstalkcoach.com\/wp-content\/uploads\/2019\/03\/relationship4-you-and-the-earth-300x172.png 300w\" sizes=\"auto, (max-width: 362px) 100vw, 362px\" \/><\/figure><div class=\"wp-block-media-text__content\">\n<p>Ce s\u00e9minaire est d\u2019une dur\u00e9e de 2 jours et donn\u00e9 sur place seulement.<\/p>\n\n\n\n<p>La Terre essaie toujours de communiquer avec nous, mais l&rsquo;\u00e9coutons-nous vraiment ?<\/p>\n<\/div><\/div>\n\n\n\n<p>Ce s\u00e9minaire vous permettra d&rsquo;apporter des changements plus positifs dans votre vie en apprenant \u00e0 travailler avec la Terre. Comment mieux conna\u00eetre la Terre et apprendre \u00e0 communiquer avec elle et comprendre comment elle aussi communique avec vous.<\/p>\n\n\n\n<p>Ce s\u00e9minaire vous aidera \u00e9galement \u00e0 r\u00e9aliser qu&rsquo;il y a une \u00e9nergie qui va et vient entre nous. Cela va vous aider \u00e0 travailler avec la terre afin d&rsquo;apporter des changements qui doivent r\u00e9ellement \u00eatre fait maintenant.<\/p>\n\n\n\n<p><strong>Ce s\u00e9minaire est un pr\u00e9-requis pour DNA 4.<\/strong><\/p>\n\n\n\n<p><strong><strong>Pr\u00e9-requis<\/strong>&nbsp;:&nbsp;<a href=\"https:\/\/www.letstalkcoach.com\/fr\/ottawa-classes-thetahealing\/adn-base\/\">ThetaHealing\u00ae ADN de base<\/a>,&nbsp;<a href=\"https:\/\/www.letstalkcoach.com\/fr\/ottawa-classes-thetahealing\/adn-avance\/\">ThetaHealing\u00ae ADN avanc\u00e9<\/a>&nbsp;et&nbsp;&nbsp;<a href=\"https:\/\/www.letstalkcoach.com\/fr\/ottawa-classes-thetahealing\/approfondissement\/\">Travail d\u2019approfondissement<\/a><\/strong><\/p>\n\n\n\n<p>Pour obtenir plus d&rsquo;information, visiter <a href=\"http:\/\/www.thetahealing.com\">www.thetahealing.com<\/a><br>Ce s\u00e9minaire comprend un manuel et votre certification.<\/p>\n\n\n\n<hr class=\"wp-block-separator has-css-opacity is-style-wide\"\/>\n\n\n\n<p class=\"has-black-color has-text-color\">Le paiement complet doit \u00eatre effectu\u00e9 avant le d\u00e9but du s\u00e9minaire. Le paiement n&rsquo;est pas remboursable. Si vous ne vous presentez pas au s\u00e9minaire, vous pourrez appliquer votre paiement \u00e0 n&rsquo;importe quel autre de nos s\u00e9minaires ou services. <\/p>\n\n\n\n<p class=\"has-text-align-center has-small-font-size\" id=\"calendrier\"><strong> <strong>Pour vous inscrire s\u00e9lectionnez la premi\u00e8re date dans le calendrier ci-dessous et suivez les instructions<\/strong> <\/strong><\/p>\n\n\n\n<hr class=\"wp-block-separator has-css-opacity is-style-wide\"\/>\n\n\n\n<div class=\"tbk-frontend\" id=\"tbk-frontend-00bf\" data-view=\"upcoming\" data-services=\"s_N6ewe09B0PwdMpOqQ2JlNErYo1kv00td\" data-providers=\"11\" data-readonly=\"false\" data-loggedonly=\"false\" data-max-upcoming=\"0\" data-default-upcoming=\"4\" data-show-more-upcoming=\"false\"><div class=\"tbk-inner-content\"><\/div><\/div>\n\n\n\n<hr class=\"wp-block-separator has-css-opacity is-style-wide\"\/>\n","protected":false},"excerpt":{"rendered":"<p>Faire grandir vos relations 4: Vous et la Terre Veuillez vous inscrire&nbsp;ci-dessous&nbsp;ou consulter notre&nbsp;calendrier&nbsp;afin de voir la liste compl\u00e8te de nos s\u00e9minaires. Ce s\u00e9minaire est d\u2019une dur\u00e9e de 2 jours et donn\u00e9 sur place seulement. La Terre essaie toujours de communiquer avec nous, mais l&rsquo;\u00e9coutons-nous vraiment ? Ce s\u00e9minaire vous permettra d&rsquo;apporter des changements plus&#8230;<\/p>\n","protected":false},"author":3,"featured_media":0,"parent":2015,"menu_order":0,"comment_status":"closed","ping_status":"closed","template":"","meta":{"_seopress_robots_primary_cat":"","_seopress_titles_title":"","_seopress_titles_desc":"","_seopress_robots_index":"","_kad_blocks_custom_css":"","_kad_blocks_head_custom_js":"","_kad_blocks_body_custom_js":"","_kad_blocks_footer_custom_js":"","_kad_post_transparent":"disable","_kad_post_title":"hide","_kad_post_layout":"left","_kad_post_sidebar_id":"sidebar-secondary","_kad_post_content_style":"","_kad_post_vertical_padding":"","_kad_post_feature":"","_kad_post_feature_position":"","_kad_post_header":false,"_kad_post_footer":false,"_kad_post_classname":"","footnotes":""},"class_list":["post-7524","page","type-page","status-publish","hentry"],"taxonomy_info":[],"featured_image_src_large":false,"author_info":{"display_name":"Lets Talk Coaches","author_link":"https:\/\/www.letstalkcoach.com\/fr\/author\/lets-talk-coaches\/"},"comment_info":0,"_links":{"self":[{"href":"https:\/\/www.letstalkcoach.com\/fr\/wp-json\/wp\/v2\/pages\/7524","targetHints":{"allow":["GET"]}}],"collection":[{"href":"https:\/\/www.letstalkcoach.com\/fr\/wp-json\/wp\/v2\/pages"}],"about":[{"href":"https:\/\/www.letstalkcoach.com\/fr\/wp-json\/wp\/v2\/types\/page"}],"author":[{"embeddable":true,"href":"https:\/\/www.letstalkcoach.com\/fr\/wp-json\/wp\/v2\/users\/3"}],"replies":[{"embeddable":true,"href":"https:\/\/www.letstalkcoach.com\/fr\/wp-json\/wp\/v2\/comments?post=7524"}],"version-history":[{"count":8,"href":"https:\/\/www.letstalkcoach.com\/fr\/wp-json\/wp\/v2\/pages\/7524\/revisions"}],"predecessor-version":[{"id":8409,"href":"https:\/\/www.letstalkcoach.com\/fr\/wp-json\/wp\/v2\/pages\/7524\/revisions\/8409"}],"up":[{"embeddable":true,"href":"https:\/\/www.letstalkcoach.com\/fr\/wp-json\/wp\/v2\/pages\/2015"}],"wp:attachment":[{"href":"https:\/\/www.letstalkcoach.com\/fr\/wp-json\/wp\/v2\/media?parent=7524"}],"curies":[{"name":"wp","href":"https:\/\/api.w.org\/{rel}","templated":true}]}}