{"id":8454,"date":"2023-09-14T15:29:25","date_gmt":"2023-09-14T19:29:25","guid":{"rendered":"https:\/\/www.letstalkcoach.com\/?page_id=8454"},"modified":"2023-09-18T13:36:55","modified_gmt":"2023-09-18T17:36:55","slug":"ltcd","status":"publish","type":"page","link":"https:\/\/www.letstalkcoach.com\/fr\/ltcd\/","title":{"rendered":"Lib\u00e9ration au travers de la Conscience Divine"},"content":{"rendered":"\n<h1 class=\"wp-block-heading has-text-align-center has-theme-palette-1-color has-text-color\">Lib\u00e9ration au travers de la Conscience Divine<\/h1>\n\n\n\n<p class=\"has-theme-palette-1-color has-text-color\">Lors de ce s\u00e9minaire vous apprendrez \u00e0 vous connecter \u00e0 la Conscience Divine afin de percevoir les \u00e9motions n\u00e9gatives, les blocages \u00e9nerg\u00e9tiques ainsi que les croyances qui vous emp\u00eachent d\u2019avancer dans votre vie avec gr\u00e2ce et aisance.<\/p>\n\n\n\n<p class=\"has-theme-palette-1-color has-text-color\">Vous d\u00e9couvrirez les 4 niveaux sur lesquels vous travaillerez pour lib\u00e9rer ces \u00e9nergies bloqu\u00e9es&nbsp;:<\/p>\n\n\n\n<ol class=\"wp-block-list\" type=\"1\" start=\"1\">\n<li><strong>Vie pr\u00e9sente<\/strong> \u2013 <em>ce qui se passe dans votre vie pr\u00e9sente<\/em>.<\/li>\n\n\n\n<li><strong>Lign\u00e9es familiales<\/strong> \u2013 <em>ce qui a \u00e9t\u00e9 retransmis dans vos g\u00eanes<\/em>.<\/li>\n\n\n\n<li><strong>Autres vies<\/strong> \u2013 <em>les exp\u00e9riences que vous avez eues lors d\u2019autres vies<\/em>.<\/li>\n\n\n\n<li><strong>\u00c2me<\/strong> \u2013 <em>les exp\u00e9riences que votre \u00e2me a v\u00e9cues depuis le d\u00e9but de son existence<\/em>.<\/li>\n<\/ol>\n\n\n\n<p class=\"has-theme-palette-1-color has-text-color\">Ce processus vous aidera \u00e0 transformer votre vie et \u00e0 vous lib\u00e9rer instantan\u00e9ment des probl\u00e8mes qui vous emp\u00eachent d\u2019obtenir la vie et la sant\u00e9 que vous d\u00e9sirez.<\/p>\n\n\n\n<p class=\"has-theme-palette-1-color has-text-color\">La Conscience Divine est l\u2019endroit id\u00e9al pour trouver la r\u00e9ponse \u00e0 vos d\u00e9sirs.<\/p>\n\n\n\n<p class=\"has-theme-palette-1-color has-text-color\">Joignez-vous \u00e0 nous et retrouvez la paix dans votre vie.<\/p>\n\n\n\n<p class=\"has-text-align-center\"><strong>S\u00e9lectionner la premi\u00e8re date pour vous enregistrez<\/strong><\/p>\n\n\n\n<div class=\"tbk-frontend\" id=\"tbk-frontend-b0ca\" data-view=\"upcoming\" data-services=\"tr-pt-origine\" data-providers=\"11\" data-readonly=\"false\" data-loggedonly=\"false\" data-max-upcoming=\"0\" data-default-upcoming=\"4\" data-show-more-upcoming=\"false\"><div class=\"tbk-inner-content\"><\/div><\/div>\n","protected":false},"excerpt":{"rendered":"<p>Lib\u00e9ration au travers de la Conscience Divine Lors de ce s\u00e9minaire vous apprendrez \u00e0 vous connecter \u00e0 la Conscience Divine afin de percevoir les \u00e9motions n\u00e9gatives, les blocages \u00e9nerg\u00e9tiques ainsi que les croyances qui vous emp\u00eachent d\u2019avancer dans votre vie avec gr\u00e2ce et aisance. Vous d\u00e9couvrirez les 4 niveaux sur lesquels vous travaillerez pour lib\u00e9rer&#8230;<\/p>\n","protected":false},"author":3,"featured_media":0,"parent":0,"menu_order":0,"comment_status":"closed","ping_status":"closed","template":"","meta":{"_seopress_robots_primary_cat":"","_seopress_titles_title":"","_seopress_titles_desc":"","_seopress_robots_index":"","_kad_blocks_custom_css":"","_kad_blocks_head_custom_js":"","_kad_blocks_body_custom_js":"","_kad_blocks_footer_custom_js":"","_kad_post_transparent":"disable","_kad_post_title":"hide","_kad_post_layout":"narrow","_kad_post_sidebar_id":"","_kad_post_content_style":"","_kad_post_vertical_padding":"","_kad_post_feature":"","_kad_post_feature_position":"","_kad_post_header":false,"_kad_post_footer":false,"_kad_post_classname":"","footnotes":""},"class_list":["post-8454","page","type-page","status-publish","hentry"],"taxonomy_info":[],"featured_image_src_large":false,"author_info":{"display_name":"Lets Talk Coaches","author_link":"https:\/\/www.letstalkcoach.com\/fr\/author\/lets-talk-coaches\/"},"comment_info":0,"_links":{"self":[{"href":"https:\/\/www.letstalkcoach.com\/fr\/wp-json\/wp\/v2\/pages\/8454","targetHints":{"allow":["GET"]}}],"collection":[{"href":"https:\/\/www.letstalkcoach.com\/fr\/wp-json\/wp\/v2\/pages"}],"about":[{"href":"https:\/\/www.letstalkcoach.com\/fr\/wp-json\/wp\/v2\/types\/page"}],"author":[{"embeddable":true,"href":"https:\/\/www.letstalkcoach.com\/fr\/wp-json\/wp\/v2\/users\/3"}],"replies":[{"embeddable":true,"href":"https:\/\/www.letstalkcoach.com\/fr\/wp-json\/wp\/v2\/comments?post=8454"}],"version-history":[{"count":5,"href":"https:\/\/www.letstalkcoach.com\/fr\/wp-json\/wp\/v2\/pages\/8454\/revisions"}],"predecessor-version":[{"id":8471,"href":"https:\/\/www.letstalkcoach.com\/fr\/wp-json\/wp\/v2\/pages\/8454\/revisions\/8471"}],"wp:attachment":[{"href":"https:\/\/www.letstalkcoach.com\/fr\/wp-json\/wp\/v2\/media?parent=8454"}],"curies":[{"name":"wp","href":"https:\/\/api.w.org\/{rel}","templated":true}]}}